{"id":101,"date":"2019-01-23T07:52:14","date_gmt":"2019-01-23T07:52:14","guid":{"rendered":"https:\/\/syv.undefiniert.ch\/?page_id=101"},"modified":"2025-08-21T10:11:46","modified_gmt":"2025-08-21T08:11:46","slug":"andere-organisationen","status":"publish","type":"page","link":"https:\/\/syv.ch\/de\/links\/andere-organisationen\/","title":{"rendered":"Andere Organisationen"},"content":{"rendered":"\n<h3 class=\"wp-block-heading\">Andere Organisationen<\/h3>\n\n\n\n<hr class=\"wp-block-separator has-alpha-channel-opacity\"\/>\n\n\n\n<div style=\"height:10px\" aria-hidden=\"true\" class=\"wp-block-spacer\"><\/div>\n\n\n\n<p><a href=\"https:\/\/www.zvsnr.ch\">www.zvsnr.ch<\/a> &#8211; Z\u00fcchterverband f\u00fcr seltene Nutztierrassen<\/p>\n\n\n\n<p><a href=\"http:\/\/www.iyak.org\">www.iyak.org<\/a> &#8211; IYAK &#8211; International Yak Association. US-amerikanischer Verein mit dem Ziel, den Yakbestand in den USA zu erhalten, zu f\u00f6rdern und zu sch\u00fctzen.<\/p>\n\n\n\n<p><a href=\"http:\/\/www.usyaks.org\">www.usyaks.org<\/a> &#8211; USYAKS &#8211; Zusammenschluss von Yakz\u00fcchtern aus den USA mit dem Ziel, die Vorteile von Yaks bekanntzumachen, die Diversit\u00e4t und Reinrassigkeit der Yaks in den USA zu bewahren und sich in  Yakhaltung und  Tierwohl weiterzuentwickeln.<\/p>\n\n\n\n<p><a href=\"http:\/\/www.icimod.org\">www.icimod.org<\/a>\n&#8211; Internationales Institut f\u00fcr Integrierte Berg-Entwicklung<\/p>\n\n\n\n<p><a href=\"https:\/\/nrcy.icar.gov.in\/\">nrcy.icar.gov.in<\/a> \u2013 Nationales Yak-Forschungsinstitut in Indien<\/p>\n\n\n\n<p><a href=\"http:\/\/www.mongolei-werkstatt.org\">www.mongolei-werkstatt.org<\/a> &#8211; Produkte aus mongolischer Kamel- und Yakwolle <\/p>\n","protected":false},"excerpt":{"rendered":"<p>Andere Organisationen www.zvsnr.ch &#8211; Z\u00fcchterverband f\u00fcr seltene Nutztierrassen www.iyak.org &#8211; IYAK &#8211; International Yak Association. US-amerikanischer Verein mit dem Ziel, den Yakbestand in den USA zu erhalten, zu f\u00f6rdern und zu sch\u00fctzen. www.usyaks.org &#8211; USYAKS &#8211; Zusammenschluss von Yakz\u00fcchtern aus den USA mit dem Ziel, die Vorteile von Yaks bekanntzumachen, die Diversit\u00e4t und Reinrassigkeit der [&hellip;]<\/p>\n","protected":false},"author":1,"featured_media":0,"parent":36,"menu_order":0,"comment_status":"closed","ping_status":"closed","template":"","meta":{"footnotes":""},"class_list":["post-101","page","type-page","status-publish","hentry"],"_links":{"self":[{"href":"https:\/\/syv.ch\/de\/wp-json\/wp\/v2\/pages\/101","targetHints":{"allow":["GET"]}}],"collection":[{"href":"https:\/\/syv.ch\/de\/wp-json\/wp\/v2\/pages"}],"about":[{"href":"https:\/\/syv.ch\/de\/wp-json\/wp\/v2\/types\/page"}],"author":[{"embeddable":true,"href":"https:\/\/syv.ch\/de\/wp-json\/wp\/v2\/users\/1"}],"replies":[{"embeddable":true,"href":"https:\/\/syv.ch\/de\/wp-json\/wp\/v2\/comments?post=101"}],"version-history":[{"count":8,"href":"https:\/\/syv.ch\/de\/wp-json\/wp\/v2\/pages\/101\/revisions"}],"predecessor-version":[{"id":19496,"href":"https:\/\/syv.ch\/de\/wp-json\/wp\/v2\/pages\/101\/revisions\/19496"}],"up":[{"embeddable":true,"href":"https:\/\/syv.ch\/de\/wp-json\/wp\/v2\/pages\/36"}],"wp:attachment":[{"href":"https:\/\/syv.ch\/de\/wp-json\/wp\/v2\/media?parent=101"}],"curies":[{"name":"wp","href":"https:\/\/api.w.org\/{rel}","templated":true}]}}