{"id":103,"date":"2019-01-23T07:52:53","date_gmt":"2019-01-23T07:52:53","guid":{"rendered":"https:\/\/syv.undefiniert.ch\/?page_id=103"},"modified":"2025-07-28T09:11:14","modified_gmt":"2025-07-28T07:11:14","slug":"buecher","status":"publish","type":"page","link":"https:\/\/syv.ch\/de\/medien\/buecher\/","title":{"rendered":"B\u00fccher"},"content":{"rendered":"\n<h3 class=\"wp-block-heading has-text-align-center\">B\u00fccher<\/h3>\n\n\n\n<hr class=\"wp-block-separator has-alpha-channel-opacity\"\/>\n\n\n\n<div style=\"height:20px\" aria-hidden=\"true\" class=\"wp-block-spacer\"><\/div>\n\n\n\n<div class=\"wp-block-columns is-layout-flex wp-container-core-columns-is-layout-9d6595d7 wp-block-columns-is-layout-flex\">\n<div class=\"wp-block-column is-layout-flow wp-block-column-is-layout-flow\"><div class=\"wp-block-image\">\n<figure class=\"alignright size-full\"><img decoding=\"async\" width=\"520\" height=\"375\" src=\"https:\/\/syv.ch\/wp-content\/uploads\/2019\/02\/yakbuch_rosula-2.jpg\" alt=\"\" class=\"wp-image-799\" srcset=\"https:\/\/syv.ch\/wp-content\/uploads\/2019\/02\/yakbuch_rosula-2.jpg 520w, https:\/\/syv.ch\/wp-content\/uploads\/2019\/02\/yakbuch_rosula-2-300x216.jpg 300w, https:\/\/syv.ch\/wp-content\/uploads\/2019\/02\/yakbuch_rosula-2-100x72.jpg 100w, https:\/\/syv.ch\/wp-content\/uploads\/2019\/02\/yakbuch_rosula-2-139x100.jpg 139w\" sizes=\"(max-width: 520px) 100vw, 520px\" \/><\/figure>\n<\/div><\/div>\n\n\n\n<div class=\"wp-block-column is-layout-flow wp-block-column-is-layout-flow\">\n<h2 class=\"wp-block-heading\">Blanc Rosula (2012). Avec trois yaks vers la mer.<\/h2>\n\n\n\n<p>Edition Favre<\/p>\n\n\n\n<p>Bestellbar bei:&nbsp;<a href=\"mailto:rosula@bluewin.ch\">rosula@bluewin.ch<\/a><br>sFr. 34.- zzgl. Versandkosten<\/p>\n\n\n\n<p>\u201eDeux femmes, trois yaks \u2013 partis des Alpes suisses \u00e0 pied pour rejoindre la mer\u2026 Huit semaines de marche, 600km, un glacier et 36 cols pour relier Evol\u00e8ne \u00e0 Menton. Rosula Blanc nous raconte l\u2019histoire de cette premi\u00e8re caravane de yaks qui a relev\u00e9 le d\u00e9fi de traverser les Alpes en automne 2011. Elle \u00e9voque les moments forts du voyage, les peines et les joies partag\u00e9es avec les animaux, les rencontres le long du chemin. Durant tout le p\u00e9riple, elle observe avec beaucoup de finesse le comportement des yaks. Elle cherche \u00e0 comprendre leur fa\u00e7on de travailler: observation in\u00e9dite qui lui permet de nous livrer, dans cet ouvrage, tant les liens myst\u00e9rieux tiss\u00e9s avec ces animaux que certaines consid\u00e9rations pratiques pour le travail avec de tel compagnons.\u201c<\/p>\n\n\n\n<div class=\"wp-block-buttons is-layout-flex wp-block-buttons-is-layout-flex\">\n<div class=\"wp-block-button\"><a class=\"wp-block-button__link has-black-color has-white-background-color has-text-color has-background has-link-color has-small-font-size has-custom-font-size wp-element-button\" href=\"https:\/\/www.blurb.fr\/b\/6801230-avec-trois-yaks-vers-la-mer\" style=\"border-radius:8px\">Bestellen (deutsch)<\/a><\/div>\n\n\n\n<div class=\"wp-block-button\"><a class=\"wp-block-button__link has-black-color has-white-background-color has-text-color has-background has-link-color has-small-font-size has-custom-font-size wp-element-button\" href=\"https:\/\/www.blurb.fr\/b\/6801230-avec-trois-yaks-vers-la-mer\" style=\"border-radius:8px\">Bestellen (franz\u00f6sisch)<\/a><\/div>\n<\/div>\n\n\n\n<div style=\"height:10px\" aria-hidden=\"true\" class=\"wp-block-spacer\"><\/div>\n<\/div>\n<\/div>\n\n\n\n<div class=\"wp-block-columns is-layout-flex wp-container-core-columns-is-layout-9d6595d7 wp-block-columns-is-layout-flex\">\n<div class=\"wp-block-column is-layout-flow wp-block-column-is-layout-flow\"><div class=\"wp-block-image\">\n<figure class=\"alignright size-full is-resized\"><img decoding=\"async\" width=\"179\" height=\"250\" src=\"https:\/\/syv.ch\/wp-content\/uploads\/2019\/02\/fao_yak.jpg\" alt=\"\" class=\"wp-image-805\" style=\"width:200px\" srcset=\"https:\/\/syv.ch\/wp-content\/uploads\/2019\/02\/fao_yak.jpg 179w, https:\/\/syv.ch\/wp-content\/uploads\/2019\/02\/fao_yak-100x140.jpg 100w, https:\/\/syv.ch\/wp-content\/uploads\/2019\/02\/fao_yak-72x100.jpg 72w\" sizes=\"(max-width: 179px) 100vw, 179px\" \/><\/figure>\n<\/div><\/div>\n\n\n\n<div class=\"wp-block-column is-layout-flow wp-block-column-is-layout-flow\">\n<h2 class=\"wp-block-heading\">FAO, The Yak. 2nd Edition, 2003<\/h2>\n\n\n\n<p>\u00dcber das Internet zug\u00e4ngliches Standardwerk \u00fcber Yaks von der Food and Agriculture Organization der UN.<br><a href=\"http:\/\/www.fao.org\/3\/ad347e\/ad347e00.htm\">http:\/\/www.fao.org\/3\/ad347e\/ad347e00.htm<\/a><\/p>\n<\/div>\n<\/div>\n\n\n\n<div class=\"wp-block-columns is-layout-flex wp-container-core-columns-is-layout-9d6595d7 wp-block-columns-is-layout-flex\">\n<div class=\"wp-block-column is-layout-flow wp-block-column-is-layout-flow\"><div class=\"wp-block-image\">\n<figure class=\"alignright size-full is-resized\"><img decoding=\"async\" width=\"482\" height=\"680\" src=\"https:\/\/syv.ch\/wp-content\/uploads\/2019\/02\/ICIMOD-Yak-2016-1.jpg\" alt=\"\" class=\"wp-image-807\" style=\"width:200px\" srcset=\"https:\/\/syv.ch\/wp-content\/uploads\/2019\/02\/ICIMOD-Yak-2016-1.jpg 482w, https:\/\/syv.ch\/wp-content\/uploads\/2019\/02\/ICIMOD-Yak-2016-213x300.png 213w, https:\/\/syv.ch\/wp-content\/uploads\/2019\/02\/ICIMOD-Yak-2016-100x141.png 100w, https:\/\/syv.ch\/wp-content\/uploads\/2019\/02\/ICIMOD-Yak-2016-71x100.png 71w, https:\/\/syv.ch\/wp-content\/uploads\/2019\/02\/ICIMOD-Yak-2016-454x640.png 454w\" sizes=\"(max-width: 482px) 100vw, 482px\" \/><\/figure>\n<\/div><\/div>\n\n\n\n<div class=\"wp-block-column is-layout-flow wp-block-column-is-layout-flow\">\n<h2 class=\"wp-block-heading\">Yak on the move. Hrsg. von W. Ning, Y. Shaoliang, S. Joshi, N. Bisht. ICIMOD, Nepal, 2016<\/h2>\n\n\n\n<p>Herausforderungen und M\u00f6glichkeiten der Yakzucht in der sich ver\u00e4ndernden Hindu-Kush-Region.<br>ISBN 978 92 9115 373 2<br>Online einsehbar unter&nbsp;<a href=\"http:\/\/lib.icimod.org\/record\/31938\">http:\/\/lib.icimod.org\/record\/31938<\/a><\/p>\n<\/div>\n<\/div>\n\n\n\n<div class=\"wp-block-columns is-layout-flex wp-container-core-columns-is-layout-9d6595d7 wp-block-columns-is-layout-flex\">\n<div class=\"wp-block-column is-layout-flow wp-block-column-is-layout-flow\"><div class=\"wp-block-image\">\n<figure class=\"alignright size-full\"><img decoding=\"async\" width=\"927\" height=\"659\" src=\"https:\/\/syv.ch\/wp-content\/uploads\/2019\/02\/yaks_of_baltistan.jpg\" alt=\"\" class=\"wp-image-811\" style=\"object-fit:cover\" srcset=\"https:\/\/syv.ch\/wp-content\/uploads\/2019\/02\/yaks_of_baltistan.jpg 927w, https:\/\/syv.ch\/wp-content\/uploads\/2019\/02\/yaks_of_baltistan-300x213.jpg 300w, https:\/\/syv.ch\/wp-content\/uploads\/2019\/02\/yaks_of_baltistan-768x546.jpg 768w, https:\/\/syv.ch\/wp-content\/uploads\/2019\/02\/yaks_of_baltistan-100x71.jpg 100w, https:\/\/syv.ch\/wp-content\/uploads\/2019\/02\/yaks_of_baltistan-141x100.jpg 141w, https:\/\/syv.ch\/wp-content\/uploads\/2019\/02\/yaks_of_baltistan-900x640.jpg 900w\" sizes=\"(max-width: 927px) 100vw, 927px\" \/><\/figure>\n<\/div><\/div>\n\n\n\n<div class=\"wp-block-column is-layout-flow wp-block-column-is-layout-flow\">\n<h2 class=\"wp-block-heading\"><br><strong>S. Ali. Yak \u2013 The Cryophilic Species of Baltistan. Ferozsons Ltd., 2015<\/strong><\/h2>\n\n\n\n<p>\u00dcber die Yakhaltung und dazugeh\u00f6rige kulturelle Br\u00e4uche und Geschichten in Baltistan, Nordpakistan.<br>ISBN 978 969 0 02516 6<br>Bestellbar beim Autor \u00fcber Facebook oder&nbsp;<a href=\"https:\/\/yaktoenpa.blogspot.com\/\">https:\/\/yakofbaltistan.blogspot.com\/<\/a><\/p>\n<\/div>\n<\/div>\n\n\n\n<div class=\"wp-block-columns is-layout-flex wp-container-core-columns-is-layout-9d6595d7 wp-block-columns-is-layout-flex\">\n<div class=\"wp-block-column is-layout-flow wp-block-column-is-layout-flow\"><div class=\"wp-block-image\">\n<figure class=\"alignright size-full is-resized\"><img decoding=\"async\" width=\"283\" height=\"419\" src=\"https:\/\/syv.ch\/wp-content\/uploads\/2019\/02\/yak_in_zentralasien.jpg\" alt=\"\" class=\"wp-image-820\" style=\"width:200px\" srcset=\"https:\/\/syv.ch\/wp-content\/uploads\/2019\/02\/yak_in_zentralasien.jpg 283w, https:\/\/syv.ch\/wp-content\/uploads\/2019\/02\/yak_in_zentralasien-203x300.jpg 203w, https:\/\/syv.ch\/wp-content\/uploads\/2019\/02\/yak_in_zentralasien-100x148.jpg 100w, https:\/\/syv.ch\/wp-content\/uploads\/2019\/02\/yak_in_zentralasien-68x100.jpg 68w\" sizes=\"(max-width: 283px) 100vw, 283px\" \/><\/figure>\n<\/div><\/div>\n\n\n\n<div class=\"wp-block-column is-layout-flow wp-block-column-is-layout-flow\">\n<h2 class=\"wp-block-heading\"><br><strong>Der Yak (bos grunniens) in Zentralasien<\/strong><\/h2>\n\n\n\n<p>Hrsg. von J. Lentsch, P. Schley, R.-C. Chang. Duncker &amp; Humblot, Berlin. 1996.<br>Umfassendes deutschsprachiges Buch \u00fcber die Naturgeschichte, Physiologie, Fortpflanzung, Z\u00fcchtung, Ern\u00e4hrung, Nutzleistung und Krankheiten des Yaks.<br>ISBN 3-428-08443-8<br>Vergriffen, antiquarisch erh\u00e4ltlich \u00fcber einschl\u00e4gige Online-Buchh\u00e4ndler<\/p>\n<\/div>\n<\/div>\n\n\n\n<div class=\"wp-block-columns is-layout-flex wp-container-core-columns-is-layout-9d6595d7 wp-block-columns-is-layout-flex\">\n<div class=\"wp-block-column is-layout-flow wp-block-column-is-layout-flow\"><div class=\"wp-block-image\">\n<figure class=\"alignright size-full is-resized\"><img decoding=\"async\" width=\"194\" height=\"278\" src=\"https:\/\/syv.ch\/wp-content\/uploads\/2019\/02\/yak_husbandry-1.jpg\" alt=\"\" class=\"wp-image-818\" style=\"width:200px\" srcset=\"https:\/\/syv.ch\/wp-content\/uploads\/2019\/02\/yak_husbandry-1.jpg 194w, https:\/\/syv.ch\/wp-content\/uploads\/2019\/02\/yak_husbandry-1-100x143.jpg 100w, https:\/\/syv.ch\/wp-content\/uploads\/2019\/02\/yak_husbandry-1-70x100.jpg 70w\" sizes=\"(max-width: 194px) 100vw, 194px\" \/><\/figure>\n<\/div><\/div>\n\n\n\n<div class=\"wp-block-column is-layout-flow wp-block-column-is-layout-flow\">\n<h2 class=\"wp-block-heading\"><br><strong>Yak Husbandry. Herausg. von G. Mondal, B. Roy, B. Brahma. SSPH, 2012<\/strong><\/h2>\n\n\n\n<p>Indisches Buch \u00fcber Yakzucht, das Angaben \u00fcber Ursprung, Reproduktion, Ern\u00e4hrung, Verhalten, Krankheiten und Herden-Management enth\u00e4lt.<br>ISBN 978 93 81226 27 8<br>Bestellbar \u00fcber einschl\u00e4gige Online-Buchh\u00e4ndler<\/p>\n<\/div>\n<\/div>\n","protected":false},"excerpt":{"rendered":"<p>B\u00fccher Blanc Rosula (2012). Avec trois yaks vers la mer. Edition Favre Bestellbar bei:&nbsp;rosula@bluewin.chsFr. 34.- zzgl. Versandkosten \u201eDeux femmes, trois yaks \u2013 partis des Alpes suisses \u00e0 pied pour rejoindre la mer\u2026 Huit semaines de marche, 600km, un glacier et 36 cols pour relier Evol\u00e8ne \u00e0 Menton. Rosula Blanc nous raconte l\u2019histoire de cette premi\u00e8re [&hellip;]<\/p>\n","protected":false},"author":1,"featured_media":0,"parent":38,"menu_order":0,"comment_status":"closed","ping_status":"closed","template":"","meta":{"footnotes":""},"class_list":["post-103","page","type-page","status-publish","hentry"],"_links":{"self":[{"href":"https:\/\/syv.ch\/de\/wp-json\/wp\/v2\/pages\/103","targetHints":{"allow":["GET"]}}],"collection":[{"href":"https:\/\/syv.ch\/de\/wp-json\/wp\/v2\/pages"}],"about":[{"href":"https:\/\/syv.ch\/de\/wp-json\/wp\/v2\/types\/page"}],"author":[{"embeddable":true,"href":"https:\/\/syv.ch\/de\/wp-json\/wp\/v2\/users\/1"}],"replies":[{"embeddable":true,"href":"https:\/\/syv.ch\/de\/wp-json\/wp\/v2\/comments?post=103"}],"version-history":[{"count":11,"href":"https:\/\/syv.ch\/de\/wp-json\/wp\/v2\/pages\/103\/revisions"}],"predecessor-version":[{"id":18807,"href":"https:\/\/syv.ch\/de\/wp-json\/wp\/v2\/pages\/103\/revisions\/18807"}],"up":[{"embeddable":true,"href":"https:\/\/syv.ch\/de\/wp-json\/wp\/v2\/pages\/38"}],"wp:attachment":[{"href":"https:\/\/syv.ch\/de\/wp-json\/wp\/v2\/media?parent=103"}],"curies":[{"name":"wp","href":"https:\/\/api.w.org\/{rel}","templated":true}]}}