{"id":106,"date":"2019-01-23T07:53:36","date_gmt":"2019-01-23T07:53:36","guid":{"rendered":"https:\/\/syv.undefiniert.ch\/?page_id=106"},"modified":"2025-08-20T15:56:29","modified_gmt":"2025-08-20T13:56:29","slug":"film-und-fernsehen","status":"publish","type":"page","link":"https:\/\/syv.ch\/de\/medien\/film-und-fernsehen\/","title":{"rendered":"Film und Fernsehen"},"content":{"rendered":"\n<h3 class=\"wp-block-heading\">Film und Fernsehen<\/h3>\n\n\n\n<hr class=\"wp-block-separator has-alpha-channel-opacity\"\/>\n\n\n\n<div style=\"height:10px\" aria-hidden=\"true\" class=\"wp-block-spacer\"><\/div>\n\n\n\n<p>Sendung auf R\u00e4toromanisch \u00fcber die exotische Tiere, darunter auch Yaks,<strong> <\/strong>in<strong> Graub\u00fcnden<\/strong>: <a href=\"https:\/\/www.rtr.ch\/play\/tv\/cuntrasts\/video\/noss-exots?urn=urn:rtr:video:ddac9f30-c77d-43cb-94c8-027855f8f2d5\"><strong>Cuntrasts &#8211; Noss exots.<\/strong><\/a><\/p>\n\n\n\n<p><strong>Muh! Die Geschichte des Hornviehs &#8211; Der Yak erobert das Hochland.<\/strong> Dokumentation auf Arte \u00fcber den Yak in Asien und in der Schweiz mit Rosula Blanc &#8211;<a href=\"https:\/\/www.arte.tv\/de\/videos\/086098-004-A\/muh-die-geschichte-des-hornviehs-4-4\/\" data-type=\"link\" data-id=\"https:\/\/www.arte.tv\/de\/videos\/086098-004-A\/muh-die-geschichte-des-hornviehs-4-4\/\">https:\/\/www.arte.tv\/de\/videos\/086098-004-A\/muh-die-geschichte-des-hornviehs-4-4\/<\/a><\/p>\n\n\n\n<p><strong>Reportage \u00fcber Yakfleisch<\/strong> &#8211; <a href=\"https:\/\/youtu.be\/gRlxgUn-eXI\">Foodtrend Fleisch<\/a><\/p>\n\n\n\n<p><strong>Film: Yak &#8211; Ship of Mountains, Indian Council of Agricultural Research.<\/strong><br><a href=\"https:\/\/www.youtube.com\/watch?v=pW4NAKkIiHA\">https:\/\/www.youtube.com\/watch?v=pW4NAKkIiHA<\/a><\/p>\n\n\n\n<p><strong>Film: Grazing on the borders: The yak herders of North Sikkim<\/strong><br><a href=\"https:\/\/www.youtube.com\/watch?v=g3gL3AZhHbQ\">https:\/\/www.youtube.com\/watch?v=g3gL3AZhHbQ<\/a><\/p>\n\n\n\n<p><strong>Film: WWF Nepal: The last yak herders of Dhe <\/strong><br><a href=\"https:\/\/www.youtube.com\/watch?v=7W4M10EipA4\">https:\/\/www.youtube.com\/watch?v=7W4M10EipA4<\/a> Part 1<br><a href=\"https:\/\/www.youtube.com\/watch?v=gwfU3GfdpGI\">https:\/\/www.youtube.com\/watch?v=gwfU3GfdpGI<\/a> Part 2<\/p>\n\n\n\n<p><strong>Film: Ministry of Agriculture and Forests, Buthan. Life of Buthanese Yak herders<\/strong><br><a href=\"https:\/\/www.youtube.com\/watch?v=RMYVdO1jHVU\">https:\/\/www.youtube.com\/watch?v=RMYVdO1jHVU<\/a><\/p>\n\n\n\n<p><strong>F\u00fcr Kinder: P\u00e4tagei, 14.02.2016, 19:53 Uhr<\/strong><br>P\u00e4tagei bei den Yaks im Zoo Z\u00fcrich <br><a href=\"https:\/\/www.srf.ch\/play\/tv\/paetagei\/video\/der-yak-19?id=0aaea3c1-8262-4517-9cf0-61a427453bb8\">https:\/\/www.srf.ch\/play\/tv\/paetagei\/video\/der-yak-19?id=0aaea3c1-8262-4517-9cf0-61a427453bb8<\/a><\/p>\n\n\n\n<p><strong>Film: Die Salzm\u00e4nner von Tibet, Ulrike Koch, 1996.<\/strong><br><a href=\"https:\/\/absolutmedien.de\/film\/752\/Die+Salzmaenner+von+Tibet\">https:\/\/absolutmedien.de\/film\/752\/Die+Salzmaenner+von+Tibet<\/a><\/p>\n\n\n\n<p><\/p>\n","protected":false},"excerpt":{"rendered":"<p>Film und Fernsehen Sendung auf R\u00e4toromanisch \u00fcber die exotische Tiere, darunter auch Yaks, in Graub\u00fcnden: Cuntrasts &#8211; Noss exots. Muh! Die Geschichte des Hornviehs &#8211; Der Yak erobert das Hochland. Dokumentation auf Arte \u00fcber den Yak in Asien und in der Schweiz mit Rosula Blanc &#8211;https:\/\/www.arte.tv\/de\/videos\/086098-004-A\/muh-die-geschichte-des-hornviehs-4-4\/ Reportage \u00fcber Yakfleisch &#8211; Foodtrend Fleisch Film: Yak &#8211; [&hellip;]<\/p>\n","protected":false},"author":1,"featured_media":0,"parent":38,"menu_order":0,"comment_status":"closed","ping_status":"closed","template":"","meta":{"footnotes":""},"class_list":["post-106","page","type-page","status-publish","hentry"],"_links":{"self":[{"href":"https:\/\/syv.ch\/de\/wp-json\/wp\/v2\/pages\/106","targetHints":{"allow":["GET"]}}],"collection":[{"href":"https:\/\/syv.ch\/de\/wp-json\/wp\/v2\/pages"}],"about":[{"href":"https:\/\/syv.ch\/de\/wp-json\/wp\/v2\/types\/page"}],"author":[{"embeddable":true,"href":"https:\/\/syv.ch\/de\/wp-json\/wp\/v2\/users\/1"}],"replies":[{"embeddable":true,"href":"https:\/\/syv.ch\/de\/wp-json\/wp\/v2\/comments?post=106"}],"version-history":[{"count":9,"href":"https:\/\/syv.ch\/de\/wp-json\/wp\/v2\/pages\/106\/revisions"}],"predecessor-version":[{"id":19350,"href":"https:\/\/syv.ch\/de\/wp-json\/wp\/v2\/pages\/106\/revisions\/19350"}],"up":[{"embeddable":true,"href":"https:\/\/syv.ch\/de\/wp-json\/wp\/v2\/pages\/38"}],"wp:attachment":[{"href":"https:\/\/syv.ch\/de\/wp-json\/wp\/v2\/media?parent=106"}],"curies":[{"name":"wp","href":"https:\/\/api.w.org\/{rel}","templated":true}]}}