{"id":24,"date":"2019-01-21T15:27:04","date_gmt":"2019-01-21T15:27:04","guid":{"rendered":"https:\/\/syv.undefiniert.ch\/?page_id=24"},"modified":"2026-04-18T18:09:28","modified_gmt":"2026-04-18T16:09:28","slug":"aktuelles","status":"publish","type":"page","link":"https:\/\/syv.ch\/de\/aktuelles\/","title":{"rendered":"Aktuelles"},"content":{"rendered":"\n<h3 class=\"wp-block-heading\">Aktuelles<\/h3>\n\n\n\n<hr class=\"wp-block-separator has-alpha-channel-opacity\"\/>\n\n\n\n<div style=\"height:20px\" aria-hidden=\"true\" class=\"wp-block-spacer\"><\/div>\n\n\n\n<h2 class=\"wp-block-heading has-medium-font-size\"><strong>Aktuelles <\/strong><\/h2>\n\n\n\n<p><strong>Agri Messe<\/strong> <strong>2026<\/strong><\/p>\n\n\n\n<p>Der Besuch auf der Agrimesse war ein voller Erfolg, der ausf\u00fchrliche Bericht finden Sie hier: <a href=\"https:\/\/syv.ch\/wp-content\/uploads\/2026\/04\/Agrimesse-Tuhn-2026-Familie-Heinz.pdf\">Agrimesse-Tuhn-2026-Familie-Heinz<\/a><\/p>\n\n\n\n<figure class=\"wp-block-image size-full\"><img decoding=\"async\" width=\"496\" height=\"448\" src=\"https:\/\/syv.ch\/wp-content\/uploads\/2026\/04\/image.png\" alt=\"\" class=\"wp-image-19859\" srcset=\"https:\/\/syv.ch\/wp-content\/uploads\/2026\/04\/image.png 496w, https:\/\/syv.ch\/wp-content\/uploads\/2026\/04\/image-300x271.png 300w\" sizes=\"(max-width: 496px) 100vw, 496px\" \/><\/figure>\n\n\n\n\n\n<p><strong>GV 2026<\/strong><br><br>Die 23. GV findet am 18.04.2026 in Olten statt! N\u00e4here Infos werden per Mitte M\u00e4rz bekommen<\/p>\n\n\n\n<p><strong>14.09.2025<\/strong> Das Yakhaltertreffen 2025 fand heuer auf der Alp Wildi Grimmi statt bei Peter Ernst statt, den ausf\u00fchrlichen Bericht findet Ihr hier: <a href=\"https:\/\/syv.ch\/wp-content\/uploads\/2026\/02\/Wildi-Grimmi-Yakhaltertreffen-25.pdf\" data-type=\"attachment\" data-id=\"19822\"><strong>Wildi Grimmi Yakhaltertreffen 25<\/strong><\/a><\/p>\n\n\n\n<p>15.10.2025. Am Mittwoch der Olma 2025 durften wir (Andreas und Malva Marty) mit unseren Yaks die Olma bereichern. F\u00fcr uns war es ein gelungener Anlass. Wir waren das erste Mal an einer Tierausstellung mit unseren Tieren, dass hiess nicht nur f\u00fcr die Tiere sondern auch f\u00fcr uns war es das erste Mal. Wir konnten spannende Gespr\u00e4che f\u00fchren mit Besuchern, wie auch mit anderen Z\u00fcchtern anderer Rassen. Unsere Tiere konnte gut mit dem Tumult umgehen. Zwei mal gab es zusammen mit den anderen Rassen Auslauf in der Arena. W\u00e4hrend wir dem Moderator Fragen beantworten, konnten sich unsere Tiere etwas die Beine vertreten und entspannen. <\/p>\n\n\n\n<div class=\"wp-block-stackable-image stk-block-image stk-block stk-111a0f6\" data-block-id=\"111a0f6\"><figure><span class=\"stk-img-wrapper stk-image--shape-stretch\"><img decoding=\"async\" class=\"stk-img wp-image-19828\" src=\"https:\/\/syv.ch\/wp-content\/uploads\/2026\/02\/WhatsApp-Image-2026-02-15-at-11.20.21.jpeg\" width=\"2000\" height=\"1500\" srcset=\"https:\/\/syv.ch\/wp-content\/uploads\/2026\/02\/WhatsApp-Image-2026-02-15-at-11.20.21.jpeg 2000w, https:\/\/syv.ch\/wp-content\/uploads\/2026\/02\/WhatsApp-Image-2026-02-15-at-11.20.21-300x225.jpeg 300w, https:\/\/syv.ch\/wp-content\/uploads\/2026\/02\/WhatsApp-Image-2026-02-15-at-11.20.21-1024x768.jpeg 1024w, https:\/\/syv.ch\/wp-content\/uploads\/2026\/02\/WhatsApp-Image-2026-02-15-at-11.20.21-768x576.jpeg 768w, https:\/\/syv.ch\/wp-content\/uploads\/2026\/02\/WhatsApp-Image-2026-02-15-at-11.20.21-1536x1152.jpeg 1536w\" sizes=\"(max-width: 2000px) 100vw, 2000px\" \/><\/span><\/figure><\/div>\n\n\n\n<p><strong><a href=\"https:\/\/www.paras.uzh.ch\/de\/research\/entomology\/research\/Zeckenprojekt-2025.html?fbclid=IwZXh0bgNhZW0CMTAAYnJpZBEwYk1oMlBmYm5Bbmh1ejRDTwEeHGb8HqZCjH9X6s1vULmEHjwHE6P2VL3nRGS96NO04gOsO3jvA6SVnCiyLtk_aem_MvMezUm9rHyyfL9I5MWXGQ\">Zeckenprojekt<\/a> der Universit\u00e4t Z\u00fcrich<\/strong>: Das Institut f\u00fcr Parasitologie der Universit\u00e4t Z\u00fcrich f\u00fchrt ein Projekt zur Erforschung durch Zecken \u00fcbertragener Krankheiten in der Schweiz durch &#8211; auch auf Nutztieren. Zecke in Gummir\u00f6hrchen sammeln, bis zum Versand bei -18 Grad gefrieren und versenden an &#8222;Universit\u00e4t Z\u00fcrich, Institut f\u00fcr Parasitologie, Silja Waser, Winterthurerstrasse 266a, 8057 Z\u00fcrich&#8220;.<br><\/p>\n\n\n\n<figure class=\"wp-block-image size-full is-resized\"><a href=\"https:\/\/www.paras.uzh.ch\/de\/research\/entomology\/research\/Zeckenprojekt-2025.html?fbclid=IwZXh0bgNhZW0CMTAAYnJpZBEwYk1oMlBmYm5Bbmh1ejRDTwEeHGb8HqZCjH9X6s1vULmEHjwHE6P2VL3nRGS96NO04gOsO3jvA6SVnCiyLtk_aem_MvMezUm9rHyyfL9I5MWXGQ\"><img decoding=\"async\" src=\"https:\/\/syv.ch\/wp-content\/uploads\/2025\/05\/image.jpg\" alt=\"\" class=\"wp-image-18583\" style=\"width:182px;height:auto\"\/><\/a><\/figure>\n\n\n\n<p><\/p>\n\n\n\n<h4 class=\"wp-block-heading\"><strong>Vergangenes<\/strong><\/h4>\n\n\n\n<p><strong><strong>12.04.2025<\/strong><\/strong> 22. GV des SYV, im Vereinslokal M\u00fclo, R\u00f6tzmattweg 12, Olten<\/p>\n\n\n\n<p><strong>24.1.2025<\/strong> <a href=\"https:\/\/syv.ch\/wp-content\/uploads\/2025\/03\/Experten-Tagung-Yak-2025-2.pdf\">Bericht <\/a>der SYV-Experten-Tagung in Sufers von Urs Heinz<\/p>\n\n\n\n<p><br><strong>22.9.2024<\/strong> Ab 11 Uhr fand das diesj\u00e4hrige <a href=\"http:\/\/syv.ch\/wp-content\/uploads\/2024\/08\/20240922_Yakhaltertreffen.pdf\">Yakhaltertreffen<\/a>, organisiert von Sepp Zgraggen und Roman Sch\u00f6n, in G\u00f6schenen statt: Hier der <a href=\"http:\/\/syv.ch\/wp-content\/uploads\/2024\/11\/Yakhaltertreffen-2024.pdf\"><strong>Bericht<\/strong><\/a>.<\/p>\n\n\n\n<p><img decoding=\"async\" class=\"wp-image-17872\" style=\"width: 150px;\" src=\"http:\/\/syv.ch\/wp-content\/uploads\/2024\/11\/20241111_Naulekh.jpg\" alt=\"\"><\/p>\n\n\n\n<p><strong>27.\/28.04.2024<\/strong>&nbsp;<strong><a href=\"http:\/\/syv.ch\/wp-content\/uploads\/2024\/05\/20240428_Agrischa.pdf\">Yaks und neue SYV-Yaktafeln bei der Agrischa<\/a><\/strong><\/p>\n\n\n\n<p> <img decoding=\"async\" width=\"150\" height=\"112\" class=\"wp-image-17872\" style=\"width: 150px;\" src=\"http:\/\/syv.ch\/wp-content\/uploads\/2024\/05\/20240524_Yaks_Agrischa.jpg\" alt=\"\" srcset=\"https:\/\/syv.ch\/wp-content\/uploads\/2024\/05\/20240524_Yaks_Agrischa.jpg 650w, https:\/\/syv.ch\/wp-content\/uploads\/2024\/05\/20240524_Yaks_Agrischa-300x225.jpg 300w, https:\/\/syv.ch\/wp-content\/uploads\/2024\/05\/20240524_Yaks_Agrischa-50x37.jpg 50w, https:\/\/syv.ch\/wp-content\/uploads\/2024\/05\/20240524_Yaks_Agrischa-67x50.jpg 67w, https:\/\/syv.ch\/wp-content\/uploads\/2024\/05\/20240524_Yaks_Agrischa-100x75.jpg 100w, https:\/\/syv.ch\/wp-content\/uploads\/2024\/05\/20240524_Yaks_Agrischa-134x100.jpg 134w, https:\/\/syv.ch\/wp-content\/uploads\/2024\/05\/20240524_Yaks_Agrischa-640x478.jpg 640w, https:\/\/syv.ch\/wp-content\/uploads\/2024\/05\/20240524_Yaks_Agrischa-1024x768.jpg 1024w\" sizes=\"(max-width: 150px) 100vw, 150px\" \/><\/p>\n\n\n\n<p><strong>20.04.2024 <a href=\"http:\/\/syv.ch\/wp-content\/uploads\/2024\/05\/Kurzbericht-GV-Webseite.pdf\" data-type=\"link\" data-id=\"http:\/\/syv.ch\/wp-content\/uploads\/2024\/05\/Kurzbericht-GV-Website.pdf\">Bericht zur 21. GV des SYV am 20.04.2024 in Olten<\/a><\/strong><\/p>\n\n\n\n<p><strong>12.11.2023 <a href=\"http:\/\/syv.ch\/wp-content\/uploads\/2024\/01\/20231112_Yakhaltertreffen.pdf\">Bericht vom Yakhaltertreffen bei Anita Weber<\/a><\/strong><\/p>\n\n\n\n<p><img decoding=\"async\" width=\"150\" height=\"93\" class=\"wp-image-17876\" style=\"width: 150px;\" src=\"http:\/\/syv.ch\/wp-content\/uploads\/2024\/05\/20240524_Yaks_Anita.jpg\" alt=\"\" srcset=\"https:\/\/syv.ch\/wp-content\/uploads\/2024\/05\/20240524_Yaks_Anita.jpg 392w, https:\/\/syv.ch\/wp-content\/uploads\/2024\/05\/20240524_Yaks_Anita-300x185.jpg 300w, https:\/\/syv.ch\/wp-content\/uploads\/2024\/05\/20240524_Yaks_Anita-50x31.jpg 50w, https:\/\/syv.ch\/wp-content\/uploads\/2024\/05\/20240524_Yaks_Anita-81x50.jpg 81w, https:\/\/syv.ch\/wp-content\/uploads\/2024\/05\/20240524_Yaks_Anita-100x62.jpg 100w, https:\/\/syv.ch\/wp-content\/uploads\/2024\/05\/20240524_Yaks_Anita-162x100.jpg 162w\" sizes=\"(max-width: 150px) 100vw, 150px\" \/><\/p>\n\n\n\n<p><strong>22.04.2023 20. GV des SYV, im Vereinslokal M\u00fclo, R\u00f6tzmattweg 12, Olten<\/strong><\/p>\n\n\n\n<p><strong>11.09.2022 <\/strong>Das <strong>Yakhaltertreffen <\/strong>hat mit sch\u00f6nem Wetter und guter Stimmung bei D\u00f6lf und Doris Christen stattgefunden. Hier ist der <a href=\"http:\/\/syv.ch\/wp-content\/uploads\/2022\/09\/20220911_Yakhaltertreffen.pdf\">Bericht<\/a> mit Bildern.<strong> <\/strong>Zugleich konnten wir zum ersten Mal unsere neuen <strong><a href=\"http:\/\/syv.ch\/wp-content\/uploads\/2022\/09\/20220925_Yaktafeln_neu.jpg\">Yaktafeln<\/a><\/strong>, die f\u00fcr die GV vorbereitet wurden, zum Verkauf anbieten.<\/p>\n\n\n\n<p><strong>August 2022<\/strong> <strong>Artikel in Happinez \u00fcber Yaktrekking im Wallis<\/strong> &#8211; <a href=\"http:\/\/syv.ch\/wp-content\/uploads\/2023\/04\/2022_8_Happinez_DE.pdf\" data-type=\"URL\" data-id=\"http:\/\/syv.ch\/wp-content\/uploads\/2023\/04\/2022_8_Happinez_DE.pdf\"><strong>Dem Himmel zum Greifen nahe<\/strong><\/a><\/p>\n\n\n\n<p><strong>9.4.2022 Generalversammlung SYV im Restaurant &#8222;Gleis 13&#8220; in Olten<\/strong><\/p>\n\n\n\n<p><strong><strong>10.02.2022<\/strong> <strong>Artikel aus der &#8222;Tierwelt&#8220;<\/strong> mit Fokus Yaks in der Schweiz<\/strong> <strong>&#8211;<\/strong> <strong><a href=\"http:\/\/syv.ch\/wp-content\/uploads\/2022\/03\/22-02-10-TW3-Fokus-Yak.pdf\">Neue T\u00f6ne auf Schweizer Alpen<\/a><\/strong><\/p>\n\n\n\n<p><strong>23.12.2021<\/strong> <strong>SRF-Radiobericht mit Vizepr\u00e4sidentin Angelika Bandli<\/strong> <strong>&#8211; <a href=\"https:\/\/www.srf.ch\/news\/schweiz\/keine-angst-vor-dem-wolf-ist-der-yak-das-neue-schaf-in-den-alpen\">Ist der Yak das neue Schaf in den Alpen?<\/a><\/strong><\/p>\n\n\n\n<p><strong>Juli 2021 Reportage \u00fcber Rosula Blanc und ihre Yaks in Montagne <\/strong>(franz\u00f6sisch)<strong> &#8211;<\/strong> <strong><a href=\"http:\/\/syv.ch\/wp-content\/uploads\/2023\/04\/2021_7_Montagne_FR.pdf\" data-type=\"URL\" data-id=\"http:\/\/syv.ch\/wp-content\/uploads\/2023\/04\/2021_7_Montagne_FR.pdf\">Danser avec les yaks<\/a><\/strong><\/p>\n\n\n\n<p><strong>Februar 2021 Artikel \u00fcber Rosula Blancs Yaktrekkings u.a. zum Mittelmeer<\/strong> <strong>in Transhelvetica<\/strong> <strong>&#8211; <\/strong><a href=\"http:\/\/syv.ch\/wp-content\/uploads\/2023\/04\/2021_2_3_Transhelvetica_DE.pdf\" data-type=\"URL\" data-id=\"http:\/\/syv.ch\/wp-content\/uploads\/2023\/04\/2021_2_3_Transhelvetica_DE.pdf\"><strong>Auf ewiger Reise mit den Grunzochsen<\/strong><\/a><\/p>\n\n\n\n<p><strong>Dezember 2020 Artikel \u00fcber Yaks im Val d&#8217;H\u00e9rens in TV H\u00f6ren und Sehen &#8211; <a href=\"http:\/\/syv.ch\/wp-content\/uploads\/2023\/04\/2020_12_TV_Hoeren_Sehen_DE-.pdf\" data-type=\"URL\" data-id=\"http:\/\/syv.ch\/wp-content\/uploads\/2023\/04\/2020_12_TV_Hoeren_Sehen_DE-.pdf\">Rosulas Tierleben<\/a><\/strong><\/p>\n\n\n\n<p><strong>29.10.2020<\/strong> <strong>Artikel \u00fcber Yaktrekking im Wallis in der Schweizer Familie<\/strong> &#8211; <a href=\"http:\/\/syv.ch\/wp-content\/uploads\/2020\/11\/SFA2044-056-reisen-yaktrekking.pdf\"><strong>Zotteln mit Yaks<\/strong><\/a><\/p>\n\n\n\n<p><strong>12.9.2020<\/strong> <strong>Rosula Blanc durchquert, begleitet von Pascale Schmied, dann von Regina Gwerder, mit den Yaks Naulekh und Tsarang die \u00d6sterreichischen Alpen<\/strong>. Mehr Informationen gibt es <strong><a href=\"http:\/\/syv.ch\/wp-content\/uploads\/2020\/09\/20200912_Going_East_DE.pdf\" data-type=\"URL\" data-id=\"http:\/\/syv.ch\/wp-content\/uploads\/2020\/09\/20200912_Going_East_DE.pdf\">hier<\/a> <\/strong>und w\u00e4hrend des Treks auf dem <a href=\"https:\/\/www.yakshuloche.ch\/blog\" data-type=\"URL\" data-id=\"https:\/\/www.yakshuloche.ch\/blog\"><strong>Blog<\/strong><\/a>.<\/p>\n\n\n\n<p><strong>16.8.2020 Das <a href=\"http:\/\/syv.ch\/wp-content\/uploads\/2020\/08\/Newsletter-2020-SOMMER.pdf\">Yakhalter-Treffen<\/a> auf der Alp Findels <\/strong>hat mit 26 Vereinsmitgliedern stattgefunden. <strong><a href=\"http:\/\/syv.ch\/wp-content\/uploads\/2020\/08\/20200827_Yakhalter_Treffen_2020.pdf\">Hier<\/a><\/strong> ist der Bericht. <a href=\"http:\/\/syv.ch\/medien\/eigene-anlaesse\/\"><strong>Hier<\/strong><\/a> sind die Bilder. Vielen Dank, Angelika. <\/p>\n\n\n\n<p><strong>16.6.2020: Erste Vorstandssitzung<\/strong> nach der Corona-Krise bei <strong><a href=\"http:\/\/syv.ch\/wp-content\/uploads\/2020\/06\/IMG_20200616_140323-scaled.jpg\">Monika und Paul M\u00fcller in Altb\u00fcron<\/a><\/strong>. Einen herzlichen Dank an sie!<\/p>\n\n\n\n<p id=\"block-83e8eb0c-bfc2-4b1e-9f92-a668f9df34a8\"><strong>8.6.2020: Artikel \u00fcber Yak-Trekking<\/strong> im Migros-Magazin (S. 29): <a href=\"http:\/\/syv.ch\/wp-content\/uploads\/2020\/06\/202024-DMZH0806.pdf\">Yak-Trekking Les Haud\u00e8res (VS)<\/a><\/p>\n\n\n\n<p id=\"block-44a4f14e-e6f0-4182-aea7-239c04b9c183\"><strong>5.3.2020: Artikel \u00fcber nachhaltigen Tourismus &#8211; mit Yaks<\/strong> &#8211; in der Schweiz im VCS Magazin (S. 16): <a href=\"https:\/\/www.verkehrsclub.ch\/fileadmin\/user_upload\/10_angebote\/02_services\/03_magazin\/archiv_magazin\/d_1_20_www.pdf\">Auf die Schweiz gekommen<\/a><\/p>\n\n\n\n<p><strong>11.2.2020: <a href=\"http:\/\/syv.ch\/wp-content\/uploads\/2020\/06\/Newsletter-2020-1.pdf\">Erster SYV-Newsletter<\/a><\/strong> mit folgenden Beitr\u00e4gen: Parasiten-Programm FiBL &#8211; <a href=\"http:\/\/syv.ch\/wp-content\/uploads\/2020\/06\/A2_Weideparasiten-2014-02-BA.pdf\">Programm<\/a> und <a href=\"http:\/\/syv.ch\/wp-content\/uploads\/2020\/06\/A2_Weideparasiten_FiBL_Merkblatt.pdf\">Merkblatt<\/a>, <a href=\"http:\/\/syv.ch\/wp-content\/uploads\/2020\/06\/A3_20190531_Yakmilch_Nepal.pdf\">Dri-Pralin\u00e9s in Nepal<\/a><\/p>\n\n\n\n<p><strong>7.12.2019 Treffen mit Galtai Galsan in Murgenthal<\/strong>: Galtai Galsan, Oberhaupt des Tuwa-Volkes in der Mongolei, traf sich mit dem SYV, um \u00fcber Yakzucht und verschiedene Yak-Projekte zu diskutieren. Das Treffen fand tags\u00fcber bei Sabrina Behrschmidt statt &#8211; Hauptstrasse 76, 4853 Murgenthal.<\/p>\n\n\n\n<p><strong>16.-18.11.2019 Besuch von Dr. Rob Williams in der Schweiz<\/strong>: Dr. Williams besuchte, als Grundlage f\u00fcr sein neues Yak-Buch &#8222;Live by the Horns&#8220;, eine Menge Yak-Betriebe vom SYV und nahm auch am Experten-Tag mit LBEs teil.<\/p>\n\n\n\n<p><\/p>\n\n\n\n<div id=\"\" class=\"wp-block-cwp-launch cwp-common-main-wrap cwp-full-width-small-container\"><div class=\"cwp-common-main-wrap-inner\" data-scroll-delay=\"10\" data-scroll-threshold=\"40\"><div class=\"cwp-main-wrapper cwp-1-column\"><div class=\"cwp-inner-wrap\"><div class=\"cwp-content-wrap\"><\/div><\/div><\/div><\/div><\/div>\n","protected":false},"excerpt":{"rendered":"<p>Aktuelles Aktuelles Agri Messe 2026 Der Besuch auf der Agrimesse war ein voller Erfolg, der ausf\u00fchrliche Bericht finden Sie hier: Agrimesse-Tuhn-2026-Familie-Heinz GV 2026 Die 23. GV findet am 18.04.2026 in Olten statt! N\u00e4here Infos werden per Mitte M\u00e4rz bekommen 14.09.2025 Das Yakhaltertreffen 2025 fand heuer auf der Alp Wildi Grimmi statt bei Peter Ernst statt, [&hellip;]<\/p>\n","protected":false},"author":1,"featured_media":0,"parent":0,"menu_order":0,"comment_status":"closed","ping_status":"closed","template":"","meta":{"footnotes":""},"class_list":["post-24","page","type-page","status-publish","hentry"],"_links":{"self":[{"href":"https:\/\/syv.ch\/de\/wp-json\/wp\/v2\/pages\/24","targetHints":{"allow":["GET"]}}],"collection":[{"href":"https:\/\/syv.ch\/de\/wp-json\/wp\/v2\/pages"}],"about":[{"href":"https:\/\/syv.ch\/de\/wp-json\/wp\/v2\/types\/page"}],"author":[{"embeddable":true,"href":"https:\/\/syv.ch\/de\/wp-json\/wp\/v2\/users\/1"}],"replies":[{"embeddable":true,"href":"https:\/\/syv.ch\/de\/wp-json\/wp\/v2\/comments?post=24"}],"version-history":[{"count":100,"href":"https:\/\/syv.ch\/de\/wp-json\/wp\/v2\/pages\/24\/revisions"}],"predecessor-version":[{"id":19864,"href":"https:\/\/syv.ch\/de\/wp-json\/wp\/v2\/pages\/24\/revisions\/19864"}],"wp:attachment":[{"href":"https:\/\/syv.ch\/de\/wp-json\/wp\/v2\/media?parent=24"}],"curies":[{"name":"wp","href":"https:\/\/api.w.org\/{rel}","templated":true}]}}