{"id":2757,"date":"2020-01-28T13:58:18","date_gmt":"2020-01-28T13:58:18","guid":{"rendered":"http:\/\/syv.ch\/?page_id=2757"},"modified":"2025-08-21T10:03:58","modified_gmt":"2025-08-21T08:03:58","slug":"preisrichtlinien","status":"publish","type":"page","link":"https:\/\/syv.ch\/de\/marktplatz\/preisrichtlinien\/","title":{"rendered":"Preisrichtlinien"},"content":{"rendered":"\n<h3 class=\"wp-block-heading\">Preisrichtlinien<\/h3>\n\n\n\n<hr class=\"wp-block-separator has-alpha-channel-opacity\"\/>\n\n\n\n<div style=\"height:10px\" aria-hidden=\"true\" class=\"wp-block-spacer\"><\/div>\n\n\n\n<p> Preisrichtlinien SYV f\u00fcr Herdebuchtiere mit Abstammungspapieren:<\/p>\n\n\n\n<p>1-j\u00e4hrig, m\u00e4nnlich: 1500 sFr.<br>1-j\u00e4hrig, weiblich: 1500 sFr. &#8211; 1800sFr.<br>2-j\u00e4hrig, m\u00e4nnlich: 2000 sFr.<br>2-j\u00e4hrig, weiblich: 2200 sFr.<br>2-j\u00e4hrig, weiblich, tragend: 2500 sFr.<br>Ab 4 j\u00e4hrig, m\u00e4nnlich: 3500 sFr.<br>Ab 4 j\u00e4hrig, weiblich, tragend: 3000 sFr. \u2013 3500 sFr.<\/p>\n","protected":false},"excerpt":{"rendered":"<p>Preisrichtlinien Preisrichtlinien SYV f\u00fcr Herdebuchtiere mit Abstammungspapieren: 1-j\u00e4hrig, m\u00e4nnlich: 1500 sFr.1-j\u00e4hrig, weiblich: 1500 sFr. &#8211; 1800sFr.2-j\u00e4hrig, m\u00e4nnlich: 2000 sFr.2-j\u00e4hrig, weiblich: 2200 sFr.2-j\u00e4hrig, weiblich, tragend: 2500 sFr.Ab 4 j\u00e4hrig, m\u00e4nnlich: 3500 sFr.Ab 4 j\u00e4hrig, weiblich, tragend: 3000 sFr. \u2013 3500 sFr.<\/p>\n","protected":false},"author":2,"featured_media":0,"parent":32,"menu_order":0,"comment_status":"closed","ping_status":"closed","template":"","meta":{"footnotes":""},"class_list":["post-2757","page","type-page","status-publish","hentry"],"_links":{"self":[{"href":"https:\/\/syv.ch\/de\/wp-json\/wp\/v2\/pages\/2757","targetHints":{"allow":["GET"]}}],"collection":[{"href":"https:\/\/syv.ch\/de\/wp-json\/wp\/v2\/pages"}],"about":[{"href":"https:\/\/syv.ch\/de\/wp-json\/wp\/v2\/types\/page"}],"author":[{"embeddable":true,"href":"https:\/\/syv.ch\/de\/wp-json\/wp\/v2\/users\/2"}],"replies":[{"embeddable":true,"href":"https:\/\/syv.ch\/de\/wp-json\/wp\/v2\/comments?post=2757"}],"version-history":[{"count":5,"href":"https:\/\/syv.ch\/de\/wp-json\/wp\/v2\/pages\/2757\/revisions"}],"predecessor-version":[{"id":19477,"href":"https:\/\/syv.ch\/de\/wp-json\/wp\/v2\/pages\/2757\/revisions\/19477"}],"up":[{"embeddable":true,"href":"https:\/\/syv.ch\/de\/wp-json\/wp\/v2\/pages\/32"}],"wp:attachment":[{"href":"https:\/\/syv.ch\/de\/wp-json\/wp\/v2\/media?parent=2757"}],"curies":[{"name":"wp","href":"https:\/\/api.w.org\/{rel}","templated":true}]}}