{"id":28,"date":"2019-01-21T15:27:30","date_gmt":"2019-01-21T15:27:30","guid":{"rendered":"https:\/\/syv.undefiniert.ch\/?page_id=28"},"modified":"2025-08-21T08:44:14","modified_gmt":"2025-08-21T06:44:14","slug":"mitglied-werden","status":"publish","type":"page","link":"https:\/\/syv.ch\/de\/mitglied-werden\/","title":{"rendered":"Mitglied werden"},"content":{"rendered":"\n<h3 class=\"wp-block-heading\">Mitglied werden<\/h3>\n\n\n\n<hr class=\"wp-block-separator has-alpha-channel-opacity\"\/>\n\n\n\n<div style=\"height:10px\" aria-hidden=\"true\" class=\"wp-block-spacer\"><\/div>\n\n\n\n<p>Ich m\u00f6chte Mitglied im SYV werden.<\/p>\n\n\n<div class=\"frm_forms  with_frm_style frm_style_formidable-style\" id=\"frm_form_7_container\" >\n<form enctype=\"multipart\/form-data\" method=\"post\" class=\"frm-show-form  frm_pro_form \" id=\"form_contact2\" >\n<div class=\"frm_form_fields \">\n<fieldset>\n<legend class=\"frm_screen_reader\">Mitglied werden<\/legend>\r\n\r\n<div class=\"frm_fields_container\">\n<input type=\"hidden\" name=\"frm_action\" value=\"create\" \/>\n<input type=\"hidden\" name=\"form_id\" value=\"7\" \/>\n<input type=\"hidden\" name=\"frm_hide_fields_7\" id=\"frm_hide_fields_7\" value=\"\" \/>\n<input type=\"hidden\" name=\"form_key\" value=\"contact2\" \/>\n<input type=\"hidden\" name=\"item_meta[0]\" value=\"\" \/>\n<input type=\"hidden\" id=\"frm_submit_entry_7\" name=\"frm_submit_entry_7\" value=\"fdc6311f76\" \/><input type=\"hidden\" name=\"_wp_http_referer\" value=\"\/de\/wp-json\/wp\/v2\/pages\/28\" \/><div id=\"frm_field_206_container\" class=\"frm_form_field  frm_html_container form-field\">\n<div class=\"frm_primary_label\">(<span class=\"frm_required\">*<\/span> = Pflichtfeld)<\/div>\n<\/div>\n<div id=\"frm_field_73_container\" class=\"frm_form_field form-field  frm_required_field frm_left_container frm12 frm_first\">\r\n    <label for=\"field_6waml\" id=\"field_6waml_label\" class=\"frm_primary_label\">Vorname\r\n        <span class=\"frm_required\">*<\/span>\r\n    <\/label>\r\n    <input  type=\"text\" id=\"field_6waml\" name=\"item_meta[73]\" value=\"\"  data-reqmsg=\"Dieses Feld darf nicht leer sein.\" aria-required=\"true\" data-invmsg=\"Name ist ung\u00fcltig\" aria-invalid=\"false\"   \/>\r\n    \r\n    \r\n<\/div>\n<div id=\"frm_field_354_container\" class=\"frm_form_field form-field  frm_required_field frm_left_container frm12 frm_first\">\r\n    <label for=\"field_wevuk\" id=\"field_wevuk_label\" class=\"frm_primary_label\">Nachname\r\n        <span class=\"frm_required\">*<\/span>\r\n    <\/label>\r\n    <input  type=\"text\" id=\"field_wevuk\" name=\"item_meta[354]\" value=\"\"  data-reqmsg=\"Dieses Feld darf nicht leer sein.\" aria-required=\"true\" data-invmsg=\"Name ist ung\u00fcltig\" aria-invalid=\"false\"   \/>\r\n    \r\n    \r\n<\/div>\n<div id=\"frm_field_76_container\" class=\"frm_form_field form-field  frm_required_field frm_left_container\">\r\n    <label for=\"field_waxqg\" id=\"field_waxqg_label\" class=\"frm_primary_label\">Telefon\r\n        <span class=\"frm_required\">*<\/span>\r\n    <\/label>\r\n    <input  type=\"text\" id=\"field_waxqg\" name=\"item_meta[76]\" value=\"\"  data-reqmsg=\"Dieses Feld darf nicht leer sein.\" aria-required=\"true\" data-invmsg=\"Please enter a valid email address\" aria-invalid=\"false\"   \/>\r\n    \r\n    \r\n<\/div>\n<div id=\"frm_field_71_container\" class=\"frm_form_field form-field  frm_required_field frm_left_container\">\r\n    <label for=\"field_1xeuh\" id=\"field_1xeuh_label\" class=\"frm_primary_label\">E-Mail\r\n        <span class=\"frm_required\">*<\/span>\r\n    <\/label>\r\n    <input type=\"email\" id=\"field_1xeuh\" name=\"item_meta[71]\" value=\"\"  data-reqmsg=\"Dieses Feld darf nicht leer sein.\" aria-required=\"true\" data-invmsg=\"Please enter a valid email address\" aria-invalid=\"false\"  \/>\r\n    \r\n    \r\n<\/div>\n<div id=\"frm_field_77_container\" class=\"frm_form_field form-field  frm_left_container\">\r\n    <label for=\"field_jh6nu\" id=\"field_jh6nu_label\" class=\"frm_primary_label\">Website des Betriebs\r\n        <span class=\"frm_required\"><\/span>\r\n    <\/label>\r\n    <input type=\"url\" id=\"field_jh6nu\" name=\"item_meta[77]\" value=\"\"  data-invmsg=\"URL ist ung\u00fcltig\" aria-invalid=\"false\"  \/>\r\n    \r\n    \r\n<\/div>\n<div id=\"frm_field_141_container\" class=\"frm_form_field form-field  frm_required_field frm_left_container vertical_radio\">\r\n    <div  id=\"field_g1x5a_label\" class=\"frm_primary_label\">Ich m\u00f6chte:\r\n        <span class=\"frm_required\">*<\/span>\r\n    <\/div>\r\n    <div class=\"frm_opt_container\" aria-labelledby=\"field_g1x5a_label\" role=\"radiogroup\" aria-required=\"true\">\t\t<div class=\"frm_radio\" id=\"frm_radio_141-0\">\t\t\t<label  for=\"field_g1x5a-0\">\n\t\t\t\t\t<input type=\"radio\" name=\"item_meta[141]\" id=\"field_g1x5a-0\" value=\"Aktiv-Mitglied werden\"\n\t\t data-reqmsg=\"Dieses Feld darf nicht leer sein.\" data-invmsg=\"Ich m\u00f6chte: ist ung\u00fcltig\"   \/> Aktiv-Mitglied werden<\/label><\/div>\n\t\t<div class=\"frm_radio\" id=\"frm_radio_141-1\">\t\t\t<label  for=\"field_g1x5a-1\">\n\t\t\t\t\t<input type=\"radio\" name=\"item_meta[141]\" id=\"field_g1x5a-1\" value=\"G\u00f6nner werden\"\n\t\t data-reqmsg=\"Dieses Feld darf nicht leer sein.\" data-invmsg=\"Ich m\u00f6chte: ist ung\u00fcltig\"   \/> G\u00f6nner werden<\/label><\/div>\n\t\t<div class=\"frm_radio\" id=\"frm_radio_141-2\">\t\t\t<label  for=\"field_g1x5a-2\">\n\t\t\t\t\t<input type=\"radio\" name=\"item_meta[141]\" id=\"field_g1x5a-2\" value=\"Passiv-Mitglied werden\"\n\t\t data-reqmsg=\"Dieses Feld darf nicht leer sein.\" data-invmsg=\"Ich m\u00f6chte: ist ung\u00fcltig\"   \/> Passiv-Mitglied werden<\/label><\/div>\n<\/div>\r\n    \r\n    \r\n<\/div>\n<div id=\"frm_field_358_container\" class=\"frm_form_field frm_section_heading form-field  frm12 frm_first\">\r\n<h3 class=\"frm_pos_left frm_section_spacing\">Adresse<\/h3>\r\n\r\n\r\n<div id=\"frm_field_357_container\" class=\"frm_form_field form-field  frm_required_field frm_left_container\">\r\n\t<label for=\"field_9nr7p\" id=\"field_9nr7p_label\" class=\"frm_primary_label\">Vor- und Nachname\r\n\t\t<span class=\"frm_required\" aria-hidden=\"true\">*<\/span>\r\n\t<\/label>\r\n\t<input  type=\"text\" id=\"field_9nr7p\" name=\"item_meta[357]\" value=\"\"  data-sectionid=\"358\"  data-reqmsg=\"Dieses Feld darf nicht leer sein.\" aria-required=\"true\" data-invmsg=\"Vor- und Nachname ist ung\u00fcltig\" aria-invalid=\"false\"   \/>\r\n\t\r\n\t\r\n<\/div>\n<div id=\"frm_field_360_container\" class=\"frm_form_field form-field  frm_required_field frm_left_container\">\r\n\t<label for=\"field_6hq3l\" id=\"field_6hq3l_label\" class=\"frm_primary_label\">Adresse\r\n\t\t<span class=\"frm_required\" aria-hidden=\"true\">*<\/span>\r\n\t<\/label>\r\n\t<textarea name=\"item_meta[360]\" id=\"field_6hq3l\" rows=\"5\"  data-sectionid=\"358\"  placeholder=\"Strasse Nr, PLZ Ort\" data-reqmsg=\"Dieses Feld darf nicht leer sein.\" aria-required=\"true\" data-invmsg=\"Adresse ist ung\u00fcltig\" aria-invalid=\"false\"  ><\/textarea>\r\n\t\r\n\t\r\n<\/div>\n<\/div>\n<div id=\"frm_field_361_container\" class=\"frm_form_field frm_section_heading form-field \">\r\n<h3 class=\"frm_pos_top frm_section_spacing\"><\/h3>\r\n\r\n\r\n<div id=\"frm_field_89_container\" class=\"frm_form_field form-field  frm_left_container\">\r\n    <label for=\"field_q2k7h\" id=\"field_q2k7h_label\" class=\"frm_primary_label\">Kommentar\r\n        <span class=\"frm_required\"><\/span>\r\n    <\/label>\r\n    <textarea name=\"item_meta[89]\" id=\"field_q2k7h\" rows=\"5\"  data-sectionid=\"361\"  data-invmsg=\"Kommentar ist ung\u00fcltig\" aria-invalid=\"false\"  ><\/textarea>\r\n    \r\n    \r\n<\/div>\n<\/div>\n<div id=\"frm_field_259_container\" class=\"frm_form_field form-field  frm_none_container frm12 frm_first\">\r\n    <label for=\"g-recaptcha-response\" id=\"field_ktjnv_label\" class=\"frm_primary_label\">Spamschutz\r\n        <span class=\"frm_required\"><\/span>\r\n    <\/label>\r\n    <div  id=\"field_ktjnv\" class=\"frm-g-recaptcha\" data-sitekey=\"6LcVxaUZAAAAALlf9oZwT2XDbI5OCqRIKdZGZYde\" data-size=\"normal\" data-theme=\"light\"><\/div>\r\n    \r\n    \r\n<\/div>\n<div id=\"frm_field_341_container\" class=\"frm_form_field form-field \">\r\n\t<div class=\"frm_submit\">\r\n\r\n<button class=\"frm_button_submit frm_final_submit\" type=\"submit\"   formnovalidate=\"formnovalidate\">Senden<\/button>\r\n\r\n<\/div>\r\n<\/div>\n\t<input type=\"hidden\" name=\"item_key\" value=\"\" \/>\n\t\t\t<div id=\"frm_field_512_container\">\n\t\t\t<label for=\"field_3oe6r\" >\n\t\t\t\tFalls Du menschlich bist, lasse dieses Feld leer.\t\t\t<\/label>\n\t\t\t<input  id=\"field_3oe6r\" type=\"text\" class=\"frm_form_field form-field frm_verify\" name=\"item_meta[512]\" value=\"\"  \/>\n\t\t<\/div>\n\t\t<input name=\"frm_state\" type=\"hidden\" value=\"Lbf70GP4MMIMtSxIdzeZfJlwkLD3+TpaqYzNY9j4VSVasxXSzcN4hyZ7yD43A8Zu\" \/><\/div>\n<\/fieldset>\n<\/div>\n\n<\/form>\n<\/div>\n\n\n\n\n<p>Anfragen k\u00f6nnen nur bei vollst\u00e4ndiger Adresse bearbeitet werden. Wir behandeln Ihre Angaben vertraulich.<\/p>\n","protected":false},"excerpt":{"rendered":"<p>Mitglied werden Ich m\u00f6chte Mitglied im SYV werden. Anfragen k\u00f6nnen nur bei vollst\u00e4ndiger Adresse bearbeitet werden. Wir behandeln Ihre Angaben vertraulich.<\/p>\n","protected":false},"author":1,"featured_media":0,"parent":0,"menu_order":0,"comment_status":"closed","ping_status":"closed","template":"","meta":{"footnotes":""},"class_list":["post-28","page","type-page","status-publish","hentry"],"_links":{"self":[{"href":"https:\/\/syv.ch\/de\/wp-json\/wp\/v2\/pages\/28","targetHints":{"allow":["GET"]}}],"collection":[{"href":"https:\/\/syv.ch\/de\/wp-json\/wp\/v2\/pages"}],"about":[{"href":"https:\/\/syv.ch\/de\/wp-json\/wp\/v2\/types\/page"}],"author":[{"embeddable":true,"href":"https:\/\/syv.ch\/de\/wp-json\/wp\/v2\/users\/1"}],"replies":[{"embeddable":true,"href":"https:\/\/syv.ch\/de\/wp-json\/wp\/v2\/comments?post=28"}],"version-history":[{"count":2,"href":"https:\/\/syv.ch\/de\/wp-json\/wp\/v2\/pages\/28\/revisions"}],"predecessor-version":[{"id":19383,"href":"https:\/\/syv.ch\/de\/wp-json\/wp\/v2\/pages\/28\/revisions\/19383"}],"wp:attachment":[{"href":"https:\/\/syv.ch\/de\/wp-json\/wp\/v2\/media?parent=28"}],"curies":[{"name":"wp","href":"https:\/\/api.w.org\/{rel}","templated":true}]}}