{"id":2857,"date":"2020-01-28T18:47:21","date_gmt":"2020-01-28T18:47:21","guid":{"rendered":"http:\/\/syv.ch\/?page_id=2857"},"modified":"2025-08-21T09:23:40","modified_gmt":"2025-08-21T07:23:40","slug":"herde-management","status":"publish","type":"page","link":"https:\/\/syv.ch\/de\/yaks\/herde-management\/","title":{"rendered":"Herde-Management"},"content":{"rendered":"\n<h3 class=\"wp-block-heading\">Herde-Management<\/h3>\n\n\n\n<hr class=\"wp-block-separator has-alpha-channel-opacity\"\/>\n\n\n\n<div style=\"height:10px\" aria-hidden=\"true\" class=\"wp-block-spacer\"><\/div>\n\n\n\n<p>Eine ruhige Yakherde zu haben, ist wohl das Ziel eines jeden Yakhalters. Dazu tr\u00e4gt zum grossen Teil der eigene Umgang mit den Tieren bei. Dennoch sollte man ein paar weitere Punkte beachten:<\/p>\n\n\n\n<ul class=\"wp-block-list\">\n<li><strong>Ausgewogene Herde<\/strong>:\n<ul class=\"wp-block-list\">\n<li>Yaks sind in gr\u00f6sseren Herden gl\u00fccklicher und ruhiger, als wenn nur zwei Tiere separat gehalten werden.<\/li>\n\n\n\n<li>Eine ausgewogene Herde von Yaks ist tendenziell eine Herde mit \u00e4lteren K\u00fchen und ihren K\u00e4lbern, mit einem ruhigen Stier darin. <\/li>\n\n\n\n<li>Auch Ochsen k\u00f6nnen zur Ausgewogenheit der Herde beitragen.<\/li>\n<\/ul>\n<\/li>\n\n\n\n<li><strong>Zusammenstellen der Herde<\/strong>:\n<ul class=\"wp-block-list\">\n<li>Zum Beginn der Yakhaltung sollte unbedingt darauf geachtet werden, dass der Stier aus einer anderen Linie kommt als die weiblichen Tiere, um Inzucht zu vermeiden.<\/li>\n\n\n\n<li>Beim Zusammenstellen einer neuen Herde k\u00f6nnen alle weiblichen Tiere bei einem Z\u00fcchter gekauft werden, was den Vorteil hat, dass sich die Tiere bereits kennen. <\/li>\n\n\n\n<li>Es ist aber auch ohne weiteres m\u00f6glich, Tiere aus verschiedenen Betrieben zu kaufen. Dabei ist jedoch ein sorgsames Zusammenf\u00fchren zu beachten.<\/li>\n\n\n\n<li>Wenn Yaks, die sich nicht kennen, zusammengef\u00fchrt werden, muss man sie die ersten Tage in einem ausbruchsicheren Bereich halten, bis die Rangordnung in der neuen Herde gekl\u00e4rt ist. Mit sorgf\u00e4ltiger Beobachtung ist dies gut zu bewerkstelligen.<\/li>\n<\/ul>\n<\/li>\n\n\n\n<li><strong>Herdeschutz<\/strong>: Die Herde verteidigt sich gegen einheimische Raubtiere wie  Luchs und Wolf. Yaks werden teilweise zum Herdeschutz in kleinen mit  Ziegen gemischten Herden auf begrenzten Weiden eingesetzt.  <\/li>\n\n\n\n<li>Yaks haben sehr gute <strong>Mutterkuheigenschaften<\/strong>: M\u00fctter sch\u00fctzen ihre K\u00e4lber. Im Allgemeinen kalben Yak-K\u00fche problemlos ab, ohne menschliche Hilfe. <\/li>\n\n\n\n<li><strong>Kontakt zur Herde<\/strong>: Damit die Yaks zahm bleiben, ist es w\u00e4hrend der Weidesaison unumg\u00e4nglich, die Herde mindestens jeden zweiten Tag zu kontrollieren und sich mit den Tieren abzugeben. Haben Yaks \u00fcber l\u00e4ngere Zeit keinen Kontakt zu Menschen, werden sie rasch scheu.<\/li>\n\n\n\n<li>Yaks sind <strong>langlebig und robust<\/strong>. Ein Yak kann \u00fcber 20 Jahre alt werden. Yaks wachsen allerdings auch langsamer und sind <strong>sp\u00e4ter schlachtreif als andere Rinder<\/strong>. Gew\u00f6hnlich werden Yaks nicht vor dem Alter von eineinhalb Jahren geschlachtet oder nach zwei Sommern auf der Alp, oft aber erst mit zwei bis drei Jahren.<\/li>\n\n\n\n<li><strong>Es ist wichtig f\u00fcr einen jeden neuen Besitzer von Yaks, sich \u00fcber seine Kapazit\u00e4t Gedanken zu machen. Eine Herde kann sich innerhalb eines Jahres von der Anzahl Tiere her mehr als verdoppeln<\/strong>.<\/li>\n<\/ul>\n\n\n\n<p><\/p>\n","protected":false},"excerpt":{"rendered":"<p>Herde-Management Eine ruhige Yakherde zu haben, ist wohl das Ziel eines jeden Yakhalters. Dazu tr\u00e4gt zum grossen Teil der eigene Umgang mit den Tieren bei. Dennoch sollte man ein paar weitere Punkte beachten:<\/p>\n","protected":false},"author":2,"featured_media":0,"parent":30,"menu_order":0,"comment_status":"closed","ping_status":"closed","template":"","meta":{"footnotes":""},"class_list":["post-2857","page","type-page","status-publish","hentry"],"_links":{"self":[{"href":"https:\/\/syv.ch\/de\/wp-json\/wp\/v2\/pages\/2857","targetHints":{"allow":["GET"]}}],"collection":[{"href":"https:\/\/syv.ch\/de\/wp-json\/wp\/v2\/pages"}],"about":[{"href":"https:\/\/syv.ch\/de\/wp-json\/wp\/v2\/types\/page"}],"author":[{"embeddable":true,"href":"https:\/\/syv.ch\/de\/wp-json\/wp\/v2\/users\/2"}],"replies":[{"embeddable":true,"href":"https:\/\/syv.ch\/de\/wp-json\/wp\/v2\/comments?post=2857"}],"version-history":[{"count":6,"href":"https:\/\/syv.ch\/de\/wp-json\/wp\/v2\/pages\/2857\/revisions"}],"predecessor-version":[{"id":19435,"href":"https:\/\/syv.ch\/de\/wp-json\/wp\/v2\/pages\/2857\/revisions\/19435"}],"up":[{"embeddable":true,"href":"https:\/\/syv.ch\/de\/wp-json\/wp\/v2\/pages\/30"}],"wp:attachment":[{"href":"https:\/\/syv.ch\/de\/wp-json\/wp\/v2\/media?parent=2857"}],"curies":[{"name":"wp","href":"https:\/\/api.w.org\/{rel}","templated":true}]}}