{"id":2864,"date":"2020-01-28T19:07:25","date_gmt":"2020-01-28T19:07:25","guid":{"rendered":"http:\/\/syv.ch\/?page_id=2864"},"modified":"2020-09-29T18:57:37","modified_gmt":"2020-09-29T18:57:37","slug":"gesetze-und-sachkundenachweis","status":"publish","type":"page","link":"https:\/\/syv.ch\/de\/gesetze-und-sachkundenachweis\/","title":{"rendered":"Gesetze und Sachkundenachweis"},"content":{"rendered":"\n<h2 class=\"wp-block-heading\">Gesetze und Sachkundenachweis<\/h2>\n\n\n\n<p>Folgende Ausz\u00fcge aus der <strong>Tierschutzverordnung <\/strong>sind f\u00fcr angehende Yakhalter von besonderem Interesse:<\/p>\n\n\n\n<ul class=\"wp-block-list\"><li>Welche <strong>Art von Nachweis<\/strong> muss erbracht werden? <a href=\"https:\/\/www.admin.ch\/opc\/de\/classified-compilation\/20080796\/index.html#a31\">Artikel 31, Absatz 4<\/a>.<\/li><li>Was gilt als <strong>landwirtschaftliche Ausbildung<\/strong>? <a href=\"https:\/\/www.admin.ch\/opc\/de\/classified-compilation\/20080796\/index.html#a194\">Artikel 194<\/a>.<\/li><li>Was bedeutet <strong>Ausbildung mit Sachkundenachweis<\/strong>? <a href=\"https:\/\/www.admin.ch\/opc\/de\/classified-compilation\/20080796\/index.html#a198\">Artikel 198<\/a>.<\/li><\/ul>\n\n\n\n<p>Eine \u00dcbersicht \u00fcber <strong>anerkannte Organisationen f\u00fcr einen Sachkundenachweis<\/strong> findet sich <strong><a href=\"http:\/\/syv.ch\/wp-content\/uploads\/2020\/09\/Anerkannte_Organisationen_fuer_die_Ausbildung_von_HalterInnen_von_Haustieren_nach_Art_31a-e_TSchV.pdf\">hier<\/a><\/strong>.<\/p>\n","protected":false},"excerpt":{"rendered":"<p>Gesetze und Sachkundenachweis Folgende Ausz\u00fcge aus der Tierschutzverordnung sind f\u00fcr angehende Yakhalter von besonderem Interesse: Welche Art von Nachweis muss erbracht werden? Artikel 31, Absatz 4. Was gilt als landwirtschaftliche Ausbildung? Artikel 194. Was bedeutet Ausbildung mit Sachkundenachweis? Artikel 198. Eine \u00dcbersicht \u00fcber anerkannte Organisationen f\u00fcr einen Sachkundenachweis findet sich hier.<\/p>\n","protected":false},"author":2,"featured_media":0,"parent":0,"menu_order":0,"comment_status":"closed","ping_status":"closed","template":"","meta":{"footnotes":""},"class_list":["post-2864","page","type-page","status-publish","hentry"],"_links":{"self":[{"href":"https:\/\/syv.ch\/de\/wp-json\/wp\/v2\/pages\/2864","targetHints":{"allow":["GET"]}}],"collection":[{"href":"https:\/\/syv.ch\/de\/wp-json\/wp\/v2\/pages"}],"about":[{"href":"https:\/\/syv.ch\/de\/wp-json\/wp\/v2\/types\/page"}],"author":[{"embeddable":true,"href":"https:\/\/syv.ch\/de\/wp-json\/wp\/v2\/users\/2"}],"replies":[{"embeddable":true,"href":"https:\/\/syv.ch\/de\/wp-json\/wp\/v2\/comments?post=2864"}],"version-history":[{"count":8,"href":"https:\/\/syv.ch\/de\/wp-json\/wp\/v2\/pages\/2864\/revisions"}],"predecessor-version":[{"id":4387,"href":"https:\/\/syv.ch\/de\/wp-json\/wp\/v2\/pages\/2864\/revisions\/4387"}],"wp:attachment":[{"href":"https:\/\/syv.ch\/de\/wp-json\/wp\/v2\/media?parent=2864"}],"curies":[{"name":"wp","href":"https:\/\/api.w.org\/{rel}","templated":true}]}}