{"id":32,"date":"2019-01-21T15:27:53","date_gmt":"2019-01-21T15:27:53","guid":{"rendered":"https:\/\/syv.undefiniert.ch\/?page_id=32"},"modified":"2025-08-14T11:49:46","modified_gmt":"2025-08-14T09:49:46","slug":"marktplatz","status":"publish","type":"page","link":"https:\/\/syv.ch\/de\/marktplatz\/","title":{"rendered":"Marktplatz"},"content":{"rendered":"\n<p>Unser 24-Stunden-Marktplatz ist ge\u00f6ffnet<\/p>\n\n\n\n<p>Nur f\u00fcr Vereinsmitglieder.<\/p>\n\n\n\n<p>Auf unserem Marktplatz kannst du jederzeit\ndirekt und einfach ein Yak-spezifisches Inserat gratis f\u00fcr die Dauer von einem Monat plazieren.<\/p>\n\n\n\n<p><em>Achtung:\nAlle Inserate, die nicht den Verkauf eines Tieres betreffen, m\u00fcssen mit der\nPreisangabe \u201cnach Vereinbarung\u201d versehen werden. Falls das nicht der Fall ist,\nwird das Inserat entfernt und das Mitglied f\u00fcr Inserate gesperrt.<\/em><\/p>\n\n\n\n<p>Klick dabei ganz einfach auf den Link\n&#8222;Neues Inserat&#8220;.<\/p>\n\n\n\n<p>Wenn du etwas suchst, dann klicke auf\n&#8222;Kaufen&#8220; oder &#8222;Verkaufen&#8220; <\/p>\n\n\n\n<p>Preisrichtlinien SYV f\u00fcr Herdebuchtiere mit\nAbstammungspapieren:<\/p>\n\n\n\n<div class=\"wp-block-columns has-2-columns is-layout-flex wp-container-core-columns-is-layout-9d6595d7 wp-block-columns-is-layout-flex\">\n<div class=\"wp-block-column is-layout-flow wp-block-column-is-layout-flow\">\n<p>1-j\u00e4hrig, m\u00e4nnlich: <\/p>\n\n\n\n<p>1-j\u00e4hrig, weiblich: <\/p>\n\n\n\n<p>2-j\u00e4hrig, m\u00e4nnlich: <\/p>\n\n\n\n<p>2-j\u00e4hrig, weiblich: <\/p>\n\n\n\n<p>2-j\u00e4hrig, weiblich, tragend: <\/p>\n\n\n\n<p>Ab 4 j\u00e4hrig, m\u00e4nnlich: <\/p>\n\n\n\n<p>Ab 4 j\u00e4hrig, weiblich, tragend: <\/p>\n<\/div>\n\n\n\n<div class=\"wp-block-column is-layout-flow wp-block-column-is-layout-flow\">\n<p>1500 sFr. <\/p>\n\n\n\n<p>2000 sFr. <\/p>\n\n\n\n<p>2000 sFr. <\/p>\n\n\n\n<p>2500 sFr. <\/p>\n\n\n\n<p>2800 sFr. <\/p>\n\n\n\n<p>2800 sFr. &#8211; 3500 sFr. <\/p>\n\n\n\n<p>3000 sFr. &#8211; 4000 sFr. <\/p>\n<\/div>\n<\/div>\n","protected":false},"excerpt":{"rendered":"<p>Unser 24-Stunden-Marktplatz ist ge\u00f6ffnet Nur f\u00fcr Vereinsmitglieder. Auf unserem Marktplatz kannst du jederzeit direkt und einfach ein Yak-spezifisches Inserat gratis f\u00fcr die Dauer von einem Monat plazieren. Achtung: Alle Inserate, die nicht den Verkauf eines Tieres betreffen, m\u00fcssen mit der Preisangabe \u201cnach Vereinbarung\u201d versehen werden. Falls das nicht der Fall ist, wird das Inserat entfernt [&hellip;]<\/p>\n","protected":false},"author":1,"featured_media":0,"parent":0,"menu_order":0,"comment_status":"closed","ping_status":"closed","template":"","meta":{"footnotes":""},"class_list":["post-32","page","type-page","status-publish","hentry"],"_links":{"self":[{"href":"https:\/\/syv.ch\/de\/wp-json\/wp\/v2\/pages\/32","targetHints":{"allow":["GET"]}}],"collection":[{"href":"https:\/\/syv.ch\/de\/wp-json\/wp\/v2\/pages"}],"about":[{"href":"https:\/\/syv.ch\/de\/wp-json\/wp\/v2\/types\/page"}],"author":[{"embeddable":true,"href":"https:\/\/syv.ch\/de\/wp-json\/wp\/v2\/users\/1"}],"replies":[{"embeddable":true,"href":"https:\/\/syv.ch\/de\/wp-json\/wp\/v2\/comments?post=32"}],"version-history":[{"count":4,"href":"https:\/\/syv.ch\/de\/wp-json\/wp\/v2\/pages\/32\/revisions"}],"predecessor-version":[{"id":19166,"href":"https:\/\/syv.ch\/de\/wp-json\/wp\/v2\/pages\/32\/revisions\/19166"}],"wp:attachment":[{"href":"https:\/\/syv.ch\/de\/wp-json\/wp\/v2\/media?parent=32"}],"curies":[{"name":"wp","href":"https:\/\/api.w.org\/{rel}","templated":true}]}}