{"id":4813,"date":"2020-11-06T09:25:08","date_gmt":"2020-11-06T09:25:08","guid":{"rendered":"http:\/\/syv.ch\/?page_id=4813"},"modified":"2025-08-21T10:14:27","modified_gmt":"2025-08-21T08:14:27","slug":"presse","status":"publish","type":"page","link":"https:\/\/syv.ch\/de\/medien\/presse\/","title":{"rendered":"Presse"},"content":{"rendered":"\n<h3 class=\"wp-block-heading\">Presse<\/h3>\n\n\n\n<hr class=\"wp-block-separator has-alpha-channel-opacity\"\/>\n\n\n\n<div style=\"height:10px\" aria-hidden=\"true\" class=\"wp-block-spacer\"><\/div>\n\n\n\n<p><strong>Bericht \u00fcber Rosula Blanc in Happinez Niederlande, 1\/2024 <\/strong>\u2013 <a href=\"http:\/\/syv.ch\/wp-content\/uploads\/2024\/02\/Reizen.pdf\">Im Rhythmus der Yaks<\/a> (niederl\u00e4ndisch) <\/p>\n\n\n\n<p><strong>Bericht \u00fcber Yakz\u00fcchterin Anita Weber<\/strong> \u2013 <a href=\"https:\/\/www.pizmagazin.ch\/geschichten\/zappenduster\">Vor der Pieke ist es zappenduster<\/a><\/p>\n\n\n\n<p><strong>Artikel \u00fcber Yaktrekking im Wallis in der Schweizer Familie<\/strong> \u2013 <a href=\"http:\/\/syv.ch\/wp-content\/uploads\/2020\/11\/SFA2044-056-reisen-yaktrekking.pdf\">Zotteln mit Yaks<\/a><\/p>\n\n\n\n<p><\/p>\n\n\n\n<p><\/p>\n","protected":false},"excerpt":{"rendered":"<p>Presse Bericht \u00fcber Rosula Blanc in Happinez Niederlande, 1\/2024 \u2013 Im Rhythmus der Yaks (niederl\u00e4ndisch) Bericht \u00fcber Yakz\u00fcchterin Anita Weber \u2013 Vor der Pieke ist es zappenduster Artikel \u00fcber Yaktrekking im Wallis in der Schweizer Familie \u2013 Zotteln mit Yaks<\/p>\n","protected":false},"author":2,"featured_media":0,"parent":38,"menu_order":0,"comment_status":"closed","ping_status":"closed","template":"","meta":{"footnotes":""},"class_list":["post-4813","page","type-page","status-publish","hentry"],"_links":{"self":[{"href":"https:\/\/syv.ch\/de\/wp-json\/wp\/v2\/pages\/4813","targetHints":{"allow":["GET"]}}],"collection":[{"href":"https:\/\/syv.ch\/de\/wp-json\/wp\/v2\/pages"}],"about":[{"href":"https:\/\/syv.ch\/de\/wp-json\/wp\/v2\/types\/page"}],"author":[{"embeddable":true,"href":"https:\/\/syv.ch\/de\/wp-json\/wp\/v2\/users\/2"}],"replies":[{"embeddable":true,"href":"https:\/\/syv.ch\/de\/wp-json\/wp\/v2\/comments?post=4813"}],"version-history":[{"count":7,"href":"https:\/\/syv.ch\/de\/wp-json\/wp\/v2\/pages\/4813\/revisions"}],"predecessor-version":[{"id":19500,"href":"https:\/\/syv.ch\/de\/wp-json\/wp\/v2\/pages\/4813\/revisions\/19500"}],"up":[{"embeddable":true,"href":"https:\/\/syv.ch\/de\/wp-json\/wp\/v2\/pages\/38"}],"wp:attachment":[{"href":"https:\/\/syv.ch\/de\/wp-json\/wp\/v2\/media?parent=4813"}],"curies":[{"name":"wp","href":"https:\/\/api.w.org\/{rel}","templated":true}]}}