{"id":58,"date":"2019-01-21T15:44:32","date_gmt":"2019-01-21T15:44:32","guid":{"rendered":"https:\/\/syv.undefiniert.ch\/?page_id=58"},"modified":"2025-08-21T08:45:50","modified_gmt":"2025-08-21T06:45:50","slug":"zuchtziele","status":"publish","type":"page","link":"https:\/\/syv.ch\/de\/verein\/zuchtziele\/","title":{"rendered":"Zuchtziele"},"content":{"rendered":"\n<h3 class=\"wp-block-heading\">Zuchtziele<\/h3>\n\n\n\n<hr class=\"wp-block-separator has-alpha-channel-opacity\"\/>\n\n\n\n<div style=\"height:10px\" aria-hidden=\"true\" class=\"wp-block-spacer\"><\/div>\n\n\n\n<p><strong>Zucht reinrassiger Yaks auf ausschliesslicher Raufutterbasis in Freilandhaltung<\/strong><\/p>\n\n\n\n<ul class=\"wp-block-list\">\n<li>Mehrnutzungsrind f\u00fcr Fleisch, Milch, Wolle und Arbeit<\/li>\n\n\n\n<li>Sehr trittsicher und bergg\u00e4ngig<\/li>\n\n\n\n<li>Gen\u00fcgsam (kann gut karges Futter verwerten)<\/li>\n\n\n\n<li>Robust<\/li>\n\n\n\n<li>Fruchtbarkeit<\/li>\n\n\n\n<li>Leichtkalbigkeit<\/li>\n\n\n\n<li>Gute Muttereigenschaften<\/li>\n\n\n\n<li>Langlebigkeit<\/li>\n\n\n\n<li>Gutartigkeit<\/li>\n\n\n\n<li>Arbeitswillig und intelligent<\/li>\n\n\n\n<li>Gesunde, kleine, harte Klauen<\/li>\n\n\n\n<li>Sch\u00f6ne yaktypische Behaarung und Wolle<\/li>\n<\/ul>\n\n\n\n<p>Bei der Exterieurbeurteilung (LBE) werden die Rassemerkmale, das Format, das Fundament und die Bemuskelung beschrieben und bewertet. Die Werte erscheinen auf den Abstammungs-und Leistungsausweisen. Es wird Wert gelegt auf&nbsp;ein gutes Fundament und gute Bemuskelung (aber Abzug f\u00fcr fette Tiere). Bei den Rassemerkmalen werden sch\u00f6ne Behaarung und sch\u00f6ne, grosse H\u00f6rner belohnt.<\/p>\n\n\n\n<p><strong>Ausschlussgr\u00fcnde<\/strong><\/p>\n\n\n\n<ul class=\"wp-block-list\">\n<li>Kreuzungstiere<\/li>\n\n\n\n<li>Inzuchtkoeffizient h\u00f6her als 6.5%<\/li>\n\n\n\n<li>Erbfehler (bei der Geburtsmeldung zu vermerken) :\n<ul class=\"wp-block-list\">\n<li>Verk\u00fcrzter Unterkiefer<\/li>\n\n\n\n<li>Spinnengliedrigkeit<\/li>\n\n\n\n<li>Weaver<\/li>\n\n\n\n<li>Spinale Dysmyelinisierung (SDM)<\/li>\n\n\n\n<li>Spinale Muskelatrophie (SMA)<\/li>\n<\/ul>\n<\/li>\n\n\n\n<li>Missbildungen:\n<ul class=\"wp-block-list\">\n<li>Stummelschwanz<\/li>\n\n\n\n<li>Nicht vollst\u00e4ndig ausgebildete Geschlechtsorgane<\/li>\n<\/ul>\n<\/li>\n<\/ul>\n\n\n\n<p><strong>Fruchtbarkeit<\/strong><\/p>\n\n\n\n<p>EKA Erstkalbealter:   36 Monate<br>ZKZ Zwischenkalbezeit:  12 Monate<\/p>\n\n\n\n<p>Auf dem Abstammungs- und Leistungsausweis werden die K\u00e4lberformel, die  totale Anzahl K\u00e4lber und die einzelnen erfassten Nachkommen ausgewiesen.<\/p>\n","protected":false},"excerpt":{"rendered":"<p>Zuchtziele Zucht reinrassiger Yaks auf ausschliesslicher Raufutterbasis in Freilandhaltung Bei der Exterieurbeurteilung (LBE) werden die Rassemerkmale, das Format, das Fundament und die Bemuskelung beschrieben und bewertet. Die Werte erscheinen auf den Abstammungs-und Leistungsausweisen. Es wird Wert gelegt auf&nbsp;ein gutes Fundament und gute Bemuskelung (aber Abzug f\u00fcr fette Tiere). Bei den Rassemerkmalen werden sch\u00f6ne Behaarung und [&hellip;]<\/p>\n","protected":false},"author":1,"featured_media":0,"parent":26,"menu_order":0,"comment_status":"closed","ping_status":"closed","template":"","meta":{"footnotes":""},"class_list":["post-58","page","type-page","status-publish","hentry"],"_links":{"self":[{"href":"https:\/\/syv.ch\/de\/wp-json\/wp\/v2\/pages\/58","targetHints":{"allow":["GET"]}}],"collection":[{"href":"https:\/\/syv.ch\/de\/wp-json\/wp\/v2\/pages"}],"about":[{"href":"https:\/\/syv.ch\/de\/wp-json\/wp\/v2\/types\/page"}],"author":[{"embeddable":true,"href":"https:\/\/syv.ch\/de\/wp-json\/wp\/v2\/users\/1"}],"replies":[{"embeddable":true,"href":"https:\/\/syv.ch\/de\/wp-json\/wp\/v2\/comments?post=58"}],"version-history":[{"count":3,"href":"https:\/\/syv.ch\/de\/wp-json\/wp\/v2\/pages\/58\/revisions"}],"predecessor-version":[{"id":19832,"href":"https:\/\/syv.ch\/de\/wp-json\/wp\/v2\/pages\/58\/revisions\/19832"}],"up":[{"embeddable":true,"href":"https:\/\/syv.ch\/de\/wp-json\/wp\/v2\/pages\/26"}],"wp:attachment":[{"href":"https:\/\/syv.ch\/de\/wp-json\/wp\/v2\/media?parent=58"}],"curies":[{"name":"wp","href":"https:\/\/api.w.org\/{rel}","templated":true}]}}