{"id":84,"date":"2019-01-23T07:45:46","date_gmt":"2019-01-23T07:45:46","guid":{"rendered":"https:\/\/syv.undefiniert.ch\/?page_id=84"},"modified":"2025-08-21T09:37:47","modified_gmt":"2025-08-21T07:37:47","slug":"wolle","status":"publish","type":"page","link":"https:\/\/syv.ch\/de\/yaks\/wolle\/","title":{"rendered":"Wolle"},"content":{"rendered":"\n<h3 class=\"wp-block-heading\">Wolle<\/h3>\n\n\n\n<hr class=\"wp-block-separator has-alpha-channel-opacity\"\/>\n\n\n\n<div style=\"height:10px\" aria-hidden=\"true\" class=\"wp-block-spacer\"><\/div>\n\n\n\n<p>Der Yak verf\u00fcgt als einzige Rinderart \u00fcber ein mehrschichtiges, besonders dichtes Haarkleid. Es lassen sich von aussen nach innen festeres Deckhaar<sup>1<\/sup>, gr\u00f6bere Wolle (\u00dcbergangshaar) und feines, spinnf\u00e4higes Unterhaar (Feinwolle, Flaum) unterscheiden.<br><br>Der Wollertrag unterliegt wie bei anderen Wolllieferanten einer Vielzahl von beeinflussenden Faktoren. Er ist abh\u00e4ngig von Geschlecht und Alter der Tiere, von Art und Menge des Nahrungsangebotes sowie von den \u00f6kologischen Bedingungen des Standortes, auf dem die Yaks gehalten werden.<br><br>Das Winterfell, welches zum Grossteil aus Flaum besteht, l\u00f6st sich dabei in grossen Placken ab. Der Ausfall beginnt vorn am Hals und setzt sich \u00fcber den R\u00fccken, bauchw\u00e4rts endend, fort.<br><br>Die drei Haararten weisen unterschiedliche Dicken und L\u00e4ngen auf.<br><br> Die langen Deckhaare sind markhaltig, grob, nicht gekr\u00e4uselt und  zwischen 88 und 210mm lang. Ihre Hauptfunktion liegt im Schutz vor K\u00e4lte  und Regen. <br><br>Die groben Wollhaare liegen in ihrer Dicke zwischen den beiden anderen Typen und weisen eine L\u00e4nge von 52 bis 130 mm auf. Sie sind nur zum Teil markhaltig und wenig gekr\u00e4uselt. <br><br>Flaum: Die Fasern weisen eine unregelm\u00e4ssige Kr\u00e4uselung auf, sind marklos und zwischen 36 und 41 mm lang. Der Yakflaum stellt eine seltene Faser in der Tierwelt dar.<\/p>\n\n\n\n<p>1) Unter Deckhaar versteht man die \u00e4usseren langen Haare an der Brust sowie die Bauchm\u00e4hne<\/p>\n\n\n\n<p>Quelle: <a href=\"http:\/\/www.yaks.ch\/\">www.yaks.ch<\/a><\/p>\n\n\n\n<h4 class=\"wp-block-heading\">Bei folgenden Produzenten kann man Yakwoll-Produkte beziehen:<\/h4>\n\n\n\n<ul class=\"wp-block-list\">\n<li><a href=\"http:\/\/www.khunu.com\">www.khunu.com<\/a><\/li>\n\n\n\n<li><a href=\"http:\/\/www.norlha.com\">www.norlha.com<\/a><\/li>\n\n\n\n<li><a href=\"http:\/\/www.kora.net\">www.kora.net<\/a><\/li>\n\n\n\n<li>In der Schweiz mit Yakwolle aus der Mongolei:\n<ul class=\"wp-block-list\">\n<li><a href=\"http:\/\/www.laineriedumonde.ch\">www.laineriedumonde.ch<\/a><\/li>\n\n\n\n<li><a href=\"https:\/\/www.mongolianhandicrafts.com\">www.mongolianhandicrafts.com<\/a><\/li>\n<\/ul>\n<\/li>\n<\/ul>\n","protected":false},"excerpt":{"rendered":"<p>Wolle Der Yak verf\u00fcgt als einzige Rinderart \u00fcber ein mehrschichtiges, besonders dichtes Haarkleid. Es lassen sich von aussen nach innen festeres Deckhaar1, gr\u00f6bere Wolle (\u00dcbergangshaar) und feines, spinnf\u00e4higes Unterhaar (Feinwolle, Flaum) unterscheiden. Der Wollertrag unterliegt wie bei anderen Wolllieferanten einer Vielzahl von beeinflussenden Faktoren. Er ist abh\u00e4ngig von Geschlecht und Alter der Tiere, von Art [&hellip;]<\/p>\n","protected":false},"author":1,"featured_media":0,"parent":30,"menu_order":0,"comment_status":"closed","ping_status":"closed","template":"","meta":{"footnotes":""},"class_list":["post-84","page","type-page","status-publish","hentry"],"_links":{"self":[{"href":"https:\/\/syv.ch\/de\/wp-json\/wp\/v2\/pages\/84","targetHints":{"allow":["GET"]}}],"collection":[{"href":"https:\/\/syv.ch\/de\/wp-json\/wp\/v2\/pages"}],"about":[{"href":"https:\/\/syv.ch\/de\/wp-json\/wp\/v2\/types\/page"}],"author":[{"embeddable":true,"href":"https:\/\/syv.ch\/de\/wp-json\/wp\/v2\/users\/1"}],"replies":[{"embeddable":true,"href":"https:\/\/syv.ch\/de\/wp-json\/wp\/v2\/comments?post=84"}],"version-history":[{"count":7,"href":"https:\/\/syv.ch\/de\/wp-json\/wp\/v2\/pages\/84\/revisions"}],"predecessor-version":[{"id":19451,"href":"https:\/\/syv.ch\/de\/wp-json\/wp\/v2\/pages\/84\/revisions\/19451"}],"up":[{"embeddable":true,"href":"https:\/\/syv.ch\/de\/wp-json\/wp\/v2\/pages\/30"}],"wp:attachment":[{"href":"https:\/\/syv.ch\/de\/wp-json\/wp\/v2\/media?parent=84"}],"curies":[{"name":"wp","href":"https:\/\/api.w.org\/{rel}","templated":true}]}}