{"id":96,"date":"2019-01-23T07:49:57","date_gmt":"2019-01-23T07:49:57","guid":{"rendered":"https:\/\/syv.undefiniert.ch\/?page_id=96"},"modified":"2025-08-21T10:07:36","modified_gmt":"2025-08-21T08:07:36","slug":"inserat-platzieren","status":"publish","type":"page","link":"https:\/\/syv.ch\/de\/marktplatz\/inserat-platzieren\/","title":{"rendered":"Inserat platzieren"},"content":{"rendered":"\n<h3 class=\"wp-block-heading\">Inserat platzieren<\/h3>\n\n\n\n<hr class=\"wp-block-separator has-alpha-channel-opacity\"\/>\n\n\n\n<div style=\"height:10px\" aria-hidden=\"true\" class=\"wp-block-spacer\"><\/div>\n\n\n\n<p>Unser 24-Stunden-Marktplatz ist nur f\u00fcr Vereinsmitglieder ge\u00f6ffnet. Auf unserem Marktplatz kannst du jederzeit direkt und einfach ein Yak-spezifisches Inserat gratis f\u00fcr die Dauer von einem Monat plazieren.<\/p>\n\n\n\n<p><em>Achtung: Alle Inserate, die nicht den Verkauf\neines Tieres betreffen, m\u00fcssen mit der Preisangabe \u201cnach Vereinbarung\u201d versehen\nwerden. Falls das nicht der Fall ist, wird das Inserat entfernt und das\nMitglied f\u00fcr Inserate gesperrt.<\/em><\/p>\n\n\n\n<p>Preisrichtlinien SYV f\u00fcr Herdebuchtiere mit Abstammungspapieren:<\/p>\n\n\n\n<p>1-j\u00e4hrig, m\u00e4nnlich: 1500 sFr.<br>1-j\u00e4hrig, weiblich: 2000 sFr.<br>2-j\u00e4hrig, m\u00e4nnlich: 2000 sFr.<br>2-j\u00e4hrig, weiblich: 2200 sFr.<br>2-j\u00e4hrig, weiblich, tragend: 2500 sFr.<br>Ab 4 j\u00e4hrig, m\u00e4nnlich: 3500 sFr.<br>Ab 4 j\u00e4hrig, weiblich, tragend: 3000 sFr. &#8211; 3500 sFr.<\/p>\n\n\n<div class=\"frm_forms  with_frm_style frm_style_formidable-style\" id=\"frm_form_18_container\" >\n<form enctype=\"multipart\/form-data\" method=\"post\" class=\"frm-show-form  frm_pro_form \" id=\"form_contact233\" >\n<div class=\"frm_form_fields \">\n<fieldset>\n<legend class=\"frm_screen_reader\">Inserat platzieren<\/legend>\r\n\r\n<div class=\"frm_fields_container\">\n<input type=\"hidden\" name=\"frm_action\" value=\"create\" \/>\n<input type=\"hidden\" name=\"form_id\" value=\"18\" \/>\n<input type=\"hidden\" name=\"frm_hide_fields_18\" id=\"frm_hide_fields_18\" value=\"\" \/>\n<input type=\"hidden\" name=\"form_key\" value=\"contact233\" \/>\n<input type=\"hidden\" name=\"item_meta[0]\" value=\"\" \/>\n<input type=\"hidden\" id=\"frm_submit_entry_18\" name=\"frm_submit_entry_18\" value=\"cf930b9663\" \/><input type=\"hidden\" name=\"_wp_http_referer\" value=\"\/de\/wp-json\/wp\/v2\/pages\/96\" \/><div id=\"frm_field_215_container\" class=\"frm_form_field  frm_html_container form-field\">\n<div class=\"frm_primary_label\">(<span class=\"frm_required\">*<\/span> = Pflichtfeld)<\/div>\n<\/div>\n<div id=\"frm_field_352_container\" class=\"frm_form_field form-field  frm_required_field frm_top_container frm12 frm_first vertical_radio\">\r\n\t<div  id=\"field_uqqrx_label\" class=\"frm_primary_label\">Art\r\n\t\t<span class=\"frm_required\" aria-hidden=\"true\">*<\/span>\r\n\t<\/div>\r\n\t<div class=\"frm_opt_container\" aria-labelledby=\"field_uqqrx_label\" role=\"radiogroup\" aria-required=\"true\">\t\t<div class=\"frm_radio\" id=\"frm_radio_352-0\">\t\t\t<label  for=\"field_uqqrx-0\">\n\t\t\t\t\t<input type=\"radio\" name=\"item_meta[352]\" id=\"field_uqqrx-0\" value=\"Kauf\"\n\t\t data-reqmsg=\"Dieses Feld darf nicht leer sein.\" data-invmsg=\"Art ist ung\u00fcltig\"   \/> Kauf<\/label><\/div>\n\t\t<div class=\"frm_radio\" id=\"frm_radio_352-1\">\t\t\t<label  for=\"field_uqqrx-1\">\n\t\t\t\t\t<input type=\"radio\" name=\"item_meta[352]\" id=\"field_uqqrx-1\" value=\"Verkauf\"\n\t\t data-reqmsg=\"Dieses Feld darf nicht leer sein.\" data-invmsg=\"Art ist ung\u00fcltig\"   \/> Verkauf<\/label><\/div>\n<\/div>\r\n\t\r\n\t\r\n<\/div>\n<div id=\"frm_field_217_container\" class=\"frm_form_field form-field  frm_required_field frm_left_container\">\r\n    <label for=\"field_6waml33\" id=\"field_6waml33_label\" class=\"frm_primary_label\">Name\r\n        <span class=\"frm_required\">*<\/span>\r\n    <\/label>\r\n    <input  type=\"text\" id=\"field_6waml33\" name=\"item_meta[217]\" value=\"\"  data-reqmsg=\"Dieses Feld darf nicht leer sein.\" aria-required=\"true\" data-invmsg=\"Name ist ung\u00fcltig\" aria-invalid=\"false\"   \/>\r\n    \r\n    \r\n<\/div>\n<div id=\"frm_field_219_container\" class=\"frm_form_field form-field  frm_required_field frm_left_container\">\r\n    <label for=\"field_29yf4d333\" id=\"field_29yf4d333_label\" class=\"frm_primary_label\">Strasse und Hausnummer\r\n        <span class=\"frm_required\">*<\/span>\r\n    <\/label>\r\n    <input  type=\"text\" id=\"field_29yf4d333\" name=\"item_meta[219]\" value=\"\"  data-reqmsg=\"Dieses Feld darf nicht leer sein.\" aria-required=\"true\" data-invmsg=\"Please enter a valid email address\" aria-invalid=\"false\"   \/>\r\n    \r\n    \r\n<\/div>\n<div id=\"frm_field_220_container\" class=\"frm_form_field form-field  frm_required_field frm_left_container\">\r\n    <label for=\"field_9kih833\" id=\"field_9kih833_label\" class=\"frm_primary_label\">PLZ\/Ort\r\n        <span class=\"frm_required\">*<\/span>\r\n    <\/label>\r\n    <input  type=\"text\" id=\"field_9kih833\" name=\"item_meta[220]\" value=\"\"  data-reqmsg=\"Dieses Feld darf nicht leer sein.\" aria-required=\"true\" data-invmsg=\"Please enter a valid email address\" aria-invalid=\"false\"   \/>\r\n    \r\n    \r\n<\/div>\n<div id=\"frm_field_224_container\" class=\"frm_form_field form-field  frm_required_field frm_left_container\">\r\n    <label for=\"field_dt0053\" id=\"field_dt0053_label\" class=\"frm_primary_label\">E-Mail\r\n        <span class=\"frm_required\">*<\/span>\r\n    <\/label>\r\n    <input type=\"email\" id=\"field_dt0053\" name=\"item_meta[224]\" value=\"\"  data-reqmsg=\"Dieses Feld darf nicht leer sein.\" aria-required=\"true\" data-invmsg=\"Please enter a valid email address\" aria-invalid=\"false\"  \/>\r\n    \r\n    \r\n<\/div>\n<div id=\"frm_field_221_container\" class=\"frm_form_field form-field  frm_required_field frm_left_container\">\r\n    <label for=\"field_waxqg33\" id=\"field_waxqg33_label\" class=\"frm_primary_label\">Telefon\r\n        <span class=\"frm_required\">*<\/span>\r\n    <\/label>\r\n    <input  type=\"text\" id=\"field_waxqg33\" name=\"item_meta[221]\" value=\"\"  data-reqmsg=\"Dieses Feld darf nicht leer sein.\" aria-required=\"true\" data-invmsg=\"Please enter a valid email address\" aria-invalid=\"false\"   \/>\r\n    \r\n    \r\n<\/div>\n<div id=\"frm_field_227_container\" class=\"frm_form_field form-field  frm_required_field frm_left_container\">\r\n    <label for=\"field_s7um9\" id=\"field_s7um9_label\" class=\"frm_primary_label\">Was Kaufen\/Verkaufen Sie?\r\n        <span class=\"frm_required\">*<\/span>\r\n    <\/label>\r\n    <input  type=\"text\" id=\"field_s7um9\" name=\"item_meta[227]\" value=\"\"  data-reqmsg=\"Dieses Feld darf nicht leer sein.\" aria-required=\"true\" data-invmsg=\"Text ist ung\u00fcltig\" aria-invalid=\"false\"   \/>\r\n    \r\n    \r\n<\/div>\n<div id=\"frm_field_222_container\" class=\"frm_form_field form-field  frm_required_field frm_left_container\">\r\n    <label for=\"field_q2k7h33\" id=\"field_q2k7h33_label\" class=\"frm_primary_label\">Text\r\n        <span class=\"frm_required\">*<\/span>\r\n    <\/label>\r\n    <textarea name=\"item_meta[222]\" id=\"field_q2k7h33\" rows=\"5\"  data-reqmsg=\"Dieses Feld darf nicht leer sein.\" aria-required=\"true\" data-invmsg=\"Text ist ung\u00fcltig\" aria-invalid=\"false\"  ><\/textarea>\r\n    \r\n    \r\n<\/div>\n<div id=\"frm_field_223_container\" class=\"frm_form_field form-field  frm_required_field frm_left_container\">\r\n    <label for=\"field_1xeuh33\" id=\"field_1xeuh33_label\" class=\"frm_primary_label\">Preis\r\n        <span class=\"frm_required\">*<\/span>\r\n    <\/label>\r\n    <div class=\"frm_input_group frm_with_box frm_with_post\"><input  type=\"text\" id=\"field_1xeuh33\" name=\"item_meta[223]\" value=\"\"  data-reqmsg=\"Dieses Feld darf nicht leer sein.\" aria-required=\"true\" data-invmsg=\"Please enter a valid email address\" aria-invalid=\"false\"   \/><span class=\"frm_inline_box\">CHF<\/span><\/div>\r\n    \r\n    \r\n<\/div>\n<div id=\"frm_field_226_container\" class=\"frm_form_field form-field  frm_left_container\">\r\n    <div  id=\"field_bdk0d3_label\" class=\"frm_primary_label\">Bild\r\n        <span class=\"frm_required\"><\/span>\r\n    <\/div>\r\n    <input type=\"hidden\"  data-invmsg=\"Datei-Upload ist ung\u00fcltig\" class=\"auto_width\" aria-invalid=\"false\"   name=\"item_meta[226]\"  value=\"\" data-frmfile=\"226\" \/>\n\n<div class=\"frm_dropzone frm_single_upload frm_clearfix\" id=\"file226_dropzone\" role=\"group\" >\n\t<div class=\"fallback\">\n\t\t<input type=\"file\" name=\"file226\" id=\"field_bdk0d3\"\n\t\t\t data-invmsg=\"Datei-Upload ist ung\u00fcltig\" class=\"auto_width\" aria-invalid=\"false\"  \t\t\t\/>\n\t\t\t\t<div class=\"frm_clearfix \"><\/div>\n\t<\/div>\n\t<div class=\"dz-message needsclick\">\n\t\t\t\t<svg  viewBox=\"0 0 18 18\" class=\"frmsvg frm-svg-icon\">\n\t<path viewBox=\"0 0 18 18\" fill-rule=\"evenodd\" clip-rule=\"evenodd\" d=\"M8.2 4v8a.8.8 0 001.5 0V4l2.1 2.2A.7.7 0 1013 5L9.5 1.7a.7.7 0 00-1.1 0L5.1 5.2a.8.8 0 001 1l2.1-2zm7.6 4.3c.4 0 .7.3.7.7v6.8c0 .4-.3.7-.8.7H2.3a.8.8 0 01-.8-.8V9A.8.8 0 013 9v6h12V9c0-.4.3-.8.8-.8z\"><\/path>\n<\/svg>\t\t<span class=\"frm_upload_text\"><button type=\"button\" aria-label=\"Bild. Zum Hochladen Datei hier ablegen oder auf Button klicken.. Maximale Dateigr\u00f6\u00dfe: 10MB\">Zum Hochladen Datei hier ablegen oder auf Button klicken.<\/button><\/span>\n\t\t<span class=\"frm_compact_text\"><button type=\"button\" aria-label=\"Bild. Datei w\u00e4hlen. Maximale Dateigr\u00f6\u00dfe: 10MB\">Datei w\u00e4hlen<\/button><\/span>\n\t\t<div class=\"frm_small_text\">\n\t\t\t<p>Maximale Dateigr\u00f6\u00dfe: 10MB<\/p>\n\t\t<\/div>\n\t<\/div>\n<\/div>\n\t\r\n    \r\n    \r\n<\/div>\n<div id=\"frm_field_258_container\" class=\"frm_form_field form-field  frm_none_container\">\r\n    <label for=\"g-recaptcha-response\" id=\"field_574qy_label\" class=\"frm_primary_label\">Spamschutz\r\n        <span class=\"frm_required\"><\/span>\r\n    <\/label>\r\n    <div  id=\"field_574qy\" class=\"frm-g-recaptcha\" data-sitekey=\"6LcVxaUZAAAAALlf9oZwT2XDbI5OCqRIKdZGZYde\" data-size=\"normal\" data-theme=\"light\"><\/div>\r\n    \r\n    \r\n<\/div>\n<div id=\"frm_field_342_container\" class=\"frm_form_field form-field  frm12 frm_first\">\r\n\t<div class=\"frm_submit\">\r\n\r\n<button class=\"frm_button_submit frm_final_submit\" type=\"submit\"   formnovalidate=\"formnovalidate\">Senden<\/button>\r\n\r\n<\/div>\r\n<\/div>\n\t<input type=\"hidden\" name=\"item_key\" value=\"\" \/>\n\t\t\t<div id=\"frm_field_512_container\">\n\t\t\t<label for=\"field_r1pdn\" >\n\t\t\t\tFalls Du menschlich bist, lasse dieses Feld leer.\t\t\t<\/label>\n\t\t\t<input  id=\"field_r1pdn\" type=\"text\" class=\"frm_form_field form-field frm_verify\" name=\"item_meta[512]\" value=\"\"  \/>\n\t\t<\/div>\n\t\t<input name=\"frm_state\" type=\"hidden\" value=\"Lbf70GP4MMIMtSxIdzeZfN1BZoeSt1PoTLim7iMnF3ZasxXSzcN4hyZ7yD43A8Zu\" \/><\/div>\n<\/fieldset>\n<\/div>\n\n<\/form>\n<\/div>\n\n","protected":false},"excerpt":{"rendered":"<p>Inserat platzieren Unser 24-Stunden-Marktplatz ist nur f\u00fcr Vereinsmitglieder ge\u00f6ffnet. Auf unserem Marktplatz kannst du jederzeit direkt und einfach ein Yak-spezifisches Inserat gratis f\u00fcr die Dauer von einem Monat plazieren. Achtung: Alle Inserate, die nicht den Verkauf eines Tieres betreffen, m\u00fcssen mit der Preisangabe \u201cnach Vereinbarung\u201d versehen werden. Falls das nicht der Fall ist, wird das [&hellip;]<\/p>\n","protected":false},"author":1,"featured_media":0,"parent":32,"menu_order":0,"comment_status":"closed","ping_status":"closed","template":"","meta":{"footnotes":""},"class_list":["post-96","page","type-page","status-publish","hentry"],"_links":{"self":[{"href":"https:\/\/syv.ch\/de\/wp-json\/wp\/v2\/pages\/96","targetHints":{"allow":["GET"]}}],"collection":[{"href":"https:\/\/syv.ch\/de\/wp-json\/wp\/v2\/pages"}],"about":[{"href":"https:\/\/syv.ch\/de\/wp-json\/wp\/v2\/types\/page"}],"author":[{"embeddable":true,"href":"https:\/\/syv.ch\/de\/wp-json\/wp\/v2\/users\/1"}],"replies":[{"embeddable":true,"href":"https:\/\/syv.ch\/de\/wp-json\/wp\/v2\/comments?post=96"}],"version-history":[{"count":3,"href":"https:\/\/syv.ch\/de\/wp-json\/wp\/v2\/pages\/96\/revisions"}],"predecessor-version":[{"id":19489,"href":"https:\/\/syv.ch\/de\/wp-json\/wp\/v2\/pages\/96\/revisions\/19489"}],"up":[{"embeddable":true,"href":"https:\/\/syv.ch\/de\/wp-json\/wp\/v2\/pages\/32"}],"wp:attachment":[{"href":"https:\/\/syv.ch\/de\/wp-json\/wp\/v2\/media?parent=96"}],"curies":[{"name":"wp","href":"https:\/\/api.w.org\/{rel}","templated":true}]}}