{"id":98,"date":"2019-01-23T07:50:40","date_gmt":"2019-01-23T07:50:40","guid":{"rendered":"https:\/\/syv.undefiniert.ch\/?page_id=98"},"modified":"2025-08-20T16:37:52","modified_gmt":"2025-08-20T14:37:52","slug":"yakzuechter","status":"publish","type":"page","link":"https:\/\/syv.ch\/de\/links\/yakzuechter\/","title":{"rendered":"Yakz\u00fcchter"},"content":{"rendered":"\n<h3 class=\"wp-block-heading\">Yakz\u00fcchter<\/h3>\n\n\n\n<h5 class=\"wp-block-heading has-text-align-center\">Mitgliederlinks des SYV<\/h5>\n\n\n\n<div style=\"height:20px\" aria-hidden=\"true\" class=\"wp-block-spacer\"><\/div>\n\n\n\n<h2 class=\"wp-block-heading has-text-align-left has-medium-font-size\">Yakhof<\/h2>\n\n\n\n<p><a href=\"http:\/\/yakhof.ch\/\">yakhof.ch<\/a><\/p>\n\n\n\n<p>Unser Yak-Hof liegt auf 900 m.\u00fc.M. in der Gemeinde Marbach auf halbem Weg zwischen Luzern und Bern, am Fusse der Schrattenfluh in der Biosph\u00e4re Entlebuch. Das Bergheimet umfasst eine Fl\u00e4che von ca. 4 Hektaren inkl. Wald. Neben Schafen und H\u00fchnern werden auf dem Nebenerwerbsbetrieb haupts\u00e4chlich Yaks zur Fleischproduktion gez\u00fcchtet.<\/p>\n\n\n\n<h2 class=\"wp-block-heading has-text-align-left has-medium-font-size\">Yak shu lo che<\/h2>\n\n\n\n<p><a href=\"http:\/\/www.yakshuloche.ch\/\">yakshuloche.ch<\/a><\/p>\n\n\n\n<p>Bienvenue \u00e0 la Giette, petit hameau dans les alpes valaisannes. Hameau des yaks, hameau des rochers. C\u2019est pourquoi ce nom \u201cyak shu lo ch\u00e9\u201d qui, en patois \u00e9vol\u00e9nard, veut dire : yaks sur le rocher.<\/p>\n\n\n\n<h2 class=\"wp-block-heading has-text-align-left has-medium-font-size\">Yak Tsang Ling<\/h2>\n\n\n\n<p><a href=\"http:\/\/www.yaks.ch\/\">yaks.ch<\/a><\/p>\n\n\n\n<p>Hier finden sie Informationen \u00fcber aktuelle Ereignisse rund um den Yakhof Roti Fl\u00fco, \u00fcber unsere Yakhaltung und Yakzucht, \u00fcber Yakinfos aus der ganzen Welt, \u00fcber unser Angebot an Yakspezialit\u00e4ten, \u00fcber unser Ferienhaus f\u00fcr 20 Personen und vieles mehr!<\/p>\n\n\n\n<h2 class=\"wp-block-heading has-text-align-left has-medium-font-size\">Yaks im Safiental<\/h2>\n\n\n\n<p><a href=\"http:\/\/bandli.ch\/\">bandli.ch<\/a><\/p>\n\n\n\n<p>Lamatrekking im Safiental Schneeschuhtouren im Safiental auf dem Yak- und Lama-Hof G\u00e4demli in Safien Platz im Safiental im Kanton Graub\u00fcnden, der Ferienecke der Schweiz.<\/p>\n\n\n\n<h2 class=\"wp-block-heading has-text-align-left has-medium-font-size\">Yaks im T\u00f6sstal<\/h2>\n\n\n\n<p><a href=\"http:\/\/www.leosberkel.ch\/\">leosberkel.ch<\/a><\/p>\n\n\n\n<p>Seit geraumer Zeit bewirtschaftet Familie Piscitelli einen Landwirtschaftsbetrieb in Steg im T\u00f6sstal.<\/p>\n\n\n\n<h2 class=\"wp-block-heading has-text-align-left has-medium-font-size\">YAK-A-OSER (&#8230;wage es einfach)<\/h2>\n\n\n\n<p><a href=\"http:\/\/www.yaktrekking.ch\/\">yaktrekking.ch<\/a><\/p>\n\n\n\n<p>Willkommen in Chermignon \u2013 Walliser Dorf in der Gemeinde von Crans-Montana. Hier werdet Ihr<br>unsere Yaks und unsere anderen Tiere entdecken. Bei uns kultivieren wir nur sch\u00f6ne Geschichten<br>und gl\u00fcckliche Momente. Rund um den Hof YAK-A-OSER werden Sie in Begleitung unserer Yaks \u2013<br>zwischen W\u00e4ldern und Seen \u2013 (wieder-)entdecken zu sein und zu f\u00fchlen\u2026<\/p>\n\n\n\n<h2 class=\"wp-block-heading has-text-align-left has-medium-font-size\">Yakhof Heinz<\/h2>\n\n\n\n<p><a href=\"http:\/\/www.yakhof-heinz.ch\/\">yakhof-heinz.ch<\/a><\/p>\n\n\n\n<p>Die Familie Heinz bewirtschaftet einen Yakhof in Sufers.<\/p>\n\n\n\n<h2 class=\"wp-block-heading has-text-align-left has-medium-font-size\">YakYakAlice &#8211; Blatthof<\/h2>\n\n\n\n<p><a href=\"https:\/\/www.yakyakalice.ch\/\">yakyakalice.ch<\/a><\/p>\n\n\n\n<p>Die Familie Heinz bewirtschaftet einen Yakhof in Sufers.<\/p>\n","protected":false},"excerpt":{"rendered":"<p>Yakz\u00fcchter Mitgliederlinks des SYV Yakhof yakhof.ch Unser Yak-Hof liegt auf 900 m.\u00fc.M. in der Gemeinde Marbach auf halbem Weg zwischen Luzern und Bern, am Fusse der Schrattenfluh in der Biosph\u00e4re Entlebuch. Das Bergheimet umfasst eine Fl\u00e4che von ca. 4 Hektaren inkl. Wald. Neben Schafen und H\u00fchnern werden auf dem Nebenerwerbsbetrieb haupts\u00e4chlich Yaks zur Fleischproduktion gez\u00fcchtet. [&hellip;]<\/p>\n","protected":false},"author":1,"featured_media":0,"parent":36,"menu_order":0,"comment_status":"closed","ping_status":"closed","template":"","meta":{"footnotes":""},"class_list":["post-98","page","type-page","status-publish","hentry"],"_links":{"self":[{"href":"https:\/\/syv.ch\/de\/wp-json\/wp\/v2\/pages\/98","targetHints":{"allow":["GET"]}}],"collection":[{"href":"https:\/\/syv.ch\/de\/wp-json\/wp\/v2\/pages"}],"about":[{"href":"https:\/\/syv.ch\/de\/wp-json\/wp\/v2\/types\/page"}],"author":[{"embeddable":true,"href":"https:\/\/syv.ch\/de\/wp-json\/wp\/v2\/users\/1"}],"replies":[{"embeddable":true,"href":"https:\/\/syv.ch\/de\/wp-json\/wp\/v2\/comments?post=98"}],"version-history":[{"count":17,"href":"https:\/\/syv.ch\/de\/wp-json\/wp\/v2\/pages\/98\/revisions"}],"predecessor-version":[{"id":19360,"href":"https:\/\/syv.ch\/de\/wp-json\/wp\/v2\/pages\/98\/revisions\/19360"}],"up":[{"embeddable":true,"href":"https:\/\/syv.ch\/de\/wp-json\/wp\/v2\/pages\/36"}],"wp:attachment":[{"href":"https:\/\/syv.ch\/de\/wp-json\/wp\/v2\/media?parent=98"}],"curies":[{"name":"wp","href":"https:\/\/api.w.org\/{rel}","templated":true}]}}