{"id":1040,"date":"2019-02-20T13:51:51","date_gmt":"2019-02-20T13:51:51","guid":{"rendered":"https:\/\/syv.undefiniert.ch\/?page_id=1040"},"modified":"2025-08-21T09:27:43","modified_gmt":"2025-08-21T07:27:43","slug":"directives-de-detention","status":"publish","type":"page","link":"https:\/\/syv.ch\/fr\/le-yak\/directives-de-detention\/","title":{"rendered":"Directives de d\u00e9tention"},"content":{"rendered":"\n<h3 class=\"wp-block-heading\">Directives de d\u00e9tention<\/h3>\n\n\n\n<hr class=\"wp-block-separator has-alpha-channel-opacity\"\/>\n\n\n\n<div style=\"height:10px\" aria-hidden=\"true\" class=\"wp-block-spacer\"><\/div>\n\n\n\n<p>Vous trouvez ci-dessous les directives de d\u00e9tention pour yaks comme con\u00e7ues par l\u2019ASEY.<\/p>\n\n\n\n<div class=\"wp-block-file\"><a id=\"wp-block-file--media-8dfdd8de-3503-4f8d-8b35-c3b405cf06da\" href=\"https:\/\/syv.ch\/wp-content\/uploads\/2025\/08\/Directives-de-detention-2015.pdf\">Directives-de-detention-2015<\/a><a href=\"https:\/\/syv.ch\/wp-content\/uploads\/2025\/08\/Directives-de-detention-2015.pdf\" class=\"wp-block-file__button wp-element-button\" download aria-describedby=\"wp-block-file--media-8dfdd8de-3503-4f8d-8b35-c3b405cf06da\">Download<\/a><\/div>\n","protected":false},"excerpt":{"rendered":"<p>Directives de d\u00e9tention Vous trouvez ci-dessous les directives de d\u00e9tention pour yaks comme con\u00e7ues par l\u2019ASEY.<\/p>\n","protected":false},"author":1,"featured_media":0,"parent":910,"menu_order":0,"comment_status":"closed","ping_status":"closed","template":"","meta":{"footnotes":""},"class_list":["post-1040","page","type-page","status-publish","hentry"],"_links":{"self":[{"href":"https:\/\/syv.ch\/fr\/wp-json\/wp\/v2\/pages\/1040","targetHints":{"allow":["GET"]}}],"collection":[{"href":"https:\/\/syv.ch\/fr\/wp-json\/wp\/v2\/pages"}],"about":[{"href":"https:\/\/syv.ch\/fr\/wp-json\/wp\/v2\/types\/page"}],"author":[{"embeddable":true,"href":"https:\/\/syv.ch\/fr\/wp-json\/wp\/v2\/users\/1"}],"replies":[{"embeddable":true,"href":"https:\/\/syv.ch\/fr\/wp-json\/wp\/v2\/comments?post=1040"}],"version-history":[{"count":6,"href":"https:\/\/syv.ch\/fr\/wp-json\/wp\/v2\/pages\/1040\/revisions"}],"predecessor-version":[{"id":19445,"href":"https:\/\/syv.ch\/fr\/wp-json\/wp\/v2\/pages\/1040\/revisions\/19445"}],"up":[{"embeddable":true,"href":"https:\/\/syv.ch\/fr\/wp-json\/wp\/v2\/pages\/910"}],"wp:attachment":[{"href":"https:\/\/syv.ch\/fr\/wp-json\/wp\/v2\/media?parent=1040"}],"curies":[{"name":"wp","href":"https:\/\/api.w.org\/{rel}","templated":true}]}}