{"id":1051,"date":"2019-02-20T14:20:43","date_gmt":"2019-02-20T14:20:43","guid":{"rendered":"https:\/\/syv.undefiniert.ch\/?page_id=1051"},"modified":"2025-08-21T09:58:35","modified_gmt":"2025-08-21T07:58:35","slug":"projets-de-recherche","status":"publish","type":"page","link":"https:\/\/syv.ch\/fr\/le-yak\/projets-de-recherche\/","title":{"rendered":"Projets de recherche"},"content":{"rendered":"\n<h3 class=\"wp-block-heading\">Projets de recherche<\/h3>\n\n\n\n<hr class=\"wp-block-separator has-alpha-channel-opacity\"\/>\n\n\n\n<div style=\"height:10px\" aria-hidden=\"true\" class=\"wp-block-spacer\"><\/div>\n\n\n\n<p><strong> <strong>Viande<\/strong><\/strong><\/p>\n\n\n\n<ul class=\"wp-block-list\">\n<li>The yak genome and adaptation to life at high altitude. Adaptions du m\u00e9tabolisme du yak.\u00a0<a href=\"https:\/\/www.nature.com\/articles\/ng.2343\">https:\/\/www.nature.com\/articles\/ng.2343<\/a><\/li>\n\n\n\n<li>Genetic Diversity, Molecular Phylogeny, and Selection Evidence of Jinchuan Yak Revealed by Whole-Genome Resequencing. G\u00e9n\u00e9tique du yak Jinchuan de bon rendement en viande et lait.\u00a0<a href=\"http:\/\/www.g3journal.org\/content\/8\/3\/945\">http:\/\/www.g3journal.org\/content\/8\/3\/945<\/a><\/li>\n<\/ul>\n\n\n\n<p><strong><strong>Couleur<\/strong><\/strong><\/p>\n\n\n\n<ul class=\"wp-block-list\">\n<li>The genetics of brown coat color and white spotting in domestic yaks (Bos grunniens). D\u2019o\u00f9 viennent le couleur brun et les taches blanches du yak.\u00a0<a href=\"https:\/\/www.luo-lab.org\/publications\/Zhang14-AniGen-YakColor-MainSupp.pdf\">https:\/\/www.luo-lab.org\/publications\/Zhang14-AniGen-YakColor-MainSupp.pdf<\/a><\/li>\n<\/ul>\n\n\n\n<p><strong>R\u00e9production et g\u00e9n\u00e9tique<\/strong><\/p>\n\n\n\n<ul class=\"wp-block-list\">\n<li>Toward Understanding the Genetic Basis of Yak Ovary Reproduction: A Characterization and Comparative Analyses of Estrus Ovary Transcriptiome in Yak and Cattle. R\u00e9production du yak.\u00a0<a href=\"https:\/\/www.ncbi.nlm.nih.gov\/pmc\/articles\/PMC4820115\/\">https:\/\/www.ncbi.nlm.nih.gov\/pmc\/articles\/PMC4820115\/<\/a><\/li>\n\n\n\n<li>Animal genetics: The bovine heritage of the yak. D\u00e9but de la hybridation du yak et du boeuf commun.\u00a0<a href=\"https:\/\/www.sciencedaily.com\/releases\/2017\/01\/170130133325.htm\">https:\/\/www.sciencedaily.com\/releases\/2017\/01\/170130133325.htm<\/a><\/li>\n<\/ul>\n","protected":false},"excerpt":{"rendered":"<p>Projets de recherche Viande Couleur R\u00e9production et g\u00e9n\u00e9tique<\/p>\n","protected":false},"author":1,"featured_media":0,"parent":910,"menu_order":0,"comment_status":"closed","ping_status":"closed","template":"","meta":{"footnotes":""},"class_list":["post-1051","page","type-page","status-publish","hentry"],"_links":{"self":[{"href":"https:\/\/syv.ch\/fr\/wp-json\/wp\/v2\/pages\/1051","targetHints":{"allow":["GET"]}}],"collection":[{"href":"https:\/\/syv.ch\/fr\/wp-json\/wp\/v2\/pages"}],"about":[{"href":"https:\/\/syv.ch\/fr\/wp-json\/wp\/v2\/types\/page"}],"author":[{"embeddable":true,"href":"https:\/\/syv.ch\/fr\/wp-json\/wp\/v2\/users\/1"}],"replies":[{"embeddable":true,"href":"https:\/\/syv.ch\/fr\/wp-json\/wp\/v2\/comments?post=1051"}],"version-history":[{"count":2,"href":"https:\/\/syv.ch\/fr\/wp-json\/wp\/v2\/pages\/1051\/revisions"}],"predecessor-version":[{"id":19470,"href":"https:\/\/syv.ch\/fr\/wp-json\/wp\/v2\/pages\/1051\/revisions\/19470"}],"up":[{"embeddable":true,"href":"https:\/\/syv.ch\/fr\/wp-json\/wp\/v2\/pages\/910"}],"wp:attachment":[{"href":"https:\/\/syv.ch\/fr\/wp-json\/wp\/v2\/media?parent=1051"}],"curies":[{"name":"wp","href":"https:\/\/api.w.org\/{rel}","templated":true}]}}