{"id":1058,"date":"2019-02-20T14:29:07","date_gmt":"2019-02-20T14:29:07","guid":{"rendered":"https:\/\/syv.undefiniert.ch\/?page_id=1058"},"modified":"2026-02-09T21:35:35","modified_gmt":"2026-02-09T20:35:35","slug":"trekking","status":"publish","type":"page","link":"https:\/\/syv.ch\/fr\/le-yak\/trekking\/","title":{"rendered":"Trekking"},"content":{"rendered":"\n<h3 class=\"wp-block-heading\">Trekking<\/h3>\n\n\n\n<hr class=\"wp-block-separator has-alpha-channel-opacity\"\/>\n\n\n\n<div style=\"height:10px\" aria-hidden=\"true\" class=\"wp-block-spacer\"><\/div>\n\n\n\n<p>Dans leurs pays d\u2019origine, les yaks sont utilis\u00e9s comme animaux de b\u00e2t. Pour ce travail ou le labour, la plupart des animaux sont des m\u00e2les castr\u00e9s ou bien des croisements car leur maniement est plus facile. Les animaux peuvent travailler pendant environ 15 ans. Un boeuf de yak de 5 ans charg\u00e9 d\u2019un poids de 65 \u00e0 80 kg peut r\u00e9aliser un trajet de 25 \u00e0 30 km par jour.<\/p>\n\n\n\n<p>Le trekking se peut faire en Suisse par les op\u00e9rateurs suivants:<\/p>\n\n\n\n<ul class=\"wp-block-list\">\n<li><a href=\"http:\/\/www.yakshuloche.ch\/trekking\">Devenir nomade de yak pendant quelques jours avec Rosula Blanc et son team<\/a><\/li>\n\n\n\n<li><a href=\"http:\/\/www.yaktrekking.ch\/\">Yaktrekking \/ promenades et d\u00e9couverte de nos yaks d\u00e8s la 1\/2-journ\u00e9e \u2013 \u00e0 l\u2019ann\u00e9e pour petits et grands<\/a><\/li>\n\n\n\n<li>Et pour les gens \u00e0 mobilit\u00e9 r\u00e9duite les\u00a0<a href=\"https:\/\/www.youtube.com\/watch?v=XvBR5IerULc\">promenades<\/a>\u00a0dans la nouvelle\u00a0<a href=\"https:\/\/www.terredecoeur.ch\/sp%C3%A9cial-handicap\">charrette de yak<\/a><\/li>\n<\/ul>\n","protected":false},"excerpt":{"rendered":"<p>Trekking Dans leurs pays d\u2019origine, les yaks sont utilis\u00e9s comme animaux de b\u00e2t. Pour ce travail ou le labour, la plupart des animaux sont des m\u00e2les castr\u00e9s ou bien des croisements car leur maniement est plus facile. Les animaux peuvent travailler pendant environ 15 ans. Un boeuf de yak de 5 ans charg\u00e9 d\u2019un poids [&hellip;]<\/p>\n","protected":false},"author":1,"featured_media":0,"parent":910,"menu_order":0,"comment_status":"closed","ping_status":"closed","template":"","meta":{"footnotes":""},"class_list":["post-1058","page","type-page","status-publish","hentry"],"_links":{"self":[{"href":"https:\/\/syv.ch\/fr\/wp-json\/wp\/v2\/pages\/1058","targetHints":{"allow":["GET"]}}],"collection":[{"href":"https:\/\/syv.ch\/fr\/wp-json\/wp\/v2\/pages"}],"about":[{"href":"https:\/\/syv.ch\/fr\/wp-json\/wp\/v2\/types\/page"}],"author":[{"embeddable":true,"href":"https:\/\/syv.ch\/fr\/wp-json\/wp\/v2\/users\/1"}],"replies":[{"embeddable":true,"href":"https:\/\/syv.ch\/fr\/wp-json\/wp\/v2\/comments?post=1058"}],"version-history":[{"count":5,"href":"https:\/\/syv.ch\/fr\/wp-json\/wp\/v2\/pages\/1058\/revisions"}],"predecessor-version":[{"id":19819,"href":"https:\/\/syv.ch\/fr\/wp-json\/wp\/v2\/pages\/1058\/revisions\/19819"}],"up":[{"embeddable":true,"href":"https:\/\/syv.ch\/fr\/wp-json\/wp\/v2\/pages\/910"}],"wp:attachment":[{"href":"https:\/\/syv.ch\/fr\/wp-json\/wp\/v2\/media?parent=1058"}],"curies":[{"name":"wp","href":"https:\/\/api.w.org\/{rel}","templated":true}]}}