{"id":1062,"date":"2019-02-20T14:32:13","date_gmt":"2019-02-20T14:32:13","guid":{"rendered":"https:\/\/syv.undefiniert.ch\/?page_id=1062"},"modified":"2025-08-21T09:49:36","modified_gmt":"2025-08-21T07:49:36","slug":"laine","status":"publish","type":"page","link":"https:\/\/syv.ch\/fr\/le-yak\/laine\/","title":{"rendered":"Laine"},"content":{"rendered":"\n<h3 class=\"wp-block-heading\">Laine<\/h3>\n\n\n\n<hr class=\"wp-block-separator has-alpha-channel-opacity\"\/>\n\n\n\n<div style=\"height:10px\" aria-hidden=\"true\" class=\"wp-block-spacer\"><\/div>\n\n\n\n<p>Le yak est la seule esp\u00e8ce bovine \u00e0 poss\u00e9der un pelage multicouche et particuli\u00e8rement dense. On distingue de l\u2019ext\u00e9rieur vers l\u2019int\u00e9rieur : un poil de couverture plus ferme (poil de couverture signifie le poil ext\u00e9rieur long sur la poitrine ainsi que la crini\u00e8re ventrale), plus grossier (poil de transition) et fin et filable (laine fine, duvet).<\/p>\n\n\n\n<p>Comme pour d\u2019autres animaux fournissant de la laine, le rendement de laine d\u00e9pend d\u2019une multitude de facteurs influents: le sexe et l\u2019\u00e2ge des yaks, du type et de la quantit\u00e9 de nourriture disponible et des conditions \u00e9cologiques du lieu o\u00f9 les yaks sont \u00e9lev\u00e9s.<\/p>\n\n\n\n<p>Le pelage d\u2019hiver qui est, en grande partie, constitu\u00e9 de duvet, se d\u00e9tache en grandes morceaux. La perte de pelage commence au cou, se poursuit sur le dos et se termine au ventre.<\/p>\n\n\n\n<p>Les trois sortes de pelage pr\u00e9sentent des \u00e9paisseurs et des longueurs diff\u00e9rentes.<\/p>\n\n\n\n<p>Les poils longs du dessus sont courts, grossiers, non boucl\u00e9s et mesurent entre 88 et 210 mm de long. Leur fonction principale est de prot\u00e9ger contre le froid et la pluie.<\/p>\n\n\n\n<p>Les poils de laine grossi\u00e8re se situent entre les deux autres types d\u2019\u00e9paisseur et ont une longueur de 52 \u00e0 130 mm. Ce type de laine ne contient de la moelle que partiellement et est peu fris\u00e9e.<\/p>\n\n\n\n<p>Les fibres du duvet sont irr\u00e9guli\u00e8rement fris\u00e9es, sont sans marbrure et mesurent entre 36 et 41 mm de long.<\/p>\n\n\n\n<p>Source:\u00a0<a href=\"http:\/\/www.yaks.ch\/\">www.yaks.ch<\/a><\/p>\n\n\n\n<h4 class=\"wp-block-heading\">On peut acheter des produits de laine de yak par les producteurs suivants:<\/h4>\n\n\n\n<ul class=\"wp-block-list\">\n<li><a href=\"http:\/\/www.khunu.com\/\">www.khunu.com<\/a><\/li>\n\n\n\n<li><a href=\"http:\/\/www.norlha.com\/\">www.norlha.com<\/a><\/li>\n\n\n\n<li><a href=\"http:\/\/www.kora.net\/\">www.kora.net<\/a><\/li>\n\n\n\n<li>en Suisse avec la laine de yak de la Mongolie:\n<ul class=\"wp-block-list\">\n<li><a href=\"http:\/\/www.laineriedumonde.ch\/\">www.laineriedumonde.ch<\/a><\/li>\n\n\n\n<li><a href=\"https:\/\/www.mongolianhandicrafts.com\/\">www.mongolianhandicrafts.com<\/a><\/li>\n<\/ul>\n<\/li>\n<\/ul>\n","protected":false},"excerpt":{"rendered":"<p>Laine Le yak est la seule esp\u00e8ce bovine \u00e0 poss\u00e9der un pelage multicouche et particuli\u00e8rement dense. On distingue de l\u2019ext\u00e9rieur vers l\u2019int\u00e9rieur : un poil de couverture plus ferme (poil de couverture signifie le poil ext\u00e9rieur long sur la poitrine ainsi que la crini\u00e8re ventrale), plus grossier (poil de transition) et fin et filable (laine [&hellip;]<\/p>\n","protected":false},"author":1,"featured_media":0,"parent":910,"menu_order":0,"comment_status":"closed","ping_status":"closed","template":"","meta":{"footnotes":""},"class_list":["post-1062","page","type-page","status-publish","hentry"],"_links":{"self":[{"href":"https:\/\/syv.ch\/fr\/wp-json\/wp\/v2\/pages\/1062","targetHints":{"allow":["GET"]}}],"collection":[{"href":"https:\/\/syv.ch\/fr\/wp-json\/wp\/v2\/pages"}],"about":[{"href":"https:\/\/syv.ch\/fr\/wp-json\/wp\/v2\/types\/page"}],"author":[{"embeddable":true,"href":"https:\/\/syv.ch\/fr\/wp-json\/wp\/v2\/users\/1"}],"replies":[{"embeddable":true,"href":"https:\/\/syv.ch\/fr\/wp-json\/wp\/v2\/comments?post=1062"}],"version-history":[{"count":5,"href":"https:\/\/syv.ch\/fr\/wp-json\/wp\/v2\/pages\/1062\/revisions"}],"predecessor-version":[{"id":19455,"href":"https:\/\/syv.ch\/fr\/wp-json\/wp\/v2\/pages\/1062\/revisions\/19455"}],"up":[{"embeddable":true,"href":"https:\/\/syv.ch\/fr\/wp-json\/wp\/v2\/pages\/910"}],"wp:attachment":[{"href":"https:\/\/syv.ch\/fr\/wp-json\/wp\/v2\/media?parent=1062"}],"curies":[{"name":"wp","href":"https:\/\/api.w.org\/{rel}","templated":true}]}}