{"id":1066,"date":"2019-02-20T14:35:16","date_gmt":"2019-02-20T14:35:16","guid":{"rendered":"https:\/\/syv.undefiniert.ch\/?page_id=1066"},"modified":"2025-08-21T09:56:00","modified_gmt":"2025-08-21T07:56:00","slug":"musee-des-yaks","status":"publish","type":"page","link":"https:\/\/syv.ch\/fr\/le-yak\/musee-des-yaks\/","title":{"rendered":"Mus\u00e9e des Yaks"},"content":{"rendered":"\n<h3 class=\"wp-block-heading\">Mus\u00e9e des Yaks<\/h3>\n\n\n\n<hr class=\"wp-block-separator has-alpha-channel-opacity\"\/>\n\n\n\n<div style=\"height:10px\" aria-hidden=\"true\" class=\"wp-block-spacer\"><\/div>\n\n\n\n<figure class=\"wp-block-gallery has-nested-images columns-default is-cropped wp-block-gallery-1 is-layout-flex wp-block-gallery-is-layout-flex\">\n<figure class=\"wp-block-image\"><img decoding=\"async\" width=\"1024\" height=\"768\" data-id=\"582\" src=\"https:\/\/syv.ch\/wp-content\/uploads\/2019\/02\/yak-museum-2-1024x768.jpg\" alt=\"\" class=\"wp-image-582\" srcset=\"https:\/\/syv.ch\/wp-content\/uploads\/2019\/02\/yak-museum-2-1024x768.jpg 1024w, https:\/\/syv.ch\/wp-content\/uploads\/2019\/02\/yak-museum-2-300x225.jpg 300w, https:\/\/syv.ch\/wp-content\/uploads\/2019\/02\/yak-museum-2-768x576.jpg 768w, https:\/\/syv.ch\/wp-content\/uploads\/2019\/02\/yak-museum-2-100x75.jpg 100w, https:\/\/syv.ch\/wp-content\/uploads\/2019\/02\/yak-museum-2-133x100.jpg 133w, https:\/\/syv.ch\/wp-content\/uploads\/2019\/02\/yak-museum-2-853x640.jpg 853w, https:\/\/syv.ch\/wp-content\/uploads\/2019\/02\/yak-museum-2.jpg 1280w\" sizes=\"(max-width: 1024px) 100vw, 1024px\" \/><\/figure>\n\n\n\n<figure class=\"wp-block-image\"><img decoding=\"async\" width=\"1024\" height=\"768\" data-id=\"584\" src=\"https:\/\/syv.ch\/wp-content\/uploads\/2019\/02\/yak-museum1-1-1024x768.jpg\" alt=\"\" class=\"wp-image-584\" srcset=\"https:\/\/syv.ch\/wp-content\/uploads\/2019\/02\/yak-museum1-1-1024x768.jpg 1024w, https:\/\/syv.ch\/wp-content\/uploads\/2019\/02\/yak-museum1-1-300x225.jpg 300w, https:\/\/syv.ch\/wp-content\/uploads\/2019\/02\/yak-museum1-1-768x576.jpg 768w, https:\/\/syv.ch\/wp-content\/uploads\/2019\/02\/yak-museum1-1-100x75.jpg 100w, https:\/\/syv.ch\/wp-content\/uploads\/2019\/02\/yak-museum1-1-133x100.jpg 133w, https:\/\/syv.ch\/wp-content\/uploads\/2019\/02\/yak-museum1-1-853x640.jpg 853w, https:\/\/syv.ch\/wp-content\/uploads\/2019\/02\/yak-museum1-1.jpg 1280w\" sizes=\"(max-width: 1024px) 100vw, 1024px\" \/><\/figure>\n<\/figure>\n\n\n\n<p>A Embd (VS), Daniel Wismer a ouvert un\u00a0<a href=\"http:\/\/www.yaks.ch\/yakarchivum\/\" target=\"_blank\" rel=\"noreferrer noopener\">mus\u00e9e d\u00e9di\u00e9 aux yaks<\/a>\u00a0o\u00f9 se trouvent des livres, des films et des objets expos\u00e9s qui concernent et expliquent cet animal.<\/p>\n","protected":false},"excerpt":{"rendered":"<p>Mus\u00e9e des Yaks A Embd (VS), Daniel Wismer a ouvert un\u00a0mus\u00e9e d\u00e9di\u00e9 aux yaks\u00a0o\u00f9 se trouvent des livres, des films et des objets expos\u00e9s qui concernent et expliquent cet animal.<\/p>\n","protected":false},"author":1,"featured_media":0,"parent":910,"menu_order":0,"comment_status":"closed","ping_status":"closed","template":"","meta":{"footnotes":""},"class_list":["post-1066","page","type-page","status-publish","hentry"],"_links":{"self":[{"href":"https:\/\/syv.ch\/fr\/wp-json\/wp\/v2\/pages\/1066","targetHints":{"allow":["GET"]}}],"collection":[{"href":"https:\/\/syv.ch\/fr\/wp-json\/wp\/v2\/pages"}],"about":[{"href":"https:\/\/syv.ch\/fr\/wp-json\/wp\/v2\/types\/page"}],"author":[{"embeddable":true,"href":"https:\/\/syv.ch\/fr\/wp-json\/wp\/v2\/users\/1"}],"replies":[{"embeddable":true,"href":"https:\/\/syv.ch\/fr\/wp-json\/wp\/v2\/comments?post=1066"}],"version-history":[{"count":1,"href":"https:\/\/syv.ch\/fr\/wp-json\/wp\/v2\/pages\/1066\/revisions"}],"predecessor-version":[{"id":19465,"href":"https:\/\/syv.ch\/fr\/wp-json\/wp\/v2\/pages\/1066\/revisions\/19465"}],"up":[{"embeddable":true,"href":"https:\/\/syv.ch\/fr\/wp-json\/wp\/v2\/pages\/910"}],"wp:attachment":[{"href":"https:\/\/syv.ch\/fr\/wp-json\/wp\/v2\/media?parent=1066"}],"curies":[{"name":"wp","href":"https:\/\/api.w.org\/{rel}","templated":true}]}}