{"id":19842,"date":"2026-02-20T13:27:35","date_gmt":"2026-02-20T12:27:35","guid":{"rendered":"https:\/\/syv.ch\/actualites\/"},"modified":"2026-02-20T13:29:06","modified_gmt":"2026-02-20T12:29:06","slug":"actualites","status":"publish","type":"page","link":"https:\/\/syv.ch\/fr\/actualites\/","title":{"rendered":"Actualit\u00e9s"},"content":{"rendered":"\n<h3 class=\"wp-block-heading\">Actualit\u00e9s<\/h3>\n\n<hr class=\"wp-block-separator has-alpha-channel-opacity\"\/>\n\n<div style=\"height:20px\" aria-hidden=\"true\" class=\"wp-block-spacer\"><\/div>\n\n<h2 class=\"wp-block-heading has-medium-font-size\"><strong>Actualit\u00e9s<\/strong><\/h2>\n\n<p><strong>AG 2026<\/strong><br\/><br\/>La 23e AG aura lieu le 18 avril 2026 \u00e0 Olten ! De plus amples informations seront communiqu\u00e9es mi-mars.<\/p>\n\n<p><strong>14\/09\/2025<\/strong> La rencontre des \u00e9leveurs de yaks 2025 s&rsquo;est d\u00e9roul\u00e9e cette ann\u00e9e \u00e0 l&rsquo;alpage Wildi Grimmi chez Peter Ernst. Vous trouverez le compte rendu d\u00e9taill\u00e9 ici : <a href=\"https:\/\/syv.ch\/wp-content\/uploads\/2026\/02\/Wildi-Grimmi-Yakhaltertreffen-25.pdf\" data-type=\"&#xAB;\" data-id=\"&#xAB;\"><strong>Rencontre des \u00e9leveurs de yaks 25 \u00e0 Wildi Grimmi<\/strong><\/a><\/p>\n\n<p>15.10.2025. Am Mittwoch der Olma 2025 hatten wir (Andreas und Malva Marty) das Vergn\u00fcgen, die Olma mit unseren Yaks zu bereichern. F\u00fcr uns war diese Veranstaltung ein voller Erfolg. Es war das erste Mal, dass wir mit unseren Tieren an einer Tierausstellung teilnahmen, also eine Premiere nicht nur f\u00fcr sie, sondern auch f\u00fcr uns. Wir konnten spannende Gespr\u00e4che mit den Besuchern sowie mit anderen Z\u00fcchtern anderer Rassen f\u00fchren. Unsere Tiere haben die Hektik gut verkraftet. Zweimal durften sie mit den anderen Rassen in der Arena spazieren gehen. W\u00e4hrend wir die Fragen des Moderators beantworteten, konnten sich unsere Tiere die Beine vertreten und entspannen. <\/p>\n\n<div class=\"wp-block-stackable-image stk-block-image stk-block stk-111a0f6\" data-block-id=\"111a0f6\"><figure><span class=\"stk-img-wrapper stk-image--shape-stretch\"><img decoding=\"async\" class=\"stk-img wp-image-19828\" src=\"https:\/\/syv.ch\/wp-content\/uploads\/2026\/02\/WhatsApp-Image-2026-02-15-at-11.20.21.jpeg\" width=\"2000\" height=\"1500\" srcset=\"https:\/\/syv.ch\/wp-content\/uploads\/2026\/02\/WhatsApp-Image-2026-02-15-at-11.20.21.jpeg 2000w, https:\/\/syv.ch\/wp-content\/uploads\/2026\/02\/WhatsApp-Image-2026-02-15-at-11.20.21-300x225.jpeg 300w, https:\/\/syv.ch\/wp-content\/uploads\/2026\/02\/WhatsApp-Image-2026-02-15-at-11.20.21-1024x768.jpeg 1024w, https:\/\/syv.ch\/wp-content\/uploads\/2026\/02\/WhatsApp-Image-2026-02-15-at-11.20.21-768x576.jpeg 768w, https:\/\/syv.ch\/wp-content\/uploads\/2026\/02\/WhatsApp-Image-2026-02-15-at-11.20.21-1536x1152.jpeg 1536w\" sizes=\"(max-width: 2000px) 100vw, 2000px\" \/><\/span><\/figure><\/div>\n\n<p><strong><a href=\"https:\/\/www.paras.uzh.ch\/de\/research\/entomology\/research\/Zeckenprojekt-2025.html?fbclid=IwZXh0bgNhZW0CMTAAYnJpZBEwYk1oMlBmYm5Bbmh1ejRDTwEeHGb8HqZCjH9X6s1vULmEHjwHE6P2VL3nRGS96NO04gOsO3jvA6SVnCiyLtk_aem_MvMezUm9rHyyfL9I5MWXGQ\">Projet sur les tiques\u00a0<\/a>de l\u2019Universit\u00e9 de Zurich<\/strong>: l\u2019Institut de parasitologie de l\u2019Universit\u00e9 de Zurich m\u00e8ne un projet de recherche sur les maladies transmises par les tiques en Suisse, notamment chez les animaux de ferme. Collectez les tiques dans des tubes en caoutchouc, congelez-les \u00e0 -18 degr\u00e9s jusqu\u2019\u00e0 l\u2019exp\u00e9dition et envoyez-les \u00e0 \u00ab Universit\u00e9 de Zurich, Institut de parasitologie, Silja Waser, Winterthurerstrasse 266a, 8057 Zurich.\u00bb<\/p>\n\n<figure class=\"wp-block-image size-full is-resized\"><a href=\"https:\/\/www.paras.uzh.ch\/de\/research\/entomology\/research\/Zeckenprojekt-2025.html?fbclid=IwZXh0bgNhZW0CMTAAYnJpZBEwYk1oMlBmYm5Bbmh1ejRDTwEeHGb8HqZCjH9X6s1vULmEHjwHE6P2VL3nRGS96NO04gOsO3jvA6SVnCiyLtk_aem_MvMezUm9rHyyfL9I5MWXGQ\"><img decoding=\"async\" src=\"https:\/\/syv.ch\/wp-content\/uploads\/2025\/05\/image.jpg\" alt=\"\" class=\"wp-image-18583\" style=\"width:182px;height:auto\"\/><\/a><\/figure>\n\n<p><\/p>\n\n<h4 class=\"wp-block-heading\"><p class=\"has-medium-font-size\"><strong>Ev\u00e8nements pass\u00e9s<\/strong><\/p><\/h4>\n\n<p><strong>12.4.2025<\/strong>\u00a022\u00e8me assembl\u00e9e g\u00e9n\u00e9rale de l\u2019ASEY au Vereinslokal M\u00fclo, R\u00f6tzmattweg 12, Olten.<\/p>\n\n<p><strong>24.01.2025<\/strong>\u00a0<a href=\"https:\/\/syv.ch\/wp-content\/uploads\/2025\/03\/Experten-Tagung-Yak-2025-2.pdf\">Rapport<\/a>\u00a0de la r\u00e9union des experts \u00e0 Sufers \u00e9crit par Urs Heinz (en Allemand)<\/p>\n\n<p><strong>22.09.2024<\/strong>\u00a0<a href=\"http:\/\/syv.ch\/wp-content\/uploads\/2024\/08\/20240922_Yakhaltertreffen.pdf\"><strong>R\u00e9union<\/strong>\u00a0<strong>des \u00e9leveurs et amis des yaks<\/strong><\/a>, organis\u00e9e par Sepp Zgraggen et Roman Sch\u00f6n, \u00e0 G\u00f6schenen. Voici le\u00a0<a href=\"http:\/\/syv.ch\/wp-content\/uploads\/2024\/11\/Yakhaltertreffen-2024.pdf\"><strong>rapport\u00a0<\/strong><\/a>(en Allemand).<\/p>\n\n<p><img decoding=\"async\" class=\"wp-image-17872\" style=\"width: 150px;\" src=\"http:\/\/syv.ch\/wp-content\/uploads\/2024\/11\/20241111_Naulekh.jpg\" alt=\"\"\/><\/p>\n\n<p><strong>27.\/28.04.2024<\/strong>\u00a0<strong><a href=\"http:\/\/syv.ch\/wp-content\/uploads\/2024\/05\/20240428_Agrischa_fr.pdf\">Yaks et nouveaux panneaux de l\u2019ASEY \u00e0 l\u2019Agrischa<\/a><\/strong><\/p>\n\n<p> <img decoding=\"async\" width=\"150\" height=\"112\" class=\"wp-image-17872\" style=\"width: 150px;\" src=\"http:\/\/syv.ch\/wp-content\/uploads\/2024\/05\/20240524_Yaks_Agrischa.jpg\" alt=\"\" srcset=\"https:\/\/syv.ch\/wp-content\/uploads\/2024\/05\/20240524_Yaks_Agrischa.jpg 650w, https:\/\/syv.ch\/wp-content\/uploads\/2024\/05\/20240524_Yaks_Agrischa-300x225.jpg 300w, https:\/\/syv.ch\/wp-content\/uploads\/2024\/05\/20240524_Yaks_Agrischa-50x37.jpg 50w, https:\/\/syv.ch\/wp-content\/uploads\/2024\/05\/20240524_Yaks_Agrischa-67x50.jpg 67w, https:\/\/syv.ch\/wp-content\/uploads\/2024\/05\/20240524_Yaks_Agrischa-100x75.jpg 100w, https:\/\/syv.ch\/wp-content\/uploads\/2024\/05\/20240524_Yaks_Agrischa-134x100.jpg 134w, https:\/\/syv.ch\/wp-content\/uploads\/2024\/05\/20240524_Yaks_Agrischa-640x478.jpg 640w, https:\/\/syv.ch\/wp-content\/uploads\/2024\/05\/20240524_Yaks_Agrischa-1024x768.jpg 1024w\" sizes=\"(max-width: 150px) 100vw, 150px\" \/><\/p>\n\n<p><strong>20.04.2024\u00a0<a href=\"http:\/\/syv.ch\/wp-content\/uploads\/2024\/05\/Kurzbericht-GV-Webseite.pdf\">Compte rendu de la 21\u00e8re assembl\u00e9e g\u00e9n\u00e9rale de l\u2019ASEY \u00e0 Olten<\/a><\/strong>\u00a0(en Allemand)<\/p>\n\n<p><strong>11.12.2023<\/strong>\u00a0<strong>La\u00a0<a href=\"http:\/\/syv.ch\/wp-content\/uploads\/2024\/01\/20231112_Yakhaltertreffen.pdf\">r\u00e9union<\/a>\u00a0des \u00e9leveurs et amis des yaks s\u2019est d\u00e9roul\u00e9e chez Anita Weber<\/strong>\u00a0(en Allemand)<\/p>\n\n<p><img decoding=\"async\" width=\"150\" height=\"93\" class=\"wp-image-17876\" style=\"width: 150px;\" src=\"http:\/\/syv.ch\/wp-content\/uploads\/2024\/05\/20240524_Yaks_Anita.jpg\" alt=\"\" srcset=\"https:\/\/syv.ch\/wp-content\/uploads\/2024\/05\/20240524_Yaks_Anita.jpg 392w, https:\/\/syv.ch\/wp-content\/uploads\/2024\/05\/20240524_Yaks_Anita-300x185.jpg 300w, https:\/\/syv.ch\/wp-content\/uploads\/2024\/05\/20240524_Yaks_Anita-50x31.jpg 50w, https:\/\/syv.ch\/wp-content\/uploads\/2024\/05\/20240524_Yaks_Anita-81x50.jpg 81w, https:\/\/syv.ch\/wp-content\/uploads\/2024\/05\/20240524_Yaks_Anita-100x62.jpg 100w, https:\/\/syv.ch\/wp-content\/uploads\/2024\/05\/20240524_Yaks_Anita-162x100.jpg 162w\" sizes=\"(max-width: 150px) 100vw, 150px\" \/><\/p>\n\n<p><strong>22.4.2023<\/strong>\u00a0<strong>20\u00e8me assembl\u00e9e g\u00e9n\u00e9rale de l\u2019ASEY au Vereinslokal M\u00fclo, R\u00f6tzmattweg 12, Olten<\/strong>.<\/p>\n\n<p><strong>11.9.2022<\/strong>\u00a0La\u00a0<strong>r\u00e9union\u00a0des \u00e9leveurs et amis des yaks chez D\u00f6lf et Doris Christen \u00e0 Grafenort<\/strong>\u00a0a eu lieu par beau temps et dans une belle ambiance. Voice le\u00a0<strong><a href=\"http:\/\/syv.ch\/wp-content\/uploads\/2022\/09\/20220911_Yakhaltertreffen.pdf\">rapport\u00a0<\/a>avec des photos<\/strong>\u00a0(en Allemand). Merci beaucoup! En m\u00eame temps, nous avons pr\u00e9sent\u00e9 pour l\u2019achat nos\u00a0<strong><a href=\"http:\/\/syv.ch\/wp-content\/uploads\/2022\/09\/20220925_Yaktafeln_neu.jpg\">nouveaux panneaux de yaks<\/a><\/strong>\u00a0pr\u00e9par\u00e9s pour l\u2019assembl\u00e9e g\u00e9n\u00e9rale. (Pour les recevoir en fran\u00e7ais, veuillez contacter notre pr\u00e9sident Urs Heinz.)<\/p>\n\n<p><strong>Ao\u00fbt 2022<\/strong>\u00a0<strong>Article dans \u00ab\u00a0Happinez\u00a0\u00bb sur le trekking avec les yaks en Valais (en allemand)<\/strong>\u00a0\u2013\u00a0<a href=\"http:\/\/syv.ch\/wp-content\/uploads\/2023\/04\/2022_8_Happinez_DE.pdf\" data-type=\"URL\" data-id=\"http:\/\/syv.ch\/wp-content\/uploads\/2023\/04\/2022_8_Happinez_DE.pdf\"><strong>Dem Himmel zum Greifen nahe<\/strong><\/a><\/p>\n\n<p><strong>9.4.2022\u00a0Assembl\u00e9e g\u00e9n\u00e9rale de l\u2019ASEY au restaurant \u00ab\u00a0Gleis 13\u00a0\u00bb \u00e0 Olten<\/strong><\/p>\n\n<p><strong>10.02.2022\u00a0Article dans \u00ab\u00a0Tierwelt\u00a0\u00bb\u00a0sur les yaks en Suisse (en allemand)\u00a0<\/strong><strong>\u2013<\/strong>\u00a0<strong><a href=\"http:\/\/syv.ch\/wp-content\/uploads\/2022\/03\/22-02-10-TW3-Fokus-Yak.pdf\">Neue T\u00f6ne auf Schweizer Alpen<\/a><\/strong><\/p>\n\n<p><strong>23.12.2021\u00a0SRF: Emission de radio avec la vice-pr\u00e9sidente Angelika Bandli\u00a0(en allemand)\u00a0\u2013\u00a0<a href=\"https:\/\/www.srf.ch\/news\/schweiz\/keine-angst-vor-dem-wolf-ist-der-yak-das-neue-schaf-in-den-alpen\">Ist der Yak das neue Schaf in den Alpen?<\/a><\/strong><\/p>\n\n<p><strong>Juillet 2021 Reportage \u00fcber Rosula Blanc und ihre Yaks in Montagne\u00a0<\/strong>(franz\u00f6sisch)<strong>\u00a0\u2013<\/strong>\u00a0<strong><a href=\"http:\/\/syv.ch\/wp-content\/uploads\/2023\/04\/2021_7_Montagne_FR.pdf\" data-type=\"URL\" data-id=\"http:\/\/syv.ch\/wp-content\/uploads\/2023\/04\/2021_7_Montagne_FR.pdf\">Danser avec les yaks<\/a><\/strong><\/p>\n\n<p><strong>F\u00e9vrier 2021 Artikcle sur les treks avec les yaks de Rosula Blanc p.e. \u00e0 la mer m\u00e9diterran\u00e9e<\/strong>\u00a0<strong>in Transhelvetica<\/strong>\u00a0<strong>\u2013\u00a0<\/strong><a href=\"http:\/\/syv.ch\/wp-content\/uploads\/2023\/04\/2021_2_3_Transhelvetica_DE.pdf\" data-type=\"URL\" data-id=\"http:\/\/syv.ch\/wp-content\/uploads\/2023\/04\/2021_2_3_Transhelvetica_DE.pdf\"><strong>Auf ewiger Reise mit den Grunzochsen<\/strong><\/a><\/p>\n\n<p><strong>D\u00e9cembre 2020 Articles sur les yaks en Val d\u2019H\u00e9rens dans \u00ab\u00a0TV H\u00f6ren und Sehen\u00a0\u00bb (en allemand) \u2013\u00a0<a href=\"http:\/\/syv.ch\/wp-content\/uploads\/2023\/04\/2020_12_TV_Hoeren_Sehen_DE-.pdf\" data-type=\"URL\" data-id=\"http:\/\/syv.ch\/wp-content\/uploads\/2023\/04\/2020_12_TV_Hoeren_Sehen_DE-.pdf\">Rosulas Tierleben<\/a><\/strong><\/p>\n\n<p><strong>29.10.2020<\/strong>\u00a0<strong>\u00ab\u00a0Schweizer Familie\u00a0\u00bb<\/strong>:\u00a0<strong>Article sur le trekking avec les yaks en Valais (en allemand)<\/strong>\u00a0\u2013\u00a0<a href=\"http:\/\/syv.ch\/wp-content\/uploads\/2020\/11\/SFA2044-056-reisen-yaktrekking.pdf\"><strong>Zotteln mit Yaks<\/strong><\/a><\/p>\n\n<p><strong>12.9.2020\u00a0Rosula Blanc, accompagn\u00e9e de Pascale Schmied, puis de Regina Gwerder, est en train de traverser les Alpes Autrichiennes avec les yaks Naulekh et Tsarang<\/strong>. Plus d\u2019infos se trouvent\u00a0<strong><a href=\"http:\/\/syv.ch\/wp-content\/uploads\/2020\/09\/20200913_Going_East_FR.pdf\" data-type=\"URL\" data-id=\"http:\/\/syv.ch\/wp-content\/uploads\/2020\/09\/20200913_Going_East_FR.pdf\">ici<\/a><\/strong>\u00a0et sur le\u00a0<a href=\"https:\/\/www.yakshuloche.ch\/blog\" data-type=\"URL\" data-id=\"https:\/\/www.yakshuloche.ch\/blog\"><strong>blog<\/strong><\/a>.<\/p>\n\n<p><strong>16.8.2020 La\u00a0<a href=\"http:\/\/syv.ch\/wp-content\/uploads\/2020\/08\/Newsletter-2020-SOMMER.pdf\">r\u00e9union<\/a>\u00a0des \u00e9leveurs et amis des yaks s\u2019est d\u00e9roul\u00e9e sur l\u2019Alp Findels avec 26 participants.\u00a0<\/strong>Le r\u00e9sum\u00e9 (en Allemand) se trouve\u00a0<strong><a href=\"http:\/\/syv.ch\/wp-content\/uploads\/2020\/08\/20200827_Yakhalter_Treffen_2020.pdf\">ici<\/a><\/strong>. Les photos se trouvent\u00a0<a href=\"https:\/\/syv.ch\/fr\/reportages\/nos-evenements\/\"><strong>ici<\/strong><\/a>.<\/p>\n\n<p><strong>16.6.2020: Premi\u00e8re r\u00e9union du comit\u00e9 de direction<\/strong>\u00a0apr\u00e8s le lock-down chez\u00a0<a href=\"http:\/\/syv.ch\/wp-content\/uploads\/2020\/06\/IMG_20200616_140323-scaled.jpg\">Monika et Paul M\u00fcller \u00e0 Altb\u00fcron<\/a>. Un grand merci \u00e0 vous deux!<\/p>\n\n<p id=\"block-83e8eb0c-bfc2-4b1e-9f92-a668f9df34a8\"><strong>8.6.2020: Trekking aves les yaks<\/strong>\u00a0en Magazine Migros (p. 29, en allemand):\u00a0<a href=\"http:\/\/syv.ch\/wp-content\/uploads\/2020\/06\/202024-DMZH0806.pdf\">Yak-Trekking Les Haud\u00e8res (VS)<\/a><\/p>\n\n<p id=\"block-44a4f14e-e6f0-4182-aea7-239c04b9c183\"><strong>15.3.2020<\/strong>: Le tourisme durable en Suisse en\u00a0<strong><a href=\"http:\/\/syv.ch\/wp-content\/uploads\/2020\/06\/ATE_20200305.pdf\">Magazine ATE \u2026 avec les yaks<\/a><\/strong>\u00a0(p. 14)<\/p>\n\n<p><strong>11.2.2020:\u00a0<a href=\"http:\/\/syv.ch\/wp-content\/uploads\/2020\/06\/Newsletter-2020-1.pdf\">Premier bulletin ASEY<\/a><\/strong>: avec des informations sur le programme de surveillance \u2013 parasites internes chez les bovins \u2013\u00a0<a href=\"http:\/\/syv.ch\/wp-content\/uploads\/2020\/06\/A2_Weideparasiten-2014-02-BA.pdf\">infos sur le programme<\/a>\u00a0et\u00a0<a href=\"http:\/\/syv.ch\/wp-content\/uploads\/2020\/06\/A2_Weideparasiten_FiBL_Merkblatt.pdf\">infos sur les parasites<\/a>, et des\u00a0<a href=\"http:\/\/syv.ch\/wp-content\/uploads\/2020\/06\/A3_20190531_Yakmilch_Nepal.pdf\">pralin\u00e9s au lait de dri au N\u00e9pal<\/a>\u00a0(en allemand!)<\/p>\n\n<p><strong>7.12.2019 Rencontre avec Galtai Galsan \u00e0 Murgenthal<\/strong>: Galtai Galsan, chef de l\u2019ethnie Touva en Mongolie, nous a rencontr\u00e9s afin de discuter l\u2019\u00e9levage de yaks et des divers projets li\u00e9s aux yaks. La rencontre a eu lieu chez Sabrina Behrschmidt \u2013 Hauptstrasse 76, 4853 Murgenthal.<\/p>\n\n<p><div class=\"col-12 col-md-9 offset-md-1 order-2 order-md-2\"><article id=\"post-764\" class=\"post-764 page type-page status-publish hentry\">&#13;\n<div id=\"entry-content\" class=\"entry-content\">&#13;\n&#13;\n<strong>16.-18.11.2019 Visite du Dr. Rob Williams en Suisse<\/strong>: Pour son nouveau livre \u201eLive by the Horns\u201c sur les yaks Rob Williams a visit\u00e9 maintes exploitations de yaks de l\u2019ASEY ainsi que particip\u00e9 \u00e0 la \u00ab journ\u00e9e des experts \u00bb.&#13;\n&#13;\n<\/div><br\/><\/article><\/div><\/p>\n\n<p><\/p>\n\n<div id=\"\" class=\"wp-block-cwp-launch cwp-common-main-wrap cwp-full-width-small-container\"><div class=\"cwp-common-main-wrap-inner\" data-scroll-delay=\"10\" data-scroll-threshold=\"40\"><div class=\"cwp-main-wrapper cwp-1-column\"><div class=\"cwp-inner-wrap\"><div class=\"cwp-content-wrap\"><\/div><\/div><\/div><\/div><\/div><br>\n","protected":false},"excerpt":{"rendered":"<p>Actualit\u00e9s Actualit\u00e9s AG 2026 La 23e AG aura lieu le 18 avril 2026 \u00e0 Olten ! De plus amples informations seront communiqu\u00e9es mi-mars. 14\/09\/2025 La rencontre des \u00e9leveurs de yaks 2025 s&rsquo;est d\u00e9roul\u00e9e cette ann\u00e9e \u00e0 l&rsquo;alpage Wildi Grimmi chez Peter Ernst. Vous trouverez le compte rendu d\u00e9taill\u00e9 ici : Rencontre des \u00e9leveurs de yaks [&hellip;]<\/p>\n","protected":false},"author":1,"featured_media":0,"parent":0,"menu_order":0,"comment_status":"closed","ping_status":"closed","template":"","meta":{"footnotes":""},"class_list":["post-19842","page","type-page","status-publish","hentry"],"_links":{"self":[{"href":"https:\/\/syv.ch\/fr\/wp-json\/wp\/v2\/pages\/19842","targetHints":{"allow":["GET"]}}],"collection":[{"href":"https:\/\/syv.ch\/fr\/wp-json\/wp\/v2\/pages"}],"about":[{"href":"https:\/\/syv.ch\/fr\/wp-json\/wp\/v2\/types\/page"}],"author":[{"embeddable":true,"href":"https:\/\/syv.ch\/fr\/wp-json\/wp\/v2\/users\/1"}],"replies":[{"embeddable":true,"href":"https:\/\/syv.ch\/fr\/wp-json\/wp\/v2\/comments?post=19842"}],"version-history":[{"count":3,"href":"https:\/\/syv.ch\/fr\/wp-json\/wp\/v2\/pages\/19842\/revisions"}],"predecessor-version":[{"id":19846,"href":"https:\/\/syv.ch\/fr\/wp-json\/wp\/v2\/pages\/19842\/revisions\/19846"}],"wp:attachment":[{"href":"https:\/\/syv.ch\/fr\/wp-json\/wp\/v2\/media?parent=19842"}],"curies":[{"name":"wp","href":"https:\/\/api.w.org\/{rel}","templated":true}]}}