{"id":2001,"date":"2019-04-10T08:51:04","date_gmt":"2019-04-10T08:51:04","guid":{"rendered":"https:\/\/syv.undefiniert.ch\/?page_id=2001"},"modified":"2025-10-15T10:11:54","modified_gmt":"2025-10-15T08:11:54","slug":"le-yak-2","status":"publish","type":"page","link":"https:\/\/syv.ch\/fr\/le-yak\/le-yak-2\/","title":{"rendered":"Le Yak"},"content":{"rendered":"\n<h3 class=\"wp-block-heading\">Le Yak<\/h3>\n\n\n\n<hr class=\"wp-block-separator has-alpha-channel-opacity\"\/>\n\n\n\n<div style=\"height:10px\" aria-hidden=\"true\" class=\"wp-block-spacer\"><\/div>\n\n\n\n<p>Le yak est un grand ruminant originaire des hauts plateaux de l\u2019Himalaya, o\u00f9 il vit entre 3000 et 5000 m\u00e8tres d\u2019altitude. Les yaks sauvages montent m\u00eame jusqu\u2019\u00e0 6000 m\u00e8tres dans des r\u00e9gions o\u00f9 la temp\u00e9rature reste n\u00e9gative pendant 8 mois par an. Comme la v\u00e9g\u00e9tation est rare dans ces d\u00e9serts d\u2019altitude, les Yaks doivent parcourir de grandes distances entre les p\u00e2turages, et grimpent dans les recoins les plus perdus de la montagne.<\/p>\n\n\n\n<p>Les yaks domestiques sont plus petits que leurs cousins sauvages. Gr\u00e2ce \u00e0 eux, les nomades parviennent \u00e0 survivre sur les plateaux arides au-dessus de la lisi\u00e8re de la for\u00eat. Le yak leur procure du lait, de la viande, de la laine pour les v\u00eatements et les tentes, des fibres pour faire des cordes, du cuir, des os et des cornes pour les outils et l\u2019artisanat, ainsi que des excr\u00e9ments qui servent de combustible pour cuisiner et se chauffer. Pendant longtemps, les yaks ont \u00e9t\u00e9 le seul moyen de transport dans les montagnes et les plaines du Tibet et les seuls animaux qui pouvaient transporter des bagages lourds sur des cols de 6000 m\u00e8tres d\u2019altitude. Ils ont donc \u00e9t\u00e9 appel\u00e9s \u00ab&nbsp;le bateau du plateau&nbsp;\u00bb (the boat of the plateau). Ils sont utilis\u00e9s principalement comme animaux de b\u00e2t, ainsi que, dans certaines r\u00e9gions, pour le labour et le battage ou, plus rarement comme monture. La litt\u00e9rature mentionne qu\u2019un yak peut se d\u00e9placer entre 20 et 30 km par jour en portant des charges de 50 \u00e0 80 kg. Sur des distances plus courtes, il serait en mesure de porter des charges jusqu\u2019\u00e0 100 kg. Ces chiffres ont probablement \u00e9t\u00e9 g\u00e9n\u00e9reusement arrondis vers le haut, car, selon notre propre exp\u00e9rience dans des voyages de longue dur\u00e9e, nos yaks portaient environ 40 kg et nous parcourions une moyenne de 15 km par jour dans un terrain montagneux. \u00c0 ce rythme, les yaks restaient en bonne sant\u00e9 et ont eu assez de temps pour ruminer, manger et se reposer.\u00c9tant donn\u00e9 l\u2019importance qu\u2019il a pour la survie des habitants de l\u2019Himalaya, le yak occupe une place centrale dans leur culture, leur religion et leur vie sociale.<\/p>\n\n\n\n<p>La dri (la femelle du yak domestique) mesure 100 \u00e0 120 cm au garrot et p\u00e8se entre 200 et 300 kg. Le m\u00e2le atteint une hauteur de 130 \u00e0 150 cm pour un poids de 400 \u00e0 600 kg. Les yaks ont une bosse prononc\u00e9e et une queue \u00e0 longs poils comme un cheval, qu\u2019ils dressent&nbsp; quand ils galopent. Ils ont une longue toison sous le ventre qui les prot\u00e8ge du froid quand ils se couchent dans la neige, une crini\u00e8re et des franges, souvent boucl\u00e9es, qui leur tombent sur le front. Le pelage d\u2019hiver des&nbsp; yaks est constitu\u00e9 d\u2019une \u00e9paisse couche de laine qu\u2019ils perdent au printemps. On peut alors r\u00e9cup\u00e9rer la laine en les brossant. C\u2019est une laine douce, environ 10 % plus chaude que la laine de m\u00e9rinos, avec un beau lustre, rappelant le cachemire, mais plus r\u00e9sistant. Les fibres sont relativement courtes, mais avec un peu d\u2019habilet\u00e9, elles peuvent \u00eatre fil\u00e9es ou transform\u00e9es en feutre. Il existe des yaks de toutes les couleurs ; les noirs sont les plus nombreux, mais on en trouve aussi des bruns, des blancs, des gris argent\u00e9 et des tachet\u00e9s. Dans les lign\u00e9es qui ont \u00e9t\u00e9 crois\u00e9es avec des yaks sauvages, on retrouve souvent la couleur caract\u00e9ristique de ces derniers : noir avec le museau gris argent\u00e9 et la ligne dorsale argent\u00e9e. Les cornes des yaks sont relativement longues et l\u00e9g\u00e8rement courb\u00e9es. Les cornes des taureaux sont souvent tr\u00e8s larges. Il y a \u00e9galement des yaks g\u00e9n\u00e9tiquement d\u00e9pourvus de cornes, que l\u2019on trouve principalement en Mongolie.<\/p>\n\n\n\n<p>Le yak est un animal de montagne d\u2019une grande endurance avec des pattes fortes et de petites onglons solides, qui lui donnent une bonne prise sur la glace. Leur configuration anatomique leur permet de se d\u00e9placer sur des pentes raides. Sto\u00efques, ils gardent leur sang-froid dans des situations difficiles. Ils peuvent traverser des rivi\u00e8res en nageant et aiment se baigner quand il fait chaud. Ils sautent \u00e9galement ais\u00e9ment et sont agiles.<\/p>\n\n\n\n<p>Le yak est un animal robuste adapt\u00e9 \u00e0 l\u2019environnement alpin, il est \u00e0 l\u2019aise dans des pentes abruptes, pauvres et difficilement exploitables par du b\u00e9tail conventionnel. Les yaks peuvent vivre toute l\u2019ann\u00e9e \u00e0 l\u2019ext\u00e9rieur, un simple abri leur suffit. Laiss\u00e9s libres sur un alpage, ils vont choisir des endroits en altitude pour dormir, souvent m\u00eame au dessus de la prairie, et brouter l\u2019herbe rase dans la caillasse \u00e0 la limite de la v\u00e9g\u00e9tation. En hiver, dans la neige et le froid, les yaks \u00e9conomisent leur \u00e9nergie et peuvent rester des heures couch\u00e9s immobiles dans la neige, prot\u00e9g\u00e9s du froid par leur pelage \u00e9pais. Ils r\u00e9fl\u00e9chissent avant de se d\u00e9penser dans une action. Cependant, au printemps, on peut souvent les voir jouer, courir la queue en l\u2019air dans les pentes raides et lutter. Malgr\u00e9 leur calme apparent, quand quelque chose les inqui\u00e8te, ils peuvent \u00eatre tr\u00e8s vifs et brusques.<\/p>\n\n\n\n<p><br>Source:&nbsp;<a href=\"https:\/\/www.yakshuloche.ch\/\">https:\/\/www.yakshuloche.ch<\/a><\/p>\n\n\n\n<p><\/p>\n","protected":false},"excerpt":{"rendered":"<p>Le Yak Le yak est un grand ruminant originaire des hauts plateaux de l\u2019Himalaya, o\u00f9 il vit entre 3000 et 5000 m\u00e8tres d\u2019altitude. Les yaks sauvages montent m\u00eame jusqu\u2019\u00e0 6000 m\u00e8tres dans des r\u00e9gions o\u00f9 la temp\u00e9rature reste n\u00e9gative pendant 8 mois par an. Comme la v\u00e9g\u00e9tation est rare dans ces d\u00e9serts d\u2019altitude, les Yaks [&hellip;]<\/p>\n","protected":false},"author":1,"featured_media":0,"parent":910,"menu_order":0,"comment_status":"closed","ping_status":"closed","template":"","meta":{"footnotes":""},"class_list":["post-2001","page","type-page","status-publish","hentry"],"_links":{"self":[{"href":"https:\/\/syv.ch\/fr\/wp-json\/wp\/v2\/pages\/2001","targetHints":{"allow":["GET"]}}],"collection":[{"href":"https:\/\/syv.ch\/fr\/wp-json\/wp\/v2\/pages"}],"about":[{"href":"https:\/\/syv.ch\/fr\/wp-json\/wp\/v2\/types\/page"}],"author":[{"embeddable":true,"href":"https:\/\/syv.ch\/fr\/wp-json\/wp\/v2\/users\/1"}],"replies":[{"embeddable":true,"href":"https:\/\/syv.ch\/fr\/wp-json\/wp\/v2\/comments?post=2001"}],"version-history":[{"count":2,"href":"https:\/\/syv.ch\/fr\/wp-json\/wp\/v2\/pages\/2001\/revisions"}],"predecessor-version":[{"id":19749,"href":"https:\/\/syv.ch\/fr\/wp-json\/wp\/v2\/pages\/2001\/revisions\/19749"}],"up":[{"embeddable":true,"href":"https:\/\/syv.ch\/fr\/wp-json\/wp\/v2\/pages\/910"}],"wp:attachment":[{"href":"https:\/\/syv.ch\/fr\/wp-json\/wp\/v2\/media?parent=2001"}],"curies":[{"name":"wp","href":"https:\/\/api.w.org\/{rel}","templated":true}]}}