{"id":2763,"date":"2020-01-28T14:14:04","date_gmt":"2020-01-28T14:14:04","guid":{"rendered":"http:\/\/syv.ch\/?page_id=2763"},"modified":"2025-08-21T10:03:48","modified_gmt":"2025-08-21T08:03:48","slug":"directives-des-prix","status":"publish","type":"page","link":"https:\/\/syv.ch\/fr\/a-acheter-vendre\/directives-des-prix\/","title":{"rendered":"Directives des prix"},"content":{"rendered":"\n<h3 class=\"wp-block-heading\">Directives des prix<\/h3>\n\n\n\n<hr class=\"wp-block-separator has-alpha-channel-opacity\"\/>\n\n\n\n<div style=\"height:10px\" aria-hidden=\"true\" class=\"wp-block-spacer\"><\/div>\n\n\n\n<p>Directives des prix ASEY pour les yaks inscrits au herdbook, avec papiers de p\u00e9digr\u00e9e:<\/p>\n\n\n\n<p>1 an, m\u00e2le: 1500 sFr.<br>1 an, femelle: 1500 sFr. &#8211; 1800 sFr.<br>2 ans, m\u00e2le: 2000 sFr.<br>2 ans, femelle: 2200 sFr.<br>2 ans, femelle, gestante: 2500 sFr.<br>A partir de 4 ans, m\u00e2le: 3500 sFr.<br>A partir de 4 ans, femelle, gestante: 3000 sFr. \u2013 3500 sFr.<\/p>\n","protected":false},"excerpt":{"rendered":"<p>Directives des prix Directives des prix ASEY pour les yaks inscrits au herdbook, avec papiers de p\u00e9digr\u00e9e: 1 an, m\u00e2le: 1500 sFr.1 an, femelle: 1500 sFr. &#8211; 1800 sFr.2 ans, m\u00e2le: 2000 sFr.2 ans, femelle: 2200 sFr.2 ans, femelle, gestante: 2500 sFr.A partir de 4 ans, m\u00e2le: 3500 sFr.A partir de 4 ans, femelle, gestante: [&hellip;]<\/p>\n","protected":false},"author":2,"featured_media":0,"parent":824,"menu_order":0,"comment_status":"closed","ping_status":"closed","template":"","meta":{"footnotes":""},"class_list":["post-2763","page","type-page","status-publish","hentry"],"_links":{"self":[{"href":"https:\/\/syv.ch\/fr\/wp-json\/wp\/v2\/pages\/2763","targetHints":{"allow":["GET"]}}],"collection":[{"href":"https:\/\/syv.ch\/fr\/wp-json\/wp\/v2\/pages"}],"about":[{"href":"https:\/\/syv.ch\/fr\/wp-json\/wp\/v2\/types\/page"}],"author":[{"embeddable":true,"href":"https:\/\/syv.ch\/fr\/wp-json\/wp\/v2\/users\/2"}],"replies":[{"embeddable":true,"href":"https:\/\/syv.ch\/fr\/wp-json\/wp\/v2\/comments?post=2763"}],"version-history":[{"count":4,"href":"https:\/\/syv.ch\/fr\/wp-json\/wp\/v2\/pages\/2763\/revisions"}],"predecessor-version":[{"id":19479,"href":"https:\/\/syv.ch\/fr\/wp-json\/wp\/v2\/pages\/2763\/revisions\/19479"}],"up":[{"embeddable":true,"href":"https:\/\/syv.ch\/fr\/wp-json\/wp\/v2\/pages\/824"}],"wp:attachment":[{"href":"https:\/\/syv.ch\/fr\/wp-json\/wp\/v2\/media?parent=2763"}],"curies":[{"name":"wp","href":"https:\/\/api.w.org\/{rel}","templated":true}]}}