{"id":772,"date":"2019-02-20T08:21:40","date_gmt":"2019-02-20T08:21:40","guid":{"rendered":"https:\/\/syv.undefiniert.ch\/?page_id=772"},"modified":"2025-08-21T10:12:52","modified_gmt":"2025-08-21T08:12:52","slug":"autres-organisations","status":"publish","type":"page","link":"https:\/\/syv.ch\/fr\/liens\/autres-organisations\/","title":{"rendered":"Autres organisations"},"content":{"rendered":"\n<h3 class=\"wp-block-heading\">Autres organisations avec des relations aux yaks<\/h3>\n\n\n\n<hr class=\"wp-block-separator has-alpha-channel-opacity\"\/>\n\n\n\n<div style=\"height:10px\" aria-hidden=\"true\" class=\"wp-block-spacer\"><\/div>\n\n\n\n<p><a href=\"https:\/\/www.zvsnr.ch\" data-type=\"link\" data-id=\"https:\/\/www.zvsnr.ch\">www.zvsnr.ch<\/a> \u2013 Association des Eleveurs de races domestiques rares.<\/p>\n\n\n\n<p><a href=\"http:\/\/www.iyak.org\">www.iyak.org<\/a> \u2013 IYAK \u2013 International Yak Association. Association aux Etats-Unis ayant comme objectif de pr\u00e9server, promouvoir et protecter la population de yaks en ce pays.<\/p>\n\n\n\n<p><a href=\"http:\/\/www.usyaks.org\">www.usyaks.org<\/a> \u2013 USYAKS \u2013 Association des \u00e9leveurs de yaks aux Etats-Unis ayant comme objectif de promouvoir les avantages des yaks, de prot\u00e9ger la puret\u00e9 et la diversit\u00e9 de la population de yaks en ce pays et le d\u00e9veleoppement continu de la d\u00e9tention et du bien-\u00eatre des yaks.<\/p>\n\n\n\n<p><a href=\"http:\/\/www.icimod.org\">www.icimod.org<\/a> \u2013 Centre International pour le d\u00e9veloppement int\u00e9gral montagnard<\/p>\n\n\n\n<p><a href=\"https:\/\/nrcy.icar.gov.in\" data-type=\"link\" data-id=\"https:\/\/nrcy.icar.gov.in\">nrcy.icar.gov.in<\/a> \u2013 Institut National Indien \u00e0 la Recherche du yak<\/p>\n\n\n\n<p><a href=\"http:\/\/www.mongolei-werkstatt.org\">www.mongolei-werkstatt.org<\/a> \u2013 Produits \u00e0 base de laine des chameaux et de yaks mongoliens<\/p>\n","protected":false},"excerpt":{"rendered":"<p>Autres organisations avec des relations aux yaks www.zvsnr.ch \u2013 Association des Eleveurs de races domestiques rares. www.iyak.org \u2013 IYAK \u2013 International Yak Association. Association aux Etats-Unis ayant comme objectif de pr\u00e9server, promouvoir et protecter la population de yaks en ce pays. www.usyaks.org \u2013 USYAKS \u2013 Association des \u00e9leveurs de yaks aux Etats-Unis ayant comme objectif [&hellip;]<\/p>\n","protected":false},"author":1,"featured_media":0,"parent":768,"menu_order":0,"comment_status":"closed","ping_status":"closed","template":"","meta":{"footnotes":""},"class_list":["post-772","page","type-page","status-publish","hentry"],"_links":{"self":[{"href":"https:\/\/syv.ch\/fr\/wp-json\/wp\/v2\/pages\/772","targetHints":{"allow":["GET"]}}],"collection":[{"href":"https:\/\/syv.ch\/fr\/wp-json\/wp\/v2\/pages"}],"about":[{"href":"https:\/\/syv.ch\/fr\/wp-json\/wp\/v2\/types\/page"}],"author":[{"embeddable":true,"href":"https:\/\/syv.ch\/fr\/wp-json\/wp\/v2\/users\/1"}],"replies":[{"embeddable":true,"href":"https:\/\/syv.ch\/fr\/wp-json\/wp\/v2\/comments?post=772"}],"version-history":[{"count":5,"href":"https:\/\/syv.ch\/fr\/wp-json\/wp\/v2\/pages\/772\/revisions"}],"predecessor-version":[{"id":19497,"href":"https:\/\/syv.ch\/fr\/wp-json\/wp\/v2\/pages\/772\/revisions\/19497"}],"up":[{"embeddable":true,"href":"https:\/\/syv.ch\/fr\/wp-json\/wp\/v2\/pages\/768"}],"wp:attachment":[{"href":"https:\/\/syv.ch\/fr\/wp-json\/wp\/v2\/media?parent=772"}],"curies":[{"name":"wp","href":"https:\/\/api.w.org\/{rel}","templated":true}]}}