{"id":774,"date":"2019-02-20T08:30:25","date_gmt":"2019-02-20T08:30:25","guid":{"rendered":"https:\/\/syv.undefiniert.ch\/?page_id=774"},"modified":"2025-08-20T16:40:34","modified_gmt":"2025-08-20T14:40:34","slug":"eleveurs-de-yak","status":"publish","type":"page","link":"https:\/\/syv.ch\/fr\/liens\/eleveurs-de-yak\/","title":{"rendered":"Eleveurs de yak"},"content":{"rendered":"\n<h3 class=\"wp-block-heading\">Eleveurs de yak<\/h3>\n\n\n\n<h5 class=\"wp-block-heading has-text-align-center\">Liens des membres de la SYV<\/h5>\n\n\n\n<h2 class=\"wp-block-heading has-text-align-left has-medium-font-size\">Yakhof<\/h2>\n\n\n\n<p><a href=\"http:\/\/yakhof.ch\/\">yakhof.ch<\/a><\/p>\n\n\n\n<p>Notre \u00e9levage de yaks est situ\u00e9 \u00e0 900 m d\u2019altitude dans la commune de Marbach, \u00e0 mi-chemin entre Lucerne et Berne, au pied de la Schrattenfluh dans la biosph\u00e8re de l\u2019Entlebuch. Le \u00ab refuge de montagne \u00bb s\u2019\u00e9tend sur une superficie d\u2019environ 4 hectares, for\u00eat comprise. Outre les moutons et les poulets, la ferme \u00e0 temps partiel \u00e9l\u00e8ve principalement des yaks pour la production de viande.<\/p>\n\n\n\n<h2 class=\"wp-block-heading has-text-align-left has-medium-font-size\">Yak shu lo che<\/h2>\n\n\n\n<p><a href=\"https:\/\/www.yakshuloche.ch\/\">yakshuloche.ch<\/a><\/p>\n\n\n\n<p>Bienvenue \u00e0 la Giette, petit hameau dans les alpes valaisannes. Hameau des yaks, hameau des rochers. C\u2019est pourquoi ce nom \u201cyak shu lo ch\u00e9\u201d qui, en patois \u00e9vol\u00e9nard, veut dire : yaks sur le rocher.<\/p>\n\n\n\n<h2 class=\"wp-block-heading has-text-align-left has-medium-font-size\">Yak Tsang Ling<\/h2>\n\n\n\n<p><a href=\"http:\/\/www.yaks.ch\/\">yaks.ch<\/a><\/p>\n\n\n\n<p>Vous trouverez ici des informations concernant actualit\u00e9s autour de la ferme de yaks Roti Fl\u00fco notre \u00e9levage de yaks Informations sur les yaks du monde entier nos sp\u00e9cialit\u00e9s de yaks notre maison de vacances pour 20 personnes et bien plus encore!<\/p>\n\n\n\n<h2 class=\"wp-block-heading has-text-align-left has-medium-font-size\">Yaks im Safiental<\/h2>\n\n\n\n<p><a href=\"http:\/\/bandli.ch\/\">bandli.ch<\/a><\/p>\n\n\n\n<p>Randonn\u00e9es en raquettes dans le Safiental \u00e0 la ferme des yaks et des lamas G\u00e4demli au Safien Platz dans le Safiental dans le canton des Grisons, le coin des vacances de la Suisse.<\/p>\n\n\n\n<h2 class=\"wp-block-heading has-text-align-left has-medium-font-size\">Yaks im T\u00f6sstal<\/h2>\n\n\n\n<p><a href=\"http:\/\/www.leosberkel.ch\/\">leosberkel.ch<\/a><\/p>\n\n\n\n<p>La famille Piscitelli exploite une ferme \u00e0 Steg dans la vall\u00e9e de la T\u00f6ss depuis quelque temps d\u00e9j\u00e0.<\/p>\n\n\n\n<h2 class=\"wp-block-heading has-text-align-left has-medium-font-size\">YAK-A-OSER (&#8230;wage es einfach)<\/h2>\n\n\n\n<p><a href=\"http:\/\/www.yaktrekking.ch\/\">yaktrekking.ch<\/a><\/p>\n\n\n\n<p>Bienvenue \u00e0 Chermignon. Village valaisan situ\u00e9 sur la commune de Crans-Montana. C\u2019est ici que<br>vous d\u00e9couvrirez nos yaks et nos autres animaux. Chez nous, nous ne cultivons que les belles<br>histoires et le bonheur. Sur les terres de la ferme YAK-A-OSER vous apprendrez \u00e0 \u00eatre et ressentir<br>entre for\u00eats et lacs en compagnie de nos yaks\u2026<\/p>\n\n\n\n<h2 class=\"wp-block-heading has-text-align-left has-medium-font-size\">Yakhof Heinz<\/h2>\n\n\n\n<p><a href=\"http:\/\/www.yakhof-heinz.ch\/\">yakhof-heinz.ch<\/a><\/p>\n\n\n\n<p>La famille Heinz exploite une ferme \u00e0 Sufers.<\/p>\n\n\n\n<h2 class=\"wp-block-heading has-text-align-left has-medium-font-size\">YakYakAlice &#8211; Blatthof<\/h2>\n\n\n\n<p><a href=\"https:\/\/www.yakyakalice.ch\/\">yakyakalice.ch<\/a><\/p>\n\n\n\n<p>Propri\u00e9t\u00e9 familiale depuis des g\u00e9n\u00e9rations. La restauration de la propri\u00e9t\u00e9 vide \u00e0 Blatt (mentionn\u00e9e dans un document du 16 f\u00e9vrier 1572), qui \u00e9tait inoccup\u00e9e depuis des d\u00e9cennies, a commenc\u00e9 en 1980. Le Blatt-Hof est situ\u00e9 dans l\u2019un des lieux \u00e9nerg\u00e9tiques de Suisse, \u00e0 la fronti\u00e8re des sites naturels de la Jungfrau, d\u2019Aletsch et du Bietschhorn inscrits au patrimoine mondial de l\u2019Unesco et dans la r\u00e9gion BNL. Il est donc g\u00e9ographiquement situ\u00e9 dans un sanctuaire dit culturel. C\u2019est peut-\u00eatre l\u2019une des raisons pour lesquelles les hommes et les animaux s\u2019y sentent chez eux.<\/p>\n","protected":false},"excerpt":{"rendered":"<p>Eleveurs de yak Liens des membres de la SYV Yakhof yakhof.ch Notre \u00e9levage de yaks est situ\u00e9 \u00e0 900 m d\u2019altitude dans la commune de Marbach, \u00e0 mi-chemin entre Lucerne et Berne, au pied de la Schrattenfluh dans la biosph\u00e8re de l\u2019Entlebuch. Le \u00ab refuge de montagne \u00bb s\u2019\u00e9tend sur une superficie d\u2019environ 4 hectares, [&hellip;]<\/p>\n","protected":false},"author":1,"featured_media":0,"parent":768,"menu_order":0,"comment_status":"closed","ping_status":"closed","template":"","meta":{"footnotes":""},"class_list":["post-774","page","type-page","status-publish","hentry"],"_links":{"self":[{"href":"https:\/\/syv.ch\/fr\/wp-json\/wp\/v2\/pages\/774","targetHints":{"allow":["GET"]}}],"collection":[{"href":"https:\/\/syv.ch\/fr\/wp-json\/wp\/v2\/pages"}],"about":[{"href":"https:\/\/syv.ch\/fr\/wp-json\/wp\/v2\/types\/page"}],"author":[{"embeddable":true,"href":"https:\/\/syv.ch\/fr\/wp-json\/wp\/v2\/users\/1"}],"replies":[{"embeddable":true,"href":"https:\/\/syv.ch\/fr\/wp-json\/wp\/v2\/comments?post=774"}],"version-history":[{"count":9,"href":"https:\/\/syv.ch\/fr\/wp-json\/wp\/v2\/pages\/774\/revisions"}],"predecessor-version":[{"id":19364,"href":"https:\/\/syv.ch\/fr\/wp-json\/wp\/v2\/pages\/774\/revisions\/19364"}],"up":[{"embeddable":true,"href":"https:\/\/syv.ch\/fr\/wp-json\/wp\/v2\/pages\/768"}],"wp:attachment":[{"href":"https:\/\/syv.ch\/fr\/wp-json\/wp\/v2\/media?parent=774"}],"curies":[{"name":"wp","href":"https:\/\/api.w.org\/{rel}","templated":true}]}}