{"id":785,"date":"2019-02-20T09:11:21","date_gmt":"2019-02-20T09:11:21","guid":{"rendered":"https:\/\/syv.undefiniert.ch\/?page_id=785"},"modified":"2026-02-16T13:23:41","modified_gmt":"2026-02-16T12:23:41","slug":"films-et-tv","status":"publish","type":"page","link":"https:\/\/syv.ch\/fr\/reportages\/films-et-tv\/","title":{"rendered":"Films et TV"},"content":{"rendered":"\n<h3 class=\"wp-block-heading\"><br>Films et TV<\/h3>\n\n\n\n<hr class=\"wp-block-separator has-alpha-channel-opacity\"\/>\n\n\n\n<div style=\"height:10px\" aria-hidden=\"true\" class=\"wp-block-spacer\"><\/div>\n\n\n\n<p><br>Reportage sur les animaux exotiques &#8211; comme les yaks &#8211; dans les Grisons (en Romanche): <a href=\"https:\/\/www.rtr.ch\/play\/tv\/cuntrasts\/video\/noss-exots?urn=urn:rtr:video:ddac9f30-c77d-43cb-94c8-027855f8f2d5\">Cuntrasts &#8211; Noss exots.<\/a><\/p>\n\n\n\n<p><br>Meuh! L&rsquo;\u00e9pop\u00e9e des cornes. Le yack \u00e0 la conqu\u00eate des sommets. Documentation sur le yack en Asie et en Suisse avec Rosula Blanc. <a href=\"https:\/\/www.arte.tv\/fr\/videos\/086098-004-A\/meuh-l-epopee-des-cornes-4-4\/\">https:\/\/www.arte.tv\/fr\/videos\/086098-004-A\/meuh-I-epopee-des-cornes-4-4\/<\/a><\/p>\n\n\n\n<p><br>Reportage sur la viande de yak: <a href=\"https:\/\/www.youtube.com\/watch?v=gRlxgUn-eXI&amp;ab_channel=Galileo\">Foodtrend Fleisch<\/a> (en allemand, mais avec de belles photos)<\/p>\n\n\n\n<p>Film: Yak &#8211; Ship of Mountains, Indian Council of Agricultural Research.<br><a href=\"https:\/\/www.youtube.com\/watch?v=pW4NAKkliHA\">https:\/\/www.youtube.com\/watch?v=pW4NAKkliHA<\/a><\/p>\n\n\n\n<p><br>Film: Grazing on the borders: The yak herders of North Sikkim<br><a href=\"https:\/\/www.youtube.com\/watch?v=g3gL3AZhHbQ&amp;ab_channel=NamgyalInstituteOfTibetology%2CSikkim\">https:\/\/www.youtube.com\/watch?v=g3gL3AZhHbQ&amp;ab_channel=NamgyalInstituteOfTibetology%2CSikkim<\/a><\/p>\n\n\n\n<p>Film: WWF Nepal: The last yak herders of Dhe<br><a href=\"https:\/\/www.youtube.com\/watch?v=7W4M10EipA4\">https:\/\/www.youtube.com\/watch?v=7W4M10EipA4<\/a> Part 1<br><a href=\"https:\/\/www.youtube.com\/watch?v=gwfU3GfdpGI\">https:\/\/www.youtube.com\/watch?v=gwfU3GfdpGI<\/a> Part 2<\/p>\n\n\n\n<p>Film: Ministry of Agriculture and Forests, Buthan. Life of Buthanese Yak herders<br><a href=\"https:\/\/www.youtube.com\/watch?v=RMYVd01jHVU\">https:\/\/www.youtube.com\/watch?v=RMYVd01jHVU<\/a><\/p>\n\n\n\n<p><br>F\u00fcr Kinder: P\u00e4tagei, 14.02.2016, 19:53 Uhr<br>P\u00e4tagei bei den Yaks im Zoo Z\u00fcrich<br><a href=\"https:\/\/www.srf.ch\/play\/tv\/paetagei\/video\/der-yak-19?id=0aaea3c1-8262-4517-9cf0-61a427453bb8\">https:\/\/www.srf.ch\/play\/tv\/paetagei\/video\/der-yak-19?id=0aaea3c1-8262-4517-9cf0-61a427453bb8<\/a><\/p>\n\n\n\n<p>Film: Die Salzm\u00e4nner von Tibet, Ulrike Koch, 1996.<br><a href=\"https:\/\/absolutmedien.de\/film\/752\/Die+Salzmaenner+von+Tibet\">https:\/\/absolutmedien.de\/film\/752\/Die+Salzmaenner+von+Tibet<\/a><\/p>\n","protected":false},"excerpt":{"rendered":"<p>Films et TV Reportage sur les animaux exotiques &#8211; comme les yaks &#8211; dans les Grisons (en Romanche): Cuntrasts &#8211; Noss exots. Meuh! L&rsquo;\u00e9pop\u00e9e des cornes. Le yack \u00e0 la conqu\u00eate des sommets. Documentation sur le yack en Asie et en Suisse avec Rosula Blanc. https:\/\/www.arte.tv\/fr\/videos\/086098-004-A\/meuh-I-epopee-des-cornes-4-4\/ Reportage sur la viande de yak: Foodtrend Fleisch (en [&hellip;]<\/p>\n","protected":false},"author":1,"featured_media":0,"parent":782,"menu_order":0,"comment_status":"closed","ping_status":"closed","template":"","meta":{"footnotes":""},"class_list":["post-785","page","type-page","status-publish","hentry"],"_links":{"self":[{"href":"https:\/\/syv.ch\/fr\/wp-json\/wp\/v2\/pages\/785","targetHints":{"allow":["GET"]}}],"collection":[{"href":"https:\/\/syv.ch\/fr\/wp-json\/wp\/v2\/pages"}],"about":[{"href":"https:\/\/syv.ch\/fr\/wp-json\/wp\/v2\/types\/page"}],"author":[{"embeddable":true,"href":"https:\/\/syv.ch\/fr\/wp-json\/wp\/v2\/users\/1"}],"replies":[{"embeddable":true,"href":"https:\/\/syv.ch\/fr\/wp-json\/wp\/v2\/comments?post=785"}],"version-history":[{"count":6,"href":"https:\/\/syv.ch\/fr\/wp-json\/wp\/v2\/pages\/785\/revisions"}],"predecessor-version":[{"id":19352,"href":"https:\/\/syv.ch\/fr\/wp-json\/wp\/v2\/pages\/785\/revisions\/19352"}],"up":[{"embeddable":true,"href":"https:\/\/syv.ch\/fr\/wp-json\/wp\/v2\/pages\/782"}],"wp:attachment":[{"href":"https:\/\/syv.ch\/fr\/wp-json\/wp\/v2\/media?parent=785"}],"curies":[{"name":"wp","href":"https:\/\/api.w.org\/{rel}","templated":true}]}}