{"id":824,"date":"2019-02-20T09:48:54","date_gmt":"2019-02-20T09:48:54","guid":{"rendered":"https:\/\/syv.undefiniert.ch\/?page_id=824"},"modified":"2020-08-25T17:11:29","modified_gmt":"2020-08-25T17:11:29","slug":"a-acheter-vendre","status":"publish","type":"page","link":"https:\/\/syv.ch\/fr\/a-acheter-vendre\/","title":{"rendered":"A acheter vendre"},"content":{"rendered":"\n<div id=\"\" class=\"wp-block-cwp-container cwp-common-main-wrap cwp-full-width-wide-container\"><div class=\"cwp-common-main-wrap-inner\" style=\"padding-top:50px;padding-bottom:50px\" data-scroll-delay=\"10\" data-scroll-threshold=\"40\"><div class=\"cwp-main-intro\" style=\"padding-bottom:50px\"><div class=\"cwp-intro-title\"><h3>A acheter vendre<br><\/h3><\/div><\/div><div class=\"cwp-inner-block-wrap\">\n<p>Seulement pour member de notre association.<\/p>\n\n\n\n<p>Notre march\u00e9 24 heures est ouvert.<\/p>\n\n\n\n<p>Sur notre march\u00e9 en ligne, il y a toujours\nla possibilit\u00e9 de publier une annonce pour les produits sp\u00e9cifiques au \/ du\nyak. C\u2019est gratuit et l\u2019annonce sera automatiquement d\u00e9sactiv\u00e9e apr\u00e8s un mois.<\/p>\n\n\n\n<p><em>Attention:\nIl faut que toutes annonces qui ne concernent pas la vente d\u2019un animal mentionnent\n\u201cPrix selon accord\u201d comme prix. Dans le cas contraire, l\u2019annonce sera\nd\u00e9sactiv\u00e9e.<\/em><\/p>\n\n\n\n<p>1) Cliquez sur \u201cNouvelle annonce\u201d.<\/p>\n\n\n\n<p>2) Selon votre intention, cliquez \u201cVente\u201d\nou \u201cAchat\u201d. <\/p>\n\n\n\n<p>Directives des prix ASEY pour les yaks registr\u00e9s\nau herd-book, avec papiers d\u2019origine:<\/p>\n\n\n\n<div class=\"wp-block-columns has-2-columns is-layout-flex wp-container-core-columns-is-layout-9d6595d7 wp-block-columns-is-layout-flex\">\n<div class=\"wp-block-column is-layout-flow wp-block-column-is-layout-flow\">\n<p>1 an, m\u00e2le: <\/p>\n\n\n\n<p>1 an, femelle: <\/p>\n\n\n\n<p>2 ans, m\u00e2le: <\/p>\n\n\n\n<p>2 ans, femelle: <\/p>\n\n\n\n<p>2 ans, femelle, gestante: <\/p>\n\n\n\n<p>A partir de 4 ans, m\u00e2le: <\/p>\n\n\n\n<p>A partir de 4 ans, femelle, gestante: <\/p>\n<\/div>\n\n\n\n<div class=\"wp-block-column is-layout-flow wp-block-column-is-layout-flow\">\n<p>\n1500 sFr.\n\n<\/p>\n\n\n\n<p>2000 sFr. <\/p>\n\n\n\n<p>2000 sFr. <\/p>\n\n\n\n<p>2500 sFr. <\/p>\n\n\n\n<p>2800 sFr. <\/p>\n\n\n\n<p>2800 sFr. &#8211; 3500 sFr. <\/p>\n\n\n\n<p>3000 sFr. &#8211; 4000 sFr. <\/p>\n<\/div>\n<\/div>\n<\/div><\/div><\/div>\n","protected":false},"excerpt":{"rendered":"","protected":false},"author":1,"featured_media":0,"parent":0,"menu_order":0,"comment_status":"closed","ping_status":"closed","template":"","meta":{"footnotes":""},"class_list":["post-824","page","type-page","status-publish","hentry"],"_links":{"self":[{"href":"https:\/\/syv.ch\/fr\/wp-json\/wp\/v2\/pages\/824","targetHints":{"allow":["GET"]}}],"collection":[{"href":"https:\/\/syv.ch\/fr\/wp-json\/wp\/v2\/pages"}],"about":[{"href":"https:\/\/syv.ch\/fr\/wp-json\/wp\/v2\/types\/page"}],"author":[{"embeddable":true,"href":"https:\/\/syv.ch\/fr\/wp-json\/wp\/v2\/users\/1"}],"replies":[{"embeddable":true,"href":"https:\/\/syv.ch\/fr\/wp-json\/wp\/v2\/comments?post=824"}],"version-history":[{"count":1,"href":"https:\/\/syv.ch\/fr\/wp-json\/wp\/v2\/pages\/824\/revisions"}],"predecessor-version":[{"id":3937,"href":"https:\/\/syv.ch\/fr\/wp-json\/wp\/v2\/pages\/824\/revisions\/3937"}],"wp:attachment":[{"href":"https:\/\/syv.ch\/fr\/wp-json\/wp\/v2\/media?parent=824"}],"curies":[{"name":"wp","href":"https:\/\/api.w.org\/{rel}","templated":true}]}}