{"id":826,"date":"2019-02-20T09:50:44","date_gmt":"2019-02-20T09:50:44","guid":{"rendered":"https:\/\/syv.undefiniert.ch\/?page_id=826"},"modified":"2025-08-21T10:08:26","modified_gmt":"2025-08-21T08:08:26","slug":"nouvelle-annonce","status":"publish","type":"page","link":"https:\/\/syv.ch\/fr\/a-acheter-vendre\/nouvelle-annonce\/","title":{"rendered":"Nouvelle Annonce"},"content":{"rendered":"\n<h3 class=\"wp-block-heading\">Nouvelle Annonce<\/h3>\n\n\n\n<hr class=\"wp-block-separator has-alpha-channel-opacity\"\/>\n\n\n\n<div style=\"height:10px\" aria-hidden=\"true\" class=\"wp-block-spacer\"><\/div>\n\n\n\n<p>our acheter et vendre n&rsquo;est ouvert que pour les membres de notre association. Ci-dessous, tu peux annoncer de mani\u00e8re directe et s imple tout produit li\u00e9 aux yaks gratuitement pour un mois.<\/p>\n\n\n\n<p>Notre service online pour acheter et vendre n&rsquo;est ouvert que pour les membres de notre association. Ci-dessous,  tu peux annoncer de mani\u00e8re directe et simple tout produit li\u00e9 aux yaks gratuitement pour un mois.<\/p>\n\n\n\n<p>Attention : Il faut que toutes annonces qui ne concernent pas la vente d\u2019un animal mentionnent \u201cselon accord\u201d \u00e0 la place prix. Dans le cas contraire, l\u2019annonce sera d\u00e9sactiv\u00e9e et le membre se verra interdire d&rsquo;ins\u00e9rer des annonces.<\/p>\n\n\n\n<p>Directives des prix ASEY pour les yaks inscrits au herdbook, avec papiers de p\u00e9digr\u00e9e:<\/p>\n\n\n\n<p>1 an, m\u00e2le: 1500 sFr.<br>1 an, femelle: 2000 sFr.<br>2 ans, m\u00e2le: 2000 sFr.<br>2 ans, femelle: 2200 sFr.<br>2 ans, femelle, gestante: 2500 sFr.<br>A partir de 4 ans, m\u00e2le: 3500 sFr.<br>A partir de 4 ans, femelle, gestante: 3000 sFr. &#8211; 3500 sFr.<\/p>\n\n\n<div class=\"frm_forms  with_frm_style frm_style_formidable-style\" id=\"frm_form_19_container\" >\n<form enctype=\"multipart\/form-data\" method=\"post\" class=\"frm-show-form  frm_pro_form \" id=\"form_contact2332\" >\n<div class=\"frm_form_fields \">\n<fieldset>\n<legend class=\"frm_screen_reader\">Nouvelle Annonce (neu)<\/legend>\r\n\r\n<div class=\"frm_fields_container\">\n<input type=\"hidden\" name=\"frm_action\" value=\"create\" \/>\n<input type=\"hidden\" name=\"form_id\" value=\"19\" \/>\n<input type=\"hidden\" name=\"frm_hide_fields_19\" id=\"frm_hide_fields_19\" value=\"\" \/>\n<input type=\"hidden\" name=\"form_key\" value=\"contact2332\" \/>\n<input type=\"hidden\" name=\"item_meta[0]\" value=\"\" \/>\n<input type=\"hidden\" id=\"frm_submit_entry_19\" name=\"frm_submit_entry_19\" value=\"cf930b9663\" \/><input type=\"hidden\" name=\"_wp_http_referer\" value=\"\/fr\/wp-json\/wp\/v2\/pages\/826\" \/><div id=\"frm_field_228_container\" class=\"frm_form_field  frm_html_container form-field\">\n<div class=\"frm_primary_label\">(<span class=\"frm_required\">*<\/span> = Pflichtfeld)<\/div>\n<\/div>\n<div id=\"frm_field_229_container\" class=\"frm_form_field form-field  frm_required_field frm_left_container vertical_radio\">\r\n    <div  id=\"field_g1x5a42_label\" class=\"frm_primary_label\">Type \r\n        <span class=\"frm_required\">*<\/span>\r\n    <\/div>\r\n    <div class=\"frm_opt_container\" aria-labelledby=\"field_g1x5a42_label\" role=\"radiogroup\" aria-required=\"true\">\t\t<div class=\"frm_radio\" id=\"frm_radio_229-0\">\t\t\t<label  for=\"field_g1x5a42-0\">\n\t\t\t\t\t<input type=\"radio\" name=\"item_meta[229]\" id=\"field_g1x5a42-0\" value=\"Kauf\"\n\t\t data-reqmsg=\"Dieses Feld darf nicht leer sein.\" data-invmsg=\"Type  ist ung\u00fcltig\"   \/>  Achat<\/label><\/div>\n\t\t<div class=\"frm_radio\" id=\"frm_radio_229-1\">\t\t\t<label  for=\"field_g1x5a42-1\">\n\t\t\t\t\t<input type=\"radio\" name=\"item_meta[229]\" id=\"field_g1x5a42-1\" value=\"Verkauf\"\n\t\t data-reqmsg=\"Dieses Feld darf nicht leer sein.\" data-invmsg=\"Type  ist ung\u00fcltig\"   \/> Vente<\/label><\/div>\n<\/div>\r\n    \r\n    \r\n<\/div>\n<div id=\"frm_field_230_container\" class=\"frm_form_field form-field  frm_required_field frm_left_container\">\r\n    <label for=\"field_6waml332\" id=\"field_6waml332_label\" class=\"frm_primary_label\">Nom\r\n        <span class=\"frm_required\">*<\/span>\r\n    <\/label>\r\n    <input  type=\"text\" id=\"field_6waml332\" name=\"item_meta[230]\" value=\"\"  data-reqmsg=\"Dieses Feld darf nicht leer sein.\" aria-required=\"true\" data-invmsg=\"Name ist ung\u00fcltig\" aria-invalid=\"false\"   \/>\r\n    \r\n    \r\n<\/div>\n<div id=\"frm_field_232_container\" class=\"frm_form_field form-field  frm_required_field frm_left_container\">\r\n    <label for=\"field_29yf4d3332\" id=\"field_29yf4d3332_label\" class=\"frm_primary_label\">Adresse\r\n        <span class=\"frm_required\">*<\/span>\r\n    <\/label>\r\n    <input  type=\"text\" id=\"field_29yf4d3332\" name=\"item_meta[232]\" value=\"\"  data-reqmsg=\"Dieses Feld darf nicht leer sein.\" aria-required=\"true\" data-invmsg=\"Please enter a valid email address\" aria-invalid=\"false\"   \/>\r\n    \r\n    \r\n<\/div>\n<div id=\"frm_field_233_container\" class=\"frm_form_field form-field  frm_required_field frm_left_container\">\r\n    <label for=\"field_9kih8332\" id=\"field_9kih8332_label\" class=\"frm_primary_label\">CP \/ Lieu\r\n        <span class=\"frm_required\">*<\/span>\r\n    <\/label>\r\n    <input  type=\"text\" id=\"field_9kih8332\" name=\"item_meta[233]\" value=\"\"  data-reqmsg=\"Dieses Feld darf nicht leer sein.\" aria-required=\"true\" data-invmsg=\"Please enter a valid email address\" aria-invalid=\"false\"   \/>\r\n    \r\n    \r\n<\/div>\n<div id=\"frm_field_234_container\" class=\"frm_form_field form-field  frm_required_field frm_left_container\">\r\n    <label for=\"field_waxqg332\" id=\"field_waxqg332_label\" class=\"frm_primary_label\">Telefon\r\n        <span class=\"frm_required\">*<\/span>\r\n    <\/label>\r\n    <input  type=\"text\" id=\"field_waxqg332\" name=\"item_meta[234]\" value=\"\"  data-reqmsg=\"Dieses Feld darf nicht leer sein.\" aria-required=\"true\" data-invmsg=\"Please enter a valid email address\" aria-invalid=\"false\"   \/>\r\n    \r\n    \r\n<\/div>\n<div id=\"frm_field_235_container\" class=\"frm_form_field form-field  frm_required_field frm_left_container\">\r\n    <label for=\"field_s7um92\" id=\"field_s7um92_label\" class=\"frm_primary_label\">Titre\r\n        <span class=\"frm_required\">*<\/span>\r\n    <\/label>\r\n    <input  type=\"text\" id=\"field_s7um92\" name=\"item_meta[235]\" value=\"\"  data-reqmsg=\"Dieses Feld darf nicht leer sein.\" aria-required=\"true\" data-invmsg=\"Text ist ung\u00fcltig\" aria-invalid=\"false\"   \/>\r\n    \r\n    \r\n<\/div>\n<div id=\"frm_field_236_container\" class=\"frm_form_field form-field  frm_required_field frm_left_container\">\r\n    <label for=\"field_q2k7h332\" id=\"field_q2k7h332_label\" class=\"frm_primary_label\">Texte\r\n        <span class=\"frm_required\">*<\/span>\r\n    <\/label>\r\n    <textarea name=\"item_meta[236]\" id=\"field_q2k7h332\" rows=\"5\"  data-reqmsg=\"Dieses Feld darf nicht leer sein.\" aria-required=\"true\" data-invmsg=\"Texte ist ung\u00fcltig\" aria-invalid=\"false\"  ><\/textarea>\r\n    \r\n    \r\n<\/div>\n<div id=\"frm_field_237_container\" class=\"frm_form_field form-field  frm_required_field frm_left_container\">\r\n    <label for=\"field_1xeuh332\" id=\"field_1xeuh332_label\" class=\"frm_primary_label\">Prix\r\n        <span class=\"frm_required\">*<\/span>\r\n    <\/label>\r\n    <input  type=\"text\" id=\"field_1xeuh332\" name=\"item_meta[237]\" value=\"\"  data-reqmsg=\"Dieses Feld darf nicht leer sein.\" aria-required=\"true\" data-invmsg=\"Please enter a valid email address\" aria-invalid=\"false\"   \/>\r\n    \r\n    \r\n<\/div>\n<div id=\"frm_field_238_container\" class=\"frm_form_field form-field  frm_required_field frm_left_container\">\r\n    <label for=\"field_dt00532\" id=\"field_dt00532_label\" class=\"frm_primary_label\">E-Mail\r\n        <span class=\"frm_required\">*<\/span>\r\n    <\/label>\r\n    <input type=\"email\" id=\"field_dt00532\" name=\"item_meta[238]\" value=\"\"  data-reqmsg=\"Dieses Feld darf nicht leer sein.\" aria-required=\"true\" data-invmsg=\"Please enter a valid email address\" aria-invalid=\"false\"  \/>\r\n    \r\n    \r\n<\/div>\n<div id=\"frm_field_240_container\" class=\"frm_form_field form-field  frm_left_container\">\r\n    <div  id=\"field_bdk0d32_label\" class=\"frm_primary_label\">Photo\r\n        <span class=\"frm_required\"><\/span>\r\n    <\/div>\r\n    <input type=\"hidden\"  data-invmsg=\"Datei-Upload ist ung\u00fcltig\" class=\"auto_width\" aria-invalid=\"false\"   name=\"item_meta[240]\"  value=\"\" data-frmfile=\"240\" \/>\n\n<div class=\"frm_dropzone frm_single_upload frm_clearfix\" id=\"file240_dropzone\" role=\"group\" >\n\t<div class=\"fallback\">\n\t\t<input type=\"file\" name=\"file240\" id=\"field_bdk0d32\"\n\t\t\t data-invmsg=\"Datei-Upload ist ung\u00fcltig\" class=\"auto_width\" aria-invalid=\"false\"  \t\t\t\/>\n\t\t\t\t<div class=\"frm_clearfix \"><\/div>\n\t<\/div>\n\t<div class=\"dz-message needsclick\">\n\t\t\t\t<svg  viewBox=\"0 0 18 18\" class=\"frmsvg frm-svg-icon\">\n\t<path viewBox=\"0 0 18 18\" fill-rule=\"evenodd\" clip-rule=\"evenodd\" d=\"M8.2 4v8a.8.8 0 001.5 0V4l2.1 2.2A.7.7 0 1013 5L9.5 1.7a.7.7 0 00-1.1 0L5.1 5.2a.8.8 0 001 1l2.1-2zm7.6 4.3c.4 0 .7.3.7.7v6.8c0 .4-.3.7-.8.7H2.3a.8.8 0 01-.8-.8V9A.8.8 0 013 9v6h12V9c0-.4.3-.8.8-.8z\"><\/path>\n<\/svg>\t\t<span class=\"frm_upload_text\"><button type=\"button\" aria-label=\"Photo. Zum Hochladen Datei hier ablegen oder auf den Button klicken.. Taille de fichier maximale\u00a0: 10MB\">Zum Hochladen Datei hier ablegen oder auf den Button klicken.<\/button><\/span>\n\t\t<span class=\"frm_compact_text\"><button type=\"button\" aria-label=\"Photo. Datei w\u00e4hlen. Taille de fichier maximale\u00a0: 10MB\">Datei w\u00e4hlen<\/button><\/span>\n\t\t<div class=\"frm_small_text\">\n\t\t\t<p>Taille de fichier maximale\u00a0: 10MB<\/p>\n\t\t<\/div>\n\t<\/div>\n<\/div>\n\t\r\n    \r\n    \r\n<\/div>\n<div id=\"frm_field_260_container\" class=\"frm_form_field form-field  frm_none_container\">\r\n    <label for=\"g-recaptcha-response\" id=\"field_bkf3q_label\" class=\"frm_primary_label\">Spam protection\r\n        <span class=\"frm_required\"><\/span>\r\n    <\/label>\r\n    <div  id=\"field_bkf3q\" class=\"frm-g-recaptcha\" data-sitekey=\"6LcVxaUZAAAAALlf9oZwT2XDbI5OCqRIKdZGZYde\" data-size=\"normal\" data-theme=\"light\"><\/div>\r\n    \r\n    \r\n<\/div>\n<div id=\"frm_field_353_container\" class=\"frm_form_field form-field \">\r\n\t<div class=\"frm_submit\">\r\n\r\n<button class=\"frm_button_submit frm_final_submit\" type=\"submit\"   formnovalidate=\"formnovalidate\">Senden<\/button>\r\n\r\n<\/div>\r\n<\/div>\n\t<input type=\"hidden\" name=\"item_key\" value=\"\" \/>\n\t\t\t<div id=\"frm_field_512_container\">\n\t\t\t<label for=\"field_9p05p\" >\n\t\t\t\tSi vous \u00eates un humain, ne remplissez pas ce champ.\t\t\t<\/label>\n\t\t\t<input  id=\"field_9p05p\" type=\"text\" class=\"frm_form_field form-field frm_verify\" name=\"item_meta[512]\" value=\"\"  \/>\n\t\t<\/div>\n\t\t<input name=\"frm_state\" type=\"hidden\" value=\"Lbf70GP4MMIMtSxIdzeZfN1rc7mdNsemdKIU6gge3aghjA1cv3iGWQnTN\/SWFqE6\" \/><\/div>\n<\/fieldset>\n<\/div>\n\n<\/form>\n<\/div>\n\n","protected":false},"excerpt":{"rendered":"<p>Nouvelle Annonce our acheter et vendre n&rsquo;est ouvert que pour les membres de notre association. Ci-dessous, tu peux annoncer de mani\u00e8re directe et s imple tout produit li\u00e9 aux yaks gratuitement pour un mois. Notre service online pour acheter et vendre n&rsquo;est ouvert que pour les membres de notre association. Ci-dessous, tu peux annoncer de [&hellip;]<\/p>\n","protected":false},"author":1,"featured_media":0,"parent":824,"menu_order":0,"comment_status":"closed","ping_status":"closed","template":"","meta":{"footnotes":""},"class_list":["post-826","page","type-page","status-publish","hentry"],"_links":{"self":[{"href":"https:\/\/syv.ch\/fr\/wp-json\/wp\/v2\/pages\/826","targetHints":{"allow":["GET"]}}],"collection":[{"href":"https:\/\/syv.ch\/fr\/wp-json\/wp\/v2\/pages"}],"about":[{"href":"https:\/\/syv.ch\/fr\/wp-json\/wp\/v2\/types\/page"}],"author":[{"embeddable":true,"href":"https:\/\/syv.ch\/fr\/wp-json\/wp\/v2\/users\/1"}],"replies":[{"embeddable":true,"href":"https:\/\/syv.ch\/fr\/wp-json\/wp\/v2\/comments?post=826"}],"version-history":[{"count":6,"href":"https:\/\/syv.ch\/fr\/wp-json\/wp\/v2\/pages\/826\/revisions"}],"predecessor-version":[{"id":19491,"href":"https:\/\/syv.ch\/fr\/wp-json\/wp\/v2\/pages\/826\/revisions\/19491"}],"up":[{"embeddable":true,"href":"https:\/\/syv.ch\/fr\/wp-json\/wp\/v2\/pages\/824"}],"wp:attachment":[{"href":"https:\/\/syv.ch\/fr\/wp-json\/wp\/v2\/media?parent=826"}],"curies":[{"name":"wp","href":"https:\/\/api.w.org\/{rel}","templated":true}]}}