{"id":842,"date":"2019-02-20T10:25:07","date_gmt":"2019-02-20T10:25:07","guid":{"rendered":"https:\/\/syv.undefiniert.ch\/?page_id=842"},"modified":"2025-10-20T13:33:41","modified_gmt":"2025-10-20T11:33:41","slug":"shop","status":"publish","type":"page","link":"https:\/\/syv.ch\/fr\/shop\/","title":{"rendered":"Shop"},"content":{"rendered":"\n<h3 class=\"wp-block-heading\">SYV Shop<\/h3>\n\n\n\n<hr class=\"wp-block-separator has-alpha-channel-opacity\"\/>\n\n\n\n<div style=\"height:10px\" aria-hidden=\"true\" class=\"wp-block-spacer\"><\/div>\n\n\n<div class=\"frm_forms  with_frm_style frm_style_formidable-style\" id=\"frm_form_13_container\" >\n<form enctype=\"multipart\/form-data\" method=\"post\" class=\"frm-show-form  frm_pro_form \" id=\"form_sbwud2\" >\n<div class=\"frm_form_fields \">\n<fieldset>\n<legend class=\"frm_screen_reader\">Shop FR<\/legend>\r\n\r\n<div class=\"frm_fields_container\">\n<input type=\"hidden\" name=\"frm_action\" value=\"create\" \/>\n<input type=\"hidden\" name=\"form_id\" value=\"13\" \/>\n<input type=\"hidden\" name=\"frm_hide_fields_13\" id=\"frm_hide_fields_13\" value=\"\" \/>\n<input type=\"hidden\" name=\"form_key\" value=\"sbwud2\" \/>\n<input type=\"hidden\" name=\"item_meta[0]\" value=\"\" \/>\n<input type=\"hidden\" id=\"frm_submit_entry_13\" name=\"frm_submit_entry_13\" value=\"cf930b9663\" \/><input type=\"hidden\" name=\"_wp_http_referer\" value=\"\/fr\/wp-json\/wp\/v2\/pages\/842\" \/><div id=\"frm_field_142_container\" class=\"frm_form_field frm_section_heading form-field \">\r\n<h3 class=\"frm_pos_top frm_section_spacing\">Livre \"Le silence des yaks\"<\/h3>\r\n\r\n\r\n<div id=\"frm_field_143_container\" class=\"frm_form_field  frm_html_container form-field\"><img decoding=\"async\" src=\"http:\/\/syv.ch\/wp-content\/uploads\/2024\/05\/Silence_des_yaks.jpeg\" style=\"max-width:300px; height:auto\"><\/div>\n<div id=\"frm_field_144_container\" class=\"frm_form_field form-field  frm_top_container\">\r\n    <label for=\"field_4gkwn2\" id=\"field_4gkwn2_label\" class=\"frm_primary_label\">Format 24x19 cm. Nombre de pages 128.<br\/><em>\u00ab Ce livre alliant photographies de Bertrand Carlier et textes de Rosula Blanc nous invite \u00e0 voyager au coeur du monde des yaks en Suisse. Caravane de yaks \u00e0 travers les Alpes, paysages d\u2019ici faisant r\u00eaver d\u2019un ailleurs lointain, la vie des yaks et les gestes au quotidien de leur berg\u00e8re-caravani\u00e8re Rosula Blanc. Dialogue entre humain, animal et nature dans le silence de la montagne. Au fil des saisons, Bertrand Carlier capte \u00e0 travers ses photographies cette rencontre fascinante. Et en transmetteuse d\u2019histoires engag\u00e9e, Rosula Blanc nous offre ses mots sensibles d\u2019artiste-berg\u00e8re pour nous partager son v\u00e9cu avec les yaks. Notre esprit nomade s\u2019en trouve nourri. \u00bb<\/em><br\/>Date de publication 09\/04\/2024, Editions Slatkine, Gen\u00e8ve.<br\/>Prix 34.00 sFr. + frais d\u2019envoi.\r\n        <span class=\"frm_required\"><\/span>\r\n    <\/label>\r\n    <input type=\"number\" id=\"field_4gkwn2\" name=\"item_meta[144]\" value=\"0\" data-sectionid=\"142\"  style=\"width:100px\" data-frmval=\"0\" data-invmsg=\"Zahl ist ung\u00fcltig\" class=\"auto_width\" aria-invalid=\"false\"   min=\"0\" max=\"9999999\" step=\"any\" \/>\r\n    \r\n    \r\n<\/div>\n<\/div>\n<div id=\"frm_field_310_container\" class=\"frm_form_field frm_section_heading form-field \">\r\n<h3 class=\"frm_pos_top frm_section_spacing\">Panneau Yak en Fran\u00e7ais<\/h3>\r\n\r\n\r\n<div id=\"frm_field_311_container\" class=\"frm_form_field  frm_html_container form-field\"><img decoding=\"async\" src=\"http:\/\/syv.ch\/wp-content\/uploads\/2024\/05\/Yaktafel_FR.jpg\" style=\"max-width:200px; height:auto\"><\/div>\n<div id=\"frm_field_312_container\" class=\"frm_form_field form-field  frm_top_container\">\r\n    <label for=\"field_h6p2t\" id=\"field_h6p2t_label\" class=\"frm_primary_label\">Format A2 (59x42cm). Imprim\u00e9 sur aluminium.<br\/>Prix 80.00 sFr. + frais d\u2019envoi.\r\n        <span class=\"frm_required\"><\/span>\r\n    <\/label>\r\n    <input type=\"number\" id=\"field_h6p2t\" name=\"item_meta[312]\" value=\"0\" data-sectionid=\"310\"  style=\"width:100px\" data-frmval=\"0\" data-invmsg=\"Zahl ist ung\u00fcltig\" class=\"auto_width\" aria-invalid=\"false\"   min=\"0\" max=\"9999999\" step=\"any\" \/>\r\n    \r\n    \r\n<\/div>\n<\/div>\n<div id=\"frm_field_331_container\" class=\"frm_form_field frm_section_heading form-field \">\r\n<h3 class=\"frm_pos_top frm_section_spacing\">Panneau Yak<\/h3>\r\n\r\n\r\n<div id=\"frm_field_332_container\" class=\"frm_form_field  frm_html_container form-field\"><img decoding=\"async\" src=\"http:\/\/syv.ch\/wp-content\/uploads\/2019\/02\/yakposter.jpg\" style=\"max-width:200px; height:auto\"><\/div>\n<div id=\"frm_field_333_container\" class=\"frm_form_field form-field  frm_top_container\">\r\n    <label for=\"field_pl3ol\" id=\"field_pl3ol_label\" class=\"frm_primary_label\">Format A2 (59x42cm). Imprim\u00e9, r\u00e9sistant aux intemp\u00e9ries, aluminium.<br>Prix 130.00 sFr. + frais d\u2019envoi.\r\n        <span class=\"frm_required\"><\/span>\r\n    <\/label>\r\n    <input type=\"number\" id=\"field_pl3ol\" name=\"item_meta[333]\" value=\"0\" data-sectionid=\"331\"  style=\"width:100px\" data-frmval=\"0\" data-invmsg=\"Zahl ist ung\u00fcltig\" class=\"auto_width\" aria-invalid=\"false\"   min=\"0\" max=\"9999999\" step=\"any\" \/>\r\n    \r\n    \r\n<\/div>\n<\/div>\n<div id=\"frm_field_288_container\" class=\"frm_form_field frm_section_heading form-field \">\r\n<h3 class=\"frm_pos_top frm_section_spacing\">Panneau But d\u2019\u00e9levage en Fran\u00e7ais<\/h3>\r\n\r\n\r\n<div id=\"frm_field_289_container\" class=\"frm_form_field  frm_html_container form-field\"><img decoding=\"async\" src=\"http:\/\/syv.ch\/wp-content\/uploads\/2024\/05\/Yaktafel_Zuchtziel_FR.jpg\" style=\"max-width:350px; height:auto\"><\/div>\n<div id=\"frm_field_290_container\" class=\"frm_form_field form-field  frm_top_container\">\r\n    <label for=\"field_euupr\" id=\"field_euupr_label\" class=\"frm_primary_label\">Format A2 (59cmx42cm). Imprim\u00e9 sur aluminium. Poin\u00e7onn\u00e9 aux coins.<br\/>Prix 45.00 sFr. + frais d\u2019envoi.\r\n        <span class=\"frm_required\"><\/span>\r\n    <\/label>\r\n    <input type=\"number\" id=\"field_euupr\" name=\"item_meta[290]\" value=\"0\" data-sectionid=\"288\"  style=\"width:100px\" data-frmval=\"0\" data-invmsg=\"Zahl ist ung\u00fcltig\" class=\"auto_width\" aria-invalid=\"false\"   min=\"0\" max=\"9999999\" step=\"any\" \/>\r\n    \r\n    \r\n<\/div>\n<\/div>\n<div id=\"frm_field_323_container\" class=\"frm_form_field frm_section_heading form-field \">\r\n<h3 class=\"frm_pos_top frm_section_spacing\">Panneau But d\u2019\u00e9levage<\/h3>\r\n\r\n\r\n<div id=\"frm_field_324_container\" class=\"frm_form_field  frm_html_container form-field\"><img decoding=\"async\" src=\"http:\/\/syv.ch\/wp-content\/uploads\/2023\/02\/Yaktafel_Zuchtziele.jpg\" style=\"max-width:350px; height:auto\"><\/div>\n<div id=\"frm_field_325_container\" class=\"frm_form_field form-field  frm_top_container\">\r\n    <label for=\"field_hhub1\" id=\"field_hhub1_label\" class=\"frm_primary_label\">En allemand. Format A2 (59cmx42cm). Imprim\u00e9 sur aluminium (3 mm). Poin\u00e7onn\u00e9 aux coins.<br>Prix 45.00 sFr. + frais d\u2019envoi.\r\n        <span class=\"frm_required\"><\/span>\r\n    <\/label>\r\n    <input type=\"number\" id=\"field_hhub1\" name=\"item_meta[325]\" value=\"0\" data-sectionid=\"323\"  style=\"width:100px\" data-frmval=\"0\" data-invmsg=\"Zahl ist ung\u00fcltig\" class=\"auto_width\" aria-invalid=\"false\"   min=\"0\" max=\"9999999\" step=\"any\" \/>\r\n    \r\n    \r\n<\/div>\n<\/div>\n<div id=\"frm_field_292_container\" class=\"frm_form_field frm_section_heading form-field \">\r\n<h3 class=\"frm_pos_top frm_section_spacing\">Panneau Standard de rasse \/ Couleurs de robe en Fran\u00e7ais<\/h3>\r\n\r\n\r\n<div id=\"frm_field_293_container\" class=\"frm_form_field  frm_html_container form-field\"><img decoding=\"async\" src=\"http:\/\/syv.ch\/wp-content\/uploads\/2024\/05\/Yaktafel_Farbschlaege_Rassestandard_FR.jpg\" style=\"max-width:500px; height:auto\"><\/div>\n<div id=\"frm_field_294_container\" class=\"frm_form_field form-field  frm_top_container\">\r\n    <label for=\"field_m7wcg\" id=\"field_m7wcg_label\" class=\"frm_primary_label\">Format A2 (59cmx42cm). Imprim\u00e9 sur aluminium. Poin\u00e7onn\u00e9 aux coins.<br\/>Prix 45.00 sFr. + frais d\u2019envoi.\r\n        <span class=\"frm_required\"><\/span>\r\n    <\/label>\r\n    <input type=\"number\" id=\"field_m7wcg\" name=\"item_meta[294]\" value=\"0\" data-sectionid=\"292\"  style=\"width:100px\" data-frmval=\"0\" data-invmsg=\"Zahl ist ung\u00fcltig\" class=\"auto_width\" aria-invalid=\"false\"   min=\"0\" max=\"9999999\" step=\"any\" \/>\r\n    \r\n    \r\n<\/div>\n<\/div>\n<div id=\"frm_field_327_container\" class=\"frm_form_field frm_section_heading form-field \">\r\n<h3 class=\"frm_pos_top frm_section_spacing\">Panneau Standard de rasse \/ Couleurs de robe<\/h3>\r\n\r\n\r\n<div id=\"frm_field_328_container\" class=\"frm_form_field  frm_html_container form-field\"><img decoding=\"async\" src=\"http:\/\/syv.ch\/wp-content\/uploads\/2023\/02\/Yaktafel_Farbschlaege_Rassestandard.jpg\" style=\"max-width:500px; height:auto\"><\/div>\n<div id=\"frm_field_329_container\" class=\"frm_form_field form-field  frm_top_container\">\r\n    <label for=\"field_sufcl\" id=\"field_sufcl_label\" class=\"frm_primary_label\">En allemand. Format A3 (59cmx42cm). Imprim\u00e9 sur aluminium (3 mm). Poin\u00e7onn\u00e9 aux coins.<br>Prix 45.00 sFr. + frais d\u2019envoi.\r\n        <span class=\"frm_required\"><\/span>\r\n    <\/label>\r\n    <input type=\"number\" id=\"field_sufcl\" name=\"item_meta[329]\" value=\"0\" data-sectionid=\"327\"  style=\"width:100px\" data-frmval=\"0\" data-invmsg=\"Zahl ist ung\u00fcltig\" class=\"auto_width\" aria-invalid=\"false\"   min=\"0\" max=\"9999999\" step=\"any\" \/>\r\n    \r\n    \r\n<\/div>\n<\/div>\n<div id=\"frm_field_146_container\" class=\"frm_form_field frm_section_heading form-field \">\r\n<h3 class=\"frm_pos_top frm_section_spacing\">Tableau: \u201cCouleurs de robe\u201d - Yak <\/h3>\r\n\r\n\r\n<div id=\"frm_field_147_container\" class=\"frm_form_field  frm_html_container form-field\">\n<div style=\"display:flex;\">\n<div><img decoding=\"async\" src=\"http:\/\/syv.ch\/wp-content\/uploads\/2019\/02\/farbschlaege.jpg\" style=\"max-width:200px; height:auto; margin-right:1rem;\"><\/div>\n<div><a class=\"cwp-button cwp-button-primary\" href=\"http:\/\/syv.ch\/wp-content\/uploads\/2019\/02\/Yak-Farben-A4.pdf\" target=\"_blank\" rel=\"noopener noreferrer\"> Download (PDF A4)<\/a><\/div>\n<\/div>\n<\/div>\n<div id=\"frm_field_148_container\" class=\"frm_form_field form-field  frm_top_container\">\r\n    <label for=\"field_kp1502\" id=\"field_kp1502_label\" class=\"frm_primary_label\">Papier r\u00e9sistant \u00e0 la d\u00e9chirure, A3, en couleur.<br\/>Prix: 5.00 sFr. + frais d\u2019envoi<br\/>Chaque membre de l\u2019ASEY re\u00e7oit un tableau \u201cCouleurs de robe\u201d gratuitement, sur demande.\r\n        <span class=\"frm_required\"><\/span>\r\n    <\/label>\r\n    <input type=\"number\" id=\"field_kp1502\" name=\"item_meta[148]\" value=\"0\" data-sectionid=\"146\"  style=\"width:100px\" data-frmval=\"0\" data-invmsg=\"Zahl ist ung\u00fcltig\" class=\"auto_width\" aria-invalid=\"false\"   min=\"0\" max=\"9999999\" step=\"any\" \/>\r\n    \r\n    \r\n<\/div>\n<\/div>\n<div id=\"frm_field_300_container\" class=\"frm_form_field frm_section_heading form-field \">\r\n<h3 class=\"frm_pos_top frm_section_spacing\">\"Globi chez les yaks\" - Livre pour enfants <\/h3>\r\n\r\n\r\n<div id=\"frm_field_301_container\" class=\"frm_form_field  frm_html_container form-field\"><img decoding=\"async\" src=\"http:\/\/syv.ch\/wp-content\/uploads\/2023\/12\/20231218_Globi.jpg\" style=\"max-width:500px; height:auto\"><\/div>\n<div id=\"frm_field_302_container\" class=\"frm_form_field form-field  frm_top_container\">\r\n    <label for=\"field_9c6tk\" id=\"field_9c6tk_label\" class=\"frm_primary_label\"><b>En Allemand.<\/b> Prix: 25.00 sFr. + frais d\u2019envoi\r\n        <span class=\"frm_required\"><\/span>\r\n    <\/label>\r\n    <input type=\"number\" id=\"field_9c6tk\" name=\"item_meta[302]\" value=\"0\" data-sectionid=\"300\"  style=\"width:100px\" data-frmval=\"0\" data-invmsg=\"Zahl ist ung\u00fcltig\" class=\"auto_width\" aria-invalid=\"false\"   min=\"0\" max=\"9999999\" step=\"any\" \/>\r\n    \r\n    \r\n<\/div>\n<\/div>\n<div id=\"frm_field_150_container\" class=\"frm_form_field frm_section_heading form-field \">\r\n<h3 class=\"frm_pos_top frm_section_spacing\">V\u00eatements ASEY<\/h3>\r\n\r\n\r\n<div id=\"frm_field_151_container\" class=\"frm_form_field  frm_html_container form-field\"><a href=\"https:\/\/syv.ch\/wp-content\/uploads\/2020\/09\/Kleider_SYV-scaled.jpg\"><br \/>\n<img decoding=\"async\" src=\"http:\/\/syv.ch\/wp-content\/uploads\/2020\/09\/Kleider_SYV-scaled.jpg\" style=\"max-width:200px; height:auto\"><\/a><\/p>\n<p><\/p>\n<div><\/div>\n<\/div>\n<div id=\"frm_field_277_container\" class=\"frm_form_field  frm_html_container form-field\"><embed src=\"https:\/\/syv.ch\/wp-content\/uploads\/2021\/05\/20210519_Bilder_SYV_Kleidung.pdf\" width=\"500\" height=\"200\" \n type=\"application\/pdf\"\/><br \/>\n<embed src=\"https:\/\/syv.ch\/wp-content\/uploads\/2021\/05\/20210519_Tabelle_SYV_Kleider.pdf\" width=\"500\" height=\"175\" \n type=\"application\/pdf\"\/><\/p>\n<ul>\n<li>Les prix se trouvent dans le catalogue. Les frais d'envoi seront ajout\u00e9s.<\/li>\n<li>Commande simple (p.e. bonnet): Veuillez indiquer le couleur et le num\u00e9ro de commande ci-dessous.<\/li>\n<li>Commande plus complexe: Veuillez utiliser le document pdf ci-dessus et l'envoyer \u00e0 info@syv.ch.<\/li>\n<li>Livraison pendant un mois.<\/li>\n<li>Veuillez indiquer les demandes sp\u00e9ciales dans le commentaire.<\/li>\n<\/ul>\n<\/div>\n<div id=\"frm_field_275_container\" class=\"frm_form_field form-field  frm_top_container\">\r\n    <label for=\"field_l3zx7\" id=\"field_l3zx7_label\" class=\"frm_primary_label\">Num\u00e9ro de commande et couleur\r\n        <span class=\"frm_required\"><\/span>\r\n    <\/label>\r\n    <input  type=\"text\" id=\"field_l3zx7\" name=\"item_meta[275]\" value=\"\"  data-sectionid=\"150\"  style=\"width:20%\" data-invmsg=\"Text ist ung\u00fcltig\" class=\"auto_width\" aria-invalid=\"false\"   \/>\r\n    \r\n    \r\n<\/div>\n<div id=\"frm_field_152_container\" class=\"frm_form_field form-field  frm_top_container\">\r\n    <label for=\"field_pz44y2\" id=\"field_pz44y2_label\" class=\"frm_primary_label\">Quantit\u00e9\r\n        <span class=\"frm_required\"><\/span>\r\n    <\/label>\r\n    <input type=\"number\" id=\"field_pz44y2\" name=\"item_meta[152]\" value=\"0\" data-sectionid=\"150\"  style=\"width:100px\" data-frmval=\"0\" data-invmsg=\"Zahl ist ung\u00fcltig\" class=\"auto_width\" aria-invalid=\"false\"   min=\"0\" max=\"9999999\" step=\"any\" \/>\r\n    \r\n    \r\n<\/div>\n<\/div>\n<div id=\"frm_field_251_container\" class=\"frm_form_field frm_section_heading form-field \">\r\n<h3 class=\"frm_pos_top frm_section_spacing\">Autres produits de laine de yak<\/h3>\r\n\r\n\r\n<div id=\"frm_field_252_container\" class=\"frm_form_field  frm_html_container form-field\"><a href=\"http:\/\/www.mongolei-werkstatt.org\"><b>Produits de laine de yak de la Mongolie<\/b><\/a><br \/>\n<a href=\"http:\/\/www.khunu.com\"><b>Tricots de laine de yak tib\u00e9taine de production \u00e9quitable, confectionn\u00e9s en Italie, Chine, et RU<\/b><\/a><br \/>\n<a href=\"http:\/\/www.norlha.com\"><b>Tricots de laine de yak tib\u00e9taine de production nomade, co-production Etats-Unis et Tibet<\/b><\/a><br \/>\n<a href=\"http:\/\/www.kora.net\"><b>V\u00eatements de sport de yak tib\u00e9taine de production \u00e9quitable, confectionn\u00e9s aux Etats-Unis<\/b><\/a><br \/>\n<a href=\"http:\/\/www.shokay.com\"><b>V\u00eatements de cr\u00e9ateur de laine de yak tib\u00e9taine de production \u00e9quitable, confectionn\u00e9s en Taiwan et Chine<\/b><\/a><\/div>\n<div id=\"frm_field_253_container\" class=\"frm_form_field form-field  frm_top_container\">\r\n    <label for=\"field_2uhyk\" id=\"field_2uhyk_label\" class=\"frm_primary_label\">5 cartes postales avec des yaks, en couleur.<br\/>Prix: 5.00 sFr. + frais d\u2019envoi\r\n        <span class=\"frm_required\"><\/span>\r\n    <\/label>\r\n    <input type=\"number\" id=\"field_2uhyk\" name=\"item_meta[253]\" value=\"0\" data-sectionid=\"251\"  style=\"width:100px\" data-frmval=\"0\" data-invmsg=\"Zahl ist ung\u00fcltig\" class=\"auto_width\" aria-invalid=\"false\"   min=\"0\" max=\"9999999\" step=\"any\" \/>\r\n    \r\n    \r\n<\/div>\n<\/div>\n<div id=\"frm_field_162_container\" class=\"frm_form_field frm_section_heading form-field \">\r\n<h3 class=\"frm_pos_top frm_section_spacing\">Adresse<\/h3>\r\n\r\n\r\n<div id=\"frm_field_213_container\" class=\"frm_form_field  frm_html_container form-field\">\n<div class=\"frm_primary_label\">(<span class=\"frm_required\">*<\/span> = Champ obligatoire)<\/div>\n<\/div>\n<div id=\"frm_field_163_container\" class=\"frm_form_field form-field  frm_required_field frm_top_container\">\r\n    <label for=\"field_xujrg2\" id=\"field_xujrg2_label\" class=\"frm_primary_label\">Nom\r\n        <span class=\"frm_required\">*<\/span>\r\n    <\/label>\r\n    <input  type=\"text\" id=\"field_xujrg2\" name=\"item_meta[163]\" value=\"\"  data-sectionid=\"162\"  data-reqmsg=\"Dieses Feld darf nicht leer sein.\" aria-required=\"true\" data-invmsg=\"Text ist ung\u00fcltig\" aria-invalid=\"false\"   \/>\r\n    \r\n    \r\n<\/div>\n<div id=\"frm_field_164_container\" class=\"frm_form_field form-field  frm_required_field frm_top_container\">\r\n    <label for=\"field_vgqnz2\" id=\"field_vgqnz2_label\" class=\"frm_primary_label\">Pr\u00e9nom\r\n        <span class=\"frm_required\">*<\/span>\r\n    <\/label>\r\n    <input  type=\"text\" id=\"field_vgqnz2\" name=\"item_meta[164]\" value=\"\"  data-sectionid=\"162\"  data-reqmsg=\"Dieses Feld darf nicht leer sein.\" aria-required=\"true\" data-invmsg=\"Text ist ung\u00fcltig\" aria-invalid=\"false\"   \/>\r\n    \r\n    \r\n<\/div>\n<div id=\"frm_field_166_container\" class=\"frm_form_field form-field  frm_required_field frm_top_container\">\r\n    <label for=\"field_55zlb2\" id=\"field_55zlb2_label\" class=\"frm_primary_label\">Adresse\r\n        <span class=\"frm_required\">*<\/span>\r\n    <\/label>\r\n    <input  type=\"text\" id=\"field_55zlb2\" name=\"item_meta[166]\" value=\"\"  data-sectionid=\"162\"  data-reqmsg=\"Dieses Feld darf nicht leer sein.\" aria-required=\"true\" data-invmsg=\"Text ist ung\u00fcltig\" aria-invalid=\"false\"   \/>\r\n    \r\n    \r\n<\/div>\n<div id=\"frm_field_167_container\" class=\"frm_form_field form-field  frm_required_field frm_top_container\">\r\n    <label for=\"field_s1be82\" id=\"field_s1be82_label\" class=\"frm_primary_label\">CP\r\n        <span class=\"frm_required\">*<\/span>\r\n    <\/label>\r\n    <input  type=\"text\" id=\"field_s1be82\" name=\"item_meta[167]\" value=\"\"  data-sectionid=\"162\"  data-reqmsg=\"Dieses Feld darf nicht leer sein.\" aria-required=\"true\" data-invmsg=\"Text ist ung\u00fcltig\" aria-invalid=\"false\"   \/>\r\n    \r\n    \r\n<\/div>\n<div id=\"frm_field_168_container\" class=\"frm_form_field form-field  frm_required_field frm_top_container\">\r\n    <label for=\"field_1445t2\" id=\"field_1445t2_label\" class=\"frm_primary_label\">Lieu\r\n        <span class=\"frm_required\">*<\/span>\r\n    <\/label>\r\n    <input  type=\"text\" id=\"field_1445t2\" name=\"item_meta[168]\" value=\"\"  data-sectionid=\"162\"  data-reqmsg=\"Dieses Feld darf nicht leer sein.\" aria-required=\"true\" data-invmsg=\"Text ist ung\u00fcltig\" aria-invalid=\"false\"   \/>\r\n    \r\n    \r\n<\/div>\n<div id=\"frm_field_169_container\" class=\"frm_form_field form-field  frm_required_field frm_top_container\">\r\n    <label for=\"field_rgrfw2\" id=\"field_rgrfw2_label\" class=\"frm_primary_label\">T\u00e9l\u00e9phone\r\n        <span class=\"frm_required\">*<\/span>\r\n    <\/label>\r\n    <input  type=\"text\" id=\"field_rgrfw2\" name=\"item_meta[169]\" value=\"\"  data-sectionid=\"162\"  data-reqmsg=\"Dieses Feld darf nicht leer sein.\" aria-required=\"true\" data-invmsg=\"Text ist ung\u00fcltig\" aria-invalid=\"false\"   \/>\r\n    \r\n    \r\n<\/div>\n<div id=\"frm_field_170_container\" class=\"frm_form_field form-field  frm_required_field frm_top_container\">\r\n    <label for=\"field_d15m52\" id=\"field_d15m52_label\" class=\"frm_primary_label\">E-mail\r\n        <span class=\"frm_required\">*<\/span>\r\n    <\/label>\r\n    <input type=\"email\" id=\"field_d15m52\" name=\"item_meta[170]\" value=\"\"  data-sectionid=\"162\"  data-reqmsg=\"Dieses Feld darf nicht leer sein.\" aria-required=\"true\" data-invmsg=\"Text ist ung\u00fcltig\" aria-invalid=\"false\"  \/>\r\n    \r\n    \r\n<\/div>\n<div id=\"frm_field_172_container\" class=\"frm_form_field form-field  frm_top_container\">\r\n    <label for=\"field_58jx42\" id=\"field_58jx42_label\" class=\"frm_primary_label\">texte\r\n        <span class=\"frm_required\"><\/span>\r\n    <\/label>\r\n    <textarea name=\"item_meta[172]\" id=\"field_58jx42\" rows=\"5\"  data-sectionid=\"162\"  data-invmsg=\"Text ist ung\u00fcltig\" aria-invalid=\"false\"  ><\/textarea>\r\n    \r\n    \r\n<\/div>\n<\/div>\n<div id=\"frm_field_262_container\" class=\"frm_form_field form-field  frm_none_container\">\r\n    <label for=\"g-recaptcha-response\" id=\"field_kd1vc_label\" class=\"frm_primary_label\">Spam protection\r\n        <span class=\"frm_required\"><\/span>\r\n    <\/label>\r\n    <div  id=\"field_kd1vc\" class=\"frm-g-recaptcha\" data-sitekey=\"6LcVxaUZAAAAALlf9oZwT2XDbI5OCqRIKdZGZYde\" data-size=\"normal\" data-theme=\"light\"><\/div>\r\n    \r\n    \r\n<\/div>\n<div id=\"frm_field_309_container\" class=\"frm_form_field form-field \">\r\n\t<div class=\"frm_submit\">\r\n\r\n<button class=\"frm_button_submit frm_final_submit\" type=\"submit\"   formnovalidate=\"formnovalidate\">Envoyer<\/button>\r\n\r\n<\/div>\r\n<\/div>\n\t<input type=\"hidden\" name=\"item_key\" value=\"\" \/>\n\t\t\t<div id=\"frm_field_512_container\">\n\t\t\t<label for=\"field_ia8nh\" >\n\t\t\t\tSi vous \u00eates un humain, ne remplissez pas ce champ.\t\t\t<\/label>\n\t\t\t<input  id=\"field_ia8nh\" type=\"text\" class=\"frm_form_field form-field frm_verify\" name=\"item_meta[512]\" value=\"\"  \/>\n\t\t<\/div>\n\t\t<input name=\"frm_state\" type=\"hidden\" value=\"Lbf70GP4MMIMtSxIdzeZfCR8\/TTj8a+Kcy3MNlpDbh4hjA1cv3iGWQnTN\/SWFqE6\" \/><\/div>\n<\/fieldset>\n<\/div>\n\n<\/form>\n<\/div>\n\n","protected":false},"excerpt":{"rendered":"<p>SYV Shop<\/p>\n","protected":false},"author":1,"featured_media":0,"parent":0,"menu_order":0,"comment_status":"closed","ping_status":"closed","template":"","meta":{"footnotes":""},"class_list":["post-842","page","type-page","status-publish","hentry"],"_links":{"self":[{"href":"https:\/\/syv.ch\/fr\/wp-json\/wp\/v2\/pages\/842","targetHints":{"allow":["GET"]}}],"collection":[{"href":"https:\/\/syv.ch\/fr\/wp-json\/wp\/v2\/pages"}],"about":[{"href":"https:\/\/syv.ch\/fr\/wp-json\/wp\/v2\/types\/page"}],"author":[{"embeddable":true,"href":"https:\/\/syv.ch\/fr\/wp-json\/wp\/v2\/users\/1"}],"replies":[{"embeddable":true,"href":"https:\/\/syv.ch\/fr\/wp-json\/wp\/v2\/comments?post=842"}],"version-history":[{"count":2,"href":"https:\/\/syv.ch\/fr\/wp-json\/wp\/v2\/pages\/842\/revisions"}],"predecessor-version":[{"id":19494,"href":"https:\/\/syv.ch\/fr\/wp-json\/wp\/v2\/pages\/842\/revisions\/19494"}],"wp:attachment":[{"href":"https:\/\/syv.ch\/fr\/wp-json\/wp\/v2\/media?parent=842"}],"curies":[{"name":"wp","href":"https:\/\/api.w.org\/{rel}","templated":true}]}}