{"id":904,"date":"2019-02-20T12:57:51","date_gmt":"2019-02-20T12:57:51","guid":{"rendered":"https:\/\/syv.undefiniert.ch\/?page_id=904"},"modified":"2025-08-21T09:06:15","modified_gmt":"2025-08-21T07:06:15","slug":"but-d-elevage","status":"publish","type":"page","link":"https:\/\/syv.ch\/fr\/association\/but-d-elevage\/","title":{"rendered":"But d&rsquo;\u00e9levage"},"content":{"rendered":"\n<h3 class=\"wp-block-heading\">But d\u2019\u00e9levag<\/h3>\n\n\n\n<hr class=\"wp-block-separator has-alpha-channel-opacity\"\/>\n\n\n\n<div style=\"height:10px\" aria-hidden=\"true\" class=\"wp-block-spacer\"><\/div>\n\n\n\n<p><strong><strong>Elevage de yaks de race pure bas\u00e9 exclusivement sur du fourrage grossier et une d\u00e9tention en plein air<\/strong><\/strong><\/p>\n\n\n\n<ul class=\"wp-block-list\">\n<li>Bovin d\u2019utilit\u00e9 multiple pour la viande, le lait, la laine et le travail<\/li>\n\n\n\n<li>Au pied tr\u00e8s s\u00fbr, \u00e9galement en montagne<\/li>\n\n\n\n<li>Peu exigeant (fait une bonne utilisation d\u2019une alimentation pauvre)<\/li>\n\n\n\n<li>Robuste<\/li>\n\n\n\n<li>Fertile<\/li>\n\n\n\n<li>Facilit\u00e9 au v\u00ealage<\/li>\n\n\n\n<li>Bonnes qualit\u00e9s maternelles<\/li>\n\n\n\n<li>Long\u00e9vit\u00e9<\/li>\n\n\n\n<li>Douceur<\/li>\n\n\n\n<li>D\u00e9sireux de travailler et intelligent<\/li>\n\n\n\n<li>Onglons sains, petits et durs<\/li>\n\n\n\n<li>Beaux pelage et laine, typiques du yak<\/li>\n<\/ul>\n\n\n\n<p>Lors de l\u2019\u00e9valuation ext\u00e9rieure les crit\u00e8res de la race, le format, l\u2019assise et la musculature sont d\u00e9crits et \u00e9valu\u00e9s. Les valeurs apparaissent dans le livret des origines et des performances. De l\u2019importance est attach\u00e9e \u00e0 une bonne assise et une bonne musculature (mais il y a une d\u00e9valuation pour les b\u00eates grasses). Dans les crit\u00e8res de la race, un beau pelage et de belles, grandes cornes sont r\u00e9compens\u00e9es.<\/p>\n\n\n\n<p><strong><strong>Motifs d\u2019exclusion<\/strong><\/strong><\/p>\n\n\n\n<ul class=\"wp-block-list\">\n<li>Croisements.<\/li>\n\n\n\n<li>Coefficient de consanguinit\u00e9 sup\u00e9rieur \u00e0 6.5%.<\/li>\n\n\n\n<li>D\u00e9fauts g\u00e9n\u00e9tiques (\u00e0 indiquer lors de l\u2019annonce de naissance):\n<ul class=\"wp-block-list\">\n<li>m\u00e2choire inf\u00e9rieure trop courte<\/li>\n\n\n\n<li>arachnomelie<\/li>\n\n\n\n<li>Weaver<\/li>\n\n\n\n<li>d\u00e9my\u00e9linisation spinale<\/li>\n\n\n\n<li>atrophie musculaire spinale<\/li>\n<\/ul>\n<\/li>\n\n\n\n<li>Malformations:\n<ul class=\"wp-block-list\">\n<li>Stummelschwanz<\/li>\n\n\n\n<li>Nicht vollst\u00e4ndig ausgebildete Geschlechtsorgane<\/li>\n<\/ul>\n<\/li>\n<\/ul>\n\n\n\n<p><strong><strong>Fertilit\u00e9<\/strong><\/strong><\/p>\n\n\n\n<p>\u00c2ge au premier v\u00ealage: 36 mois<br>Intervalle entre deux v\u00ealages: 12 mois<\/p>\n\n\n\n<p>La formule veau, le nombre total de vaux et les descendants r\u00e9pertori\u00e9s individuellement figurent au livret des origines et des performances.<\/p>\n","protected":false},"excerpt":{"rendered":"<p>But d\u2019\u00e9levag Elevage de yaks de race pure bas\u00e9 exclusivement sur du fourrage grossier et une d\u00e9tention en plein air Lors de l\u2019\u00e9valuation ext\u00e9rieure les crit\u00e8res de la race, le format, l\u2019assise et la musculature sont d\u00e9crits et \u00e9valu\u00e9s. Les valeurs apparaissent dans le livret des origines et des performances. De l\u2019importance est attach\u00e9e \u00e0 [&hellip;]<\/p>\n","protected":false},"author":1,"featured_media":0,"parent":857,"menu_order":0,"comment_status":"closed","ping_status":"closed","template":"","meta":{"footnotes":""},"class_list":["post-904","page","type-page","status-publish","hentry"],"_links":{"self":[{"href":"https:\/\/syv.ch\/fr\/wp-json\/wp\/v2\/pages\/904","targetHints":{"allow":["GET"]}}],"collection":[{"href":"https:\/\/syv.ch\/fr\/wp-json\/wp\/v2\/pages"}],"about":[{"href":"https:\/\/syv.ch\/fr\/wp-json\/wp\/v2\/types\/page"}],"author":[{"embeddable":true,"href":"https:\/\/syv.ch\/fr\/wp-json\/wp\/v2\/users\/1"}],"replies":[{"embeddable":true,"href":"https:\/\/syv.ch\/fr\/wp-json\/wp\/v2\/comments?post=904"}],"version-history":[{"count":1,"href":"https:\/\/syv.ch\/fr\/wp-json\/wp\/v2\/pages\/904\/revisions"}],"predecessor-version":[{"id":19414,"href":"https:\/\/syv.ch\/fr\/wp-json\/wp\/v2\/pages\/904\/revisions\/19414"}],"up":[{"embeddable":true,"href":"https:\/\/syv.ch\/fr\/wp-json\/wp\/v2\/pages\/857"}],"wp:attachment":[{"href":"https:\/\/syv.ch\/fr\/wp-json\/wp\/v2\/media?parent=904"}],"curies":[{"name":"wp","href":"https:\/\/api.w.org\/{rel}","templated":true}]}}