{"id":908,"date":"2019-02-20T13:07:09","date_gmt":"2019-02-20T13:07:09","guid":{"rendered":"https:\/\/syv.undefiniert.ch\/?page_id=908"},"modified":"2025-08-20T17:51:47","modified_gmt":"2025-08-20T15:51:47","slug":"comite","status":"publish","type":"page","link":"https:\/\/syv.ch\/fr\/association\/comite\/","title":{"rendered":"Comit\u00e9 de direction"},"content":{"rendered":"\n<h3 class=\"wp-block-heading\">Comit\u00e9 de direction<\/h3>\n\n\n\n<hr class=\"wp-block-separator has-alpha-channel-opacity\"\/>\n\n\n\n<div style=\"height:10px\" aria-hidden=\"true\" class=\"wp-block-spacer\"><\/div>\n\n\n\n<div class=\"wp-block-columns is-layout-flex wp-container-core-columns-is-layout-9d6595d7 wp-block-columns-is-layout-flex\">\n<div class=\"wp-block-column is-layout-flow wp-block-column-is-layout-flow\"><div class=\"wp-block-image is-style-rounded\">\n<figure class=\"alignleft size-full is-resized\"><img decoding=\"async\" width=\"640\" height=\"640\" src=\"https:\/\/syv.ch\/wp-content\/uploads\/2025\/07\/urs-heinz.webp\" alt=\"\" class=\"wp-image-18721\" style=\"width:250px\" srcset=\"https:\/\/syv.ch\/wp-content\/uploads\/2025\/07\/urs-heinz.webp 640w, https:\/\/syv.ch\/wp-content\/uploads\/2025\/07\/urs-heinz-300x300.webp 300w, https:\/\/syv.ch\/wp-content\/uploads\/2025\/07\/urs-heinz-150x150.webp 150w, https:\/\/syv.ch\/wp-content\/uploads\/2025\/07\/urs-heinz-50x50.webp 50w, https:\/\/syv.ch\/wp-content\/uploads\/2025\/07\/urs-heinz-100x100.webp 100w, https:\/\/syv.ch\/wp-content\/uploads\/2025\/07\/urs-heinz-960x960.webp 960w\" sizes=\"(max-width: 640px) 100vw, 640px\" \/><\/figure>\n<\/div><\/div>\n\n\n\n<div class=\"wp-block-column is-layout-flow wp-block-column-is-layout-flow\">\n<h2 class=\"wp-block-heading\">Urs Heinz<\/h2>\n\n\n\n<p>Pr\u00e9sident, Contr\u00f4leur d\u2019\u00e9levage<br><br>St\u00fcckliweg 9<br>7434 Sufers<br><br>079 349 42 28<\/p>\n\n\n\n<div class=\"wp-block-buttons is-horizontal is-content-justification-left is-layout-flex wp-container-core-buttons-is-layout-7e5fce0a wp-block-buttons-is-layout-flex\">\n<div class=\"wp-block-button is-style-fill\"><a class=\"wp-block-button__link has-black-color has-white-background-color has-text-color has-background has-link-color wp-element-button\" href=\"mailto:hof-laidavons@hotmail.ch\" style=\"border-radius:8px\">Email<\/a><\/div>\n<\/div>\n<\/div>\n<\/div>\n\n\n\n<div class=\"wp-block-columns is-layout-flex wp-container-core-columns-is-layout-9d6595d7 wp-block-columns-is-layout-flex\">\n<div class=\"wp-block-column is-layout-flow wp-block-column-is-layout-flow\"><div class=\"wp-block-image is-style-rounded\">\n<figure class=\"alignleft size-full is-resized\"><img decoding=\"async\" width=\"200\" height=\"222\" src=\"https:\/\/syv.ch\/wp-content\/uploads\/2019\/02\/anke.jpg\" alt=\"\" class=\"wp-image-223\" style=\"object-fit:cover;width:250px;height:250px\" srcset=\"https:\/\/syv.ch\/wp-content\/uploads\/2019\/02\/anke.jpg 200w, https:\/\/syv.ch\/wp-content\/uploads\/2019\/02\/anke-100x111.jpg 100w, https:\/\/syv.ch\/wp-content\/uploads\/2019\/02\/anke-90x100.jpg 90w\" sizes=\"(max-width: 200px) 100vw, 200px\" \/><\/figure>\n<\/div><\/div>\n\n\n\n<div class=\"wp-block-column is-layout-flow wp-block-column-is-layout-flow\">\n<h2 class=\"wp-block-heading\">Anke Regli-Schorr<\/h2>\n\n\n\n<p>Secr\u00e9taire<br><br>Tr\u00f6gligasse 23<br>6490 Andermatt<br><br>079 549 40 13<\/p>\n\n\n\n<div class=\"wp-block-buttons is-layout-flex wp-block-buttons-is-layout-flex\">\n<div class=\"wp-block-button is-style-fill\"><a class=\"wp-block-button__link has-black-color has-white-background-color has-text-color has-background has-link-color wp-element-button\" href=\"mailto:anke.schorr@gmail.com\" style=\"border-radius:8px\">Email<\/a><\/div>\n<\/div>\n<\/div>\n<\/div>\n\n\n\n<div class=\"wp-block-columns is-layout-flex wp-container-core-columns-is-layout-9d6595d7 wp-block-columns-is-layout-flex\">\n<div class=\"wp-block-column is-layout-flow wp-block-column-is-layout-flow\"><div class=\"wp-block-image is-style-rounded\">\n<figure class=\"alignleft size-full is-resized\"><img decoding=\"async\" width=\"690\" height=\"538\" src=\"https:\/\/syv.ch\/wp-content\/uploads\/2024\/08\/20240831_TBD.jpg\" alt=\"\" class=\"wp-image-18351\" style=\"object-fit:cover;width:250px;height:250px\" srcset=\"https:\/\/syv.ch\/wp-content\/uploads\/2024\/08\/20240831_TBD.jpg 690w, https:\/\/syv.ch\/wp-content\/uploads\/2024\/08\/20240831_TBD-300x234.jpg 300w, https:\/\/syv.ch\/wp-content\/uploads\/2024\/08\/20240831_TBD-50x39.jpg 50w, https:\/\/syv.ch\/wp-content\/uploads\/2024\/08\/20240831_TBD-64x50.jpg 64w, https:\/\/syv.ch\/wp-content\/uploads\/2024\/08\/20240831_TBD-100x78.jpg 100w, https:\/\/syv.ch\/wp-content\/uploads\/2024\/08\/20240831_TBD-128x100.jpg 128w, https:\/\/syv.ch\/wp-content\/uploads\/2024\/08\/20240831_TBD-640x499.jpg 640w\" sizes=\"(max-width: 690px) 100vw, 690px\" \/><\/figure>\n<\/div><\/div>\n\n\n\n<div class=\"wp-block-column is-layout-flow wp-block-column-is-layout-flow\">\n<h2 class=\"wp-block-heading\">Monika M\u00fcller<\/h2>\n\n\n\n<p>Caissier<br><br>Bohnern 1<br>6147 Altb\u00fcron<br><br>079 258 19 71<\/p>\n\n\n\n<div class=\"wp-block-buttons is-layout-flex wp-block-buttons-is-layout-flex\">\n<div class=\"wp-block-button is-style-fill\"><a class=\"wp-block-button__link has-black-color has-white-background-color has-text-color has-background has-link-color wp-element-button\" href=\"mailto:huwegere@bluewin.ch\" style=\"border-radius:8px\">Email<\/a><\/div>\n<\/div>\n<\/div>\n<\/div>\n\n\n\n<div class=\"wp-block-columns is-layout-flex wp-container-core-columns-is-layout-9d6595d7 wp-block-columns-is-layout-flex\">\n<div class=\"wp-block-column is-layout-flow wp-block-column-is-layout-flow\"><div class=\"wp-block-image is-style-rounded\">\n<figure class=\"alignleft size-full is-resized\"><img decoding=\"async\" width=\"200\" height=\"218\" src=\"https:\/\/syv.ch\/wp-content\/uploads\/2019\/02\/regina-1.jpg\" alt=\"\" class=\"wp-image-538\" style=\"object-fit:cover;width:250px;height:250px\" srcset=\"https:\/\/syv.ch\/wp-content\/uploads\/2019\/02\/regina-1.jpg 200w, https:\/\/syv.ch\/wp-content\/uploads\/2019\/02\/regina-1-100x109.jpg 100w, https:\/\/syv.ch\/wp-content\/uploads\/2019\/02\/regina-1-92x100.jpg 92w\" sizes=\"(max-width: 200px) 100vw, 200px\" \/><\/figure>\n<\/div><\/div>\n\n\n\n<div class=\"wp-block-column is-layout-flow wp-block-column-is-layout-flow\">\n<h2 class=\"wp-block-heading\">Gwerder Regina<\/h2>\n\n\n\n<p>Experte, membre du comit\u00e9<br><br>Bergi<br>7213 Valzeina GR<br><br>081 325 12 45<\/p>\n\n\n\n<div class=\"wp-block-buttons is-layout-flex wp-block-buttons-is-layout-flex\">\n<div class=\"wp-block-button is-style-fill\"><a class=\"wp-block-button__link has-black-color has-white-background-color has-text-color has-background has-link-color wp-element-button\" href=\"mailto:fam_gwerder@hotmail.com\" style=\"border-radius:8px\">Email<\/a><\/div>\n<\/div>\n<\/div>\n<\/div>\n\n\n\n<div class=\"wp-block-columns is-layout-flex wp-container-core-columns-is-layout-9d6595d7 wp-block-columns-is-layout-flex\">\n<div class=\"wp-block-column is-layout-flow wp-block-column-is-layout-flow\"><div class=\"wp-block-image is-style-rounded\">\n<figure class=\"alignleft size-full is-resized\"><img decoding=\"async\" width=\"707\" height=\"530\" src=\"https:\/\/syv.ch\/wp-content\/uploads\/2019\/08\/angelika.jpg\" alt=\"\" class=\"wp-image-2452\" style=\"object-fit:cover;width:250px;height:250px\" srcset=\"https:\/\/syv.ch\/wp-content\/uploads\/2019\/08\/angelika.jpg 707w, https:\/\/syv.ch\/wp-content\/uploads\/2019\/08\/angelika-300x225.jpg 300w, https:\/\/syv.ch\/wp-content\/uploads\/2019\/08\/angelika-100x75.jpg 100w, https:\/\/syv.ch\/wp-content\/uploads\/2019\/08\/angelika-133x100.jpg 133w, https:\/\/syv.ch\/wp-content\/uploads\/2019\/08\/angelika-640x480.jpg 640w, https:\/\/syv.ch\/wp-content\/uploads\/2019\/08\/angelika-1024x768.jpg 1024w\" sizes=\"(max-width: 707px) 100vw, 707px\" \/><\/figure>\n<\/div><\/div>\n\n\n\n<div class=\"wp-block-column is-layout-flow wp-block-column-is-layout-flow\">\n<h2 class=\"wp-block-heading\">Angelika Bandli<\/h2>\n\n\n\n<p>Vice-Pr\u00e9sident<\/p>\n\n\n\n<p><br>Talstrasse 21<br>7107 Safien-Platz<br><br>081 647 12 05<\/p>\n\n\n\n<div class=\"wp-block-buttons is-layout-flex wp-block-buttons-is-layout-flex\">\n<div class=\"wp-block-button is-style-fill\"><a class=\"wp-block-button__link has-black-color has-white-background-color has-text-color has-background has-link-color wp-element-button\" href=\"mailto:info@bandli.ch\" style=\"border-radius:8px\">Email<\/a><\/div>\n<\/div>\n<\/div>\n<\/div>\n\n\n\n<div class=\"wp-block-columns is-layout-flex wp-container-core-columns-is-layout-9d6595d7 wp-block-columns-is-layout-flex\">\n<div class=\"wp-block-column is-layout-flow wp-block-column-is-layout-flow\"><div class=\"wp-block-image is-style-rounded\">\n<figure class=\"alignleft size-full is-resized\"><img decoding=\"async\" width=\"300\" height=\"225\" src=\"https:\/\/syv.ch\/wp-content\/uploads\/2019\/06\/s_Loesgen-1.jpg\" alt=\"\" class=\"wp-image-2279\" style=\"object-fit:cover;width:250px;height:250px\" srcset=\"https:\/\/syv.ch\/wp-content\/uploads\/2019\/06\/s_Loesgen-1.jpg 300w, https:\/\/syv.ch\/wp-content\/uploads\/2019\/06\/s_Loesgen-1-100x75.jpg 100w, https:\/\/syv.ch\/wp-content\/uploads\/2019\/06\/s_Loesgen-1-133x100.jpg 133w, https:\/\/syv.ch\/wp-content\/uploads\/2019\/06\/s_Loesgen-1-1024x768.jpg 1024w\" sizes=\"(max-width: 300px) 100vw, 300px\" \/><\/figure>\n<\/div><\/div>\n\n\n\n<div class=\"wp-block-column is-layout-flow wp-block-column-is-layout-flow\">\n<h2 class=\"wp-block-heading\">Sabine Loesgen (extern ZVSNR)<\/h2>\n\n\n\n<p>Comptable du cheptel<br><br>Holzmattenstrasse 267<br>5313 Klingnau<br><br>056 441 24 65<\/p>\n\n\n\n<div class=\"wp-block-buttons is-layout-flex wp-block-buttons-is-layout-flex\">\n<div class=\"wp-block-button is-style-fill\"><a class=\"wp-block-button__link has-black-color has-white-background-color has-text-color has-background has-link-color wp-element-button\" href=\"mailto:herdebuch@syv.ch\" style=\"border-radius:8px\">Email<\/a><\/div>\n<\/div>\n<\/div>\n<\/div>\n","protected":false},"excerpt":{"rendered":"<p>Comit\u00e9 de direction Urs Heinz Pr\u00e9sident, Contr\u00f4leur d\u2019\u00e9levage St\u00fcckliweg 97434 Sufers 079 349 42 28 Anke Regli-Schorr Secr\u00e9taire Tr\u00f6gligasse 236490 Andermatt 079 549 40 13 Monika M\u00fcller Caissier Bohnern 16147 Altb\u00fcron 079 258 19 71 Gwerder Regina Experte, membre du comit\u00e9 Bergi7213 Valzeina GR 081 325 12 45 Angelika Bandli Vice-Pr\u00e9sident Talstrasse 217107 Safien-Platz 081 [&hellip;]<\/p>\n","protected":false},"author":1,"featured_media":0,"parent":857,"menu_order":0,"comment_status":"closed","ping_status":"closed","template":"","meta":{"footnotes":""},"class_list":["post-908","page","type-page","status-publish","hentry"],"_links":{"self":[{"href":"https:\/\/syv.ch\/fr\/wp-json\/wp\/v2\/pages\/908","targetHints":{"allow":["GET"]}}],"collection":[{"href":"https:\/\/syv.ch\/fr\/wp-json\/wp\/v2\/pages"}],"about":[{"href":"https:\/\/syv.ch\/fr\/wp-json\/wp\/v2\/types\/page"}],"author":[{"embeddable":true,"href":"https:\/\/syv.ch\/fr\/wp-json\/wp\/v2\/users\/1"}],"replies":[{"embeddable":true,"href":"https:\/\/syv.ch\/fr\/wp-json\/wp\/v2\/comments?post=908"}],"version-history":[{"count":12,"href":"https:\/\/syv.ch\/fr\/wp-json\/wp\/v2\/pages\/908\/revisions"}],"predecessor-version":[{"id":19372,"href":"https:\/\/syv.ch\/fr\/wp-json\/wp\/v2\/pages\/908\/revisions\/19372"}],"up":[{"embeddable":true,"href":"https:\/\/syv.ch\/fr\/wp-json\/wp\/v2\/pages\/857"}],"wp:attachment":[{"href":"https:\/\/syv.ch\/fr\/wp-json\/wp\/v2\/media?parent=908"}],"curies":[{"name":"wp","href":"https:\/\/api.w.org\/{rel}","templated":true}]}}